{"id":55266,"date":"2024-10-20T22:36:28","date_gmt":"2024-10-20T20:36:28","guid":{"rendered":"https:\/\/lifee.hu\/teszt\/?post_type=product&#038;p=55266"},"modified":"2025-02-07T10:02:52","modified_gmt":"2025-02-07T09:02:52","slug":"boska-monaco-sajtkesszett","status":"publish","type":"product","link":"https:\/\/lifee.hu\/teszt\/termek\/boska-monaco-sajtkesszett\/","title":{"rendered":"BOSKA Monaco+ sajtk\u00e9sszett"},"content":{"rendered":"<p>Anyag: rozsdamentes ac\u00e9l<br \/>\nSz\u00edn: ez\u00fcst<br \/>\nGarancia: 10 \u00e9v<br \/>\nTerm\u00e9k m\u00e9rete: 260x30x10 mm<br \/>\nM\u00e9ret csomagol\u00e1sban: 280x190x30 mm<br \/>\nA sajtk\u00e9sek mosogat\u00f3g\u00e9pben moshat\u00f3k.<\/p>\n","protected":false},"excerpt":{"rendered":"<p style=\"text-align: justify;\">A BOSKA Monaco+ sajtk\u00e9sk\u00e9szlet\u00e9vel, mely nemr\u00e9giben m\u00e9lt\u00e1n nyerte el a jelent\u0151s Red Dot diz\u00e1jnd\u00edjat, profikhoz m\u00e9lt\u00f3 m\u00f3don t\u00e1lalhatod a k\u00fcl\u00f6nf\u00e9le sajtokat a vend\u00e9gseregnek. Ak\u00e1rmilyen t\u00edpus\u00fa sajttal k\u00e9nyeztetn\u00e9d a csal\u00e1dodat vagy a bar\u00e1taidat \u2013 l\u00e1gy camembert-rel, fet\u00e1val, f\u00e9lkem\u00e9ny goud\u00e1val, edamival vagy kem\u00e9ny cheddarral, parmez\u00e1nnal \u2013, ebben a k\u00e9sszettben mindegyikhez megtal\u00e1lod a megfelel\u0151t. A min\u0151s\u00e9gi anyaghaszn\u00e1lat, a gondos tervez\u00e9s \u00e9s a t\u00f6k\u00e9letes kivitelez\u00e9s h\u00e1rmasa garant\u00e1lja a mindig kifog\u00e1stalan, gusztusos \u00e9s eszt\u00e9tikus v\u00e9geredm\u00e9nyt, azaz a hib\u00e1tlan sajtszeleteket \u00e9s -darabokat. Rendeld meg otthonra, vagy lepd meg vele egy sajtfanatikus szerettedet!<\/p>\n","protected":false},"featured_media":55277,"comment_status":"open","ping_status":"closed","template":"","meta":{"_acf_changed":false,"inline_featured_image":false},"product_cat":[33],"product_tag":[73,184,311],"class_list":{"0":"post-55266","1":"product","2":"type-product","3":"status-publish","4":"has-post-thumbnail","6":"product_cat-sajtkes","7":"product_tag-boska","8":"product_tag-monaco","9":"product_tag-sajtkes","10":"pa_marka-boska","12":"first","13":"instock","14":"taxable","15":"shipping-taxable","16":"purchasable","17":"product-type-simple"},"acf":[],"_links":{"self":[{"href":"https:\/\/lifee.hu\/teszt\/wp-json\/wp\/v2\/product\/55266","targetHints":{"allow":["GET"]}}],"collection":[{"href":"https:\/\/lifee.hu\/teszt\/wp-json\/wp\/v2\/product"}],"about":[{"href":"https:\/\/lifee.hu\/teszt\/wp-json\/wp\/v2\/types\/product"}],"replies":[{"embeddable":true,"href":"https:\/\/lifee.hu\/teszt\/wp-json\/wp\/v2\/comments?post=55266"}],"wp:featuredmedia":[{"embeddable":true,"href":"https:\/\/lifee.hu\/teszt\/wp-json\/wp\/v2\/media\/55277"}],"wp:attachment":[{"href":"https:\/\/lifee.hu\/teszt\/wp-json\/wp\/v2\/media?parent=55266"}],"wp:term":[{"taxonomy":"product_cat","embeddable":true,"href":"https:\/\/lifee.hu\/teszt\/wp-json\/wp\/v2\/product_cat?post=55266"},{"taxonomy":"product_tag","embeddable":true,"href":"https:\/\/lifee.hu\/teszt\/wp-json\/wp\/v2\/product_tag?post=55266"}],"curies":[{"name":"wp","href":"https:\/\/api.w.org\/{rel}","templated":true}]}}