{"id":55199,"date":"2024-10-20T22:10:55","date_gmt":"2024-10-20T20:10:55","guid":{"rendered":"https:\/\/lifee.hu\/teszt\/?post_type=product&#038;p=55199"},"modified":"2024-11-27T10:55:56","modified_gmt":"2024-11-27T09:55:56","slug":"boska-milano-sajtszeletelo-lagy-sajthoz","status":"publish","type":"product","link":"https:\/\/lifee.hu\/teszt\/termek\/boska-milano-sajtszeletelo-lagy-sajthoz\/","title":{"rendered":"BOSKA Milano+ sajtszeletel\u0151 l\u00e1gy sajthoz"},"content":{"rendered":"<p>Anyag: rozsdamentes ac\u00e9l, m\u0171anyag<br \/>\nGarancia: 10 \u00e9v<br \/>\nTerm\u00e9k m\u00e9rete: 178x76x13 mm<br \/>\nM\u00e9ret csomagol\u00e1sban: 289x84x8 mm<br \/>\nA sajtszeletel\u0151 mosogat\u00f3g\u00e9pben moshat\u00f3.<\/p>\n","protected":false},"excerpt":{"rendered":"<p style=\"text-align: justify;\">Ha kimondottan l\u00e1gy sajthoz keresel szeletel\u0151t, nyugodt sz\u00edvvel v\u00e1laszthatod a BOSKA Milano+ modellj\u00e9t, mert ez a k\u00e9zre es\u0151, praktikus konyhai eszk\u00f6z nemcsak haszn\u00e1lat k\u00f6zben lesz hasznodra, de az anyaghaszn\u00e1lat\u00e1nak k\u00f6sz\u00f6nhet\u0151en a tiszt\u00edt\u00e1s\u00e1val sem kell k\u00fcl\u00f6n\u00f6sebben bajl\u00f3dnod, hiszen b\u00e1tran beteheted a mosogat\u00f3g\u00e9pbe. A l\u00e1gy sajt szeletel\u00e9se gyerekj\u00e1t\u00e9k vele, amit a r\u00f6vid, fogazott \u00e9l tesz lehet\u0151v\u00e9, elker\u00fclve ezzel, hogy a sajtszelet letapadjon \u00e9s a f\u00e9mre kunkorodjon. Add le a rendel\u00e9sedet n\u00e9h\u00e1ny egyszer\u0171 l\u00e9p\u00e9sben!<\/p>\n","protected":false},"featured_media":55208,"comment_status":"open","ping_status":"closed","template":"","meta":{"_acf_changed":false,"inline_featured_image":false},"product_cat":[62],"product_tag":[],"class_list":{"0":"post-55199","1":"product","2":"type-product","3":"status-publish","4":"has-post-thumbnail","6":"product_cat-sajtimadoknak","7":"pa_marka-boska","9":"first","10":"instock","11":"taxable","12":"shipping-taxable","13":"purchasable","14":"product-type-simple"},"acf":[],"_links":{"self":[{"href":"https:\/\/lifee.hu\/teszt\/wp-json\/wp\/v2\/product\/55199","targetHints":{"allow":["GET"]}}],"collection":[{"href":"https:\/\/lifee.hu\/teszt\/wp-json\/wp\/v2\/product"}],"about":[{"href":"https:\/\/lifee.hu\/teszt\/wp-json\/wp\/v2\/types\/product"}],"replies":[{"embeddable":true,"href":"https:\/\/lifee.hu\/teszt\/wp-json\/wp\/v2\/comments?post=55199"}],"wp:featuredmedia":[{"embeddable":true,"href":"https:\/\/lifee.hu\/teszt\/wp-json\/wp\/v2\/media\/55208"}],"wp:attachment":[{"href":"https:\/\/lifee.hu\/teszt\/wp-json\/wp\/v2\/media?parent=55199"}],"wp:term":[{"taxonomy":"product_cat","embeddable":true,"href":"https:\/\/lifee.hu\/teszt\/wp-json\/wp\/v2\/product_cat?post=55199"},{"taxonomy":"product_tag","embeddable":true,"href":"https:\/\/lifee.hu\/teszt\/wp-json\/wp\/v2\/product_tag?post=55199"}],"curies":[{"name":"wp","href":"https:\/\/api.w.org\/{rel}","templated":true}]}}