{"id":55169,"date":"2024-10-20T21:55:16","date_gmt":"2024-10-20T19:55:16","guid":{"rendered":"https:\/\/lifee.hu\/teszt\/?post_type=product&#038;p=55169"},"modified":"2025-02-10T19:28:01","modified_gmt":"2025-02-10T18:28:01","slug":"boska-amigo-sajtszeletelo-lagy-sajthoz","status":"publish","type":"product","link":"https:\/\/lifee.hu\/teszt\/termek\/boska-amigo-sajtszeletelo-lagy-sajthoz\/","title":{"rendered":"BOSKA Amigo sajtszeletel\u0151 l\u00e1gy sajthoz"},"content":{"rendered":"<p>Anyag: rozsdamentes ac\u00e9l, b\u00fckkfa<br \/>\nSz\u00edn: ez\u00fcst, fekete<br \/>\nGarancia: \u00e9letre sz\u00f3l\u00f3<br \/>\nTerm\u00e9k m\u00e9rete: 15 x 71 x 175 mm<br \/>\nM\u00e9ret csomagol\u00e1sban: 11 x 92 x 290 mm<br \/>\nA sajtszeletel\u0151 csak k\u00e9zzel moshat\u00f3.<\/p>\n","protected":false},"excerpt":{"rendered":"<p style=\"text-align: justify;\">A praktikus \u00e9s eszt\u00e9tikus term\u00e9keir\u0151l ismert BOSKA a l\u00e1gy sajtok egyszer\u0171 szeletel\u00e9s\u00e9hez alkotta meg az Amigo term\u00e9kcsal\u00e1d ezen darabj\u00e1t. A magas min\u0151s\u00e9g\u0171 rozsdamentes ac\u00e9lb\u00f3l k\u00e9sz\u00fclt term\u00e9k rusztikus fanyele abszol\u00fat k\u00e9zre esik, a tapad\u00e1smentes, kis m\u00e9ret\u0171 f\u00e9mfel\u00fcletre pedig nem ragad r\u00e1 a v\u00e9konyra szelt, l\u00e1gy \u00e1llag\u00fa finoms\u00e1g. Ha te is megb\u00edzhat\u00f3 \u00e9s hossz\u00fa \u00e9lettartam\u00fa \u2013 ak\u00e1r \u00e9letre sz\u00f3l\u00f3 \u2013 eszk\u00f6z\u00f6kkel szeretsz tev\u00e9kenykedni a konyh\u00e1ban, mindenk\u00e9pp rendeld meg webshopunkb\u00f3l ezt a min\u0151s\u00e9gi sajtszeletel\u0151t!<\/p>\n","protected":false},"featured_media":55181,"comment_status":"open","ping_status":"closed","template":"","meta":{"_acf_changed":false,"inline_featured_image":false},"product_cat":[62],"product_tag":[73,75,182],"class_list":{"0":"post-55169","1":"product","2":"type-product","3":"status-publish","4":"has-post-thumbnail","6":"product_cat-sajtimadoknak","7":"product_tag-boska","8":"product_tag-sajt","9":"product_tag-sajtszeletelo","10":"pa_marka-boska","12":"first","13":"instock","14":"taxable","15":"shipping-taxable","16":"purchasable","17":"product-type-simple"},"acf":[],"_links":{"self":[{"href":"https:\/\/lifee.hu\/teszt\/wp-json\/wp\/v2\/product\/55169","targetHints":{"allow":["GET"]}}],"collection":[{"href":"https:\/\/lifee.hu\/teszt\/wp-json\/wp\/v2\/product"}],"about":[{"href":"https:\/\/lifee.hu\/teszt\/wp-json\/wp\/v2\/types\/product"}],"replies":[{"embeddable":true,"href":"https:\/\/lifee.hu\/teszt\/wp-json\/wp\/v2\/comments?post=55169"}],"wp:featuredmedia":[{"embeddable":true,"href":"https:\/\/lifee.hu\/teszt\/wp-json\/wp\/v2\/media\/55181"}],"wp:attachment":[{"href":"https:\/\/lifee.hu\/teszt\/wp-json\/wp\/v2\/media?parent=55169"}],"wp:term":[{"taxonomy":"product_cat","embeddable":true,"href":"https:\/\/lifee.hu\/teszt\/wp-json\/wp\/v2\/product_cat?post=55169"},{"taxonomy":"product_tag","embeddable":true,"href":"https:\/\/lifee.hu\/teszt\/wp-json\/wp\/v2\/product_tag?post=55169"}],"curies":[{"name":"wp","href":"https:\/\/api.w.org\/{rel}","templated":true}]}}