{"id":54670,"date":"2024-10-20T09:58:31","date_gmt":"2024-10-20T07:58:31","guid":{"rendered":"https:\/\/lifee.hu\/teszt\/?post_type=product&#038;p=54670"},"modified":"2024-11-27T10:55:56","modified_gmt":"2024-11-27T09:55:56","slug":"boska-amigo-sajtgyalu","status":"publish","type":"product","link":"https:\/\/lifee.hu\/teszt\/termek\/boska-amigo-sajtgyalu\/","title":{"rendered":"BOSKA Amigo sajtgyalu"},"content":{"rendered":"<p>Anyag: rozsdamentes ac\u00e9l, fa<br \/>\nGarancia: 10 \u00e9v<br \/>\nTerm\u00e9k m\u00e9rete: 223 x 218 x 143 mm<br \/>\nM\u00e9ret (doboz): 242 x 229 x 58 mm<br \/>\nA sajtgyalu k\u00e9zzel moshat\u00f3.<\/p>\n","protected":false},"excerpt":{"rendered":"<p style=\"text-align: justify;\">A sajtgyalu a kifinomult hobbiszak\u00e1csok egyik kedvenc konyhai eszk\u00f6ze, amellyel t\u00f6k\u00e9letess\u00e9 tehetnek b\u00e1rmilyen fog\u00e1st az egyszer\u0171 sal\u00e1t\u00e1kt\u00f3l a komolyabb \u00e9telkre\u00e1ci\u00f3kig. Az egyszer\u0171, m\u00e9gis elm\u00e9s kis szerkezet ugyanakkor nemcsak a T\u00eate de Moine sajthoz ide\u00e1lis, hanem ak\u00e1r csokol\u00e1d\u00e9 is gyalulhat\u00f3 vele a mennyei \u00e9dess\u00e9gek szemet gy\u00f6ny\u00f6rk\u00f6dtet\u0151 d\u00edsz\u00edt\u00e9s\u00e9hez. Ha te is szeretsz s\u00fctni-f\u0151zni, \u00e9s k\u00fcl\u00f6nlegess\u00e9gekkel kedveskedni a csal\u00e1dodnak, bar\u00e1taidnak, vagy egyszer\u0171en csak vinn\u00e9l egy izgalmas csavart a h\u00e9tk\u00f6znapi \u00e9tkez\u00e9sbe, akkor mindenk\u00e9pp szerezd be a BOSKA min\u0151s\u00e9gi Amigo sajtgyaluj\u00e1t!<\/p>\n","protected":false},"featured_media":54692,"comment_status":"open","ping_status":"closed","template":"","meta":{"_acf_changed":false,"inline_featured_image":false},"product_cat":[62],"product_tag":[313,73,75,315],"class_list":{"0":"post-54670","1":"product","2":"type-product","3":"status-publish","4":"has-post-thumbnail","6":"product_cat-sajtimadoknak","7":"product_tag-amigo","8":"product_tag-boska","9":"product_tag-sajt","10":"product_tag-sajtgyalu","11":"pa_marka-boska","13":"first","14":"instock","15":"taxable","16":"shipping-taxable","17":"purchasable","18":"product-type-simple"},"acf":[],"_links":{"self":[{"href":"https:\/\/lifee.hu\/teszt\/wp-json\/wp\/v2\/product\/54670","targetHints":{"allow":["GET"]}}],"collection":[{"href":"https:\/\/lifee.hu\/teszt\/wp-json\/wp\/v2\/product"}],"about":[{"href":"https:\/\/lifee.hu\/teszt\/wp-json\/wp\/v2\/types\/product"}],"replies":[{"embeddable":true,"href":"https:\/\/lifee.hu\/teszt\/wp-json\/wp\/v2\/comments?post=54670"}],"wp:featuredmedia":[{"embeddable":true,"href":"https:\/\/lifee.hu\/teszt\/wp-json\/wp\/v2\/media\/54692"}],"wp:attachment":[{"href":"https:\/\/lifee.hu\/teszt\/wp-json\/wp\/v2\/media?parent=54670"}],"wp:term":[{"taxonomy":"product_cat","embeddable":true,"href":"https:\/\/lifee.hu\/teszt\/wp-json\/wp\/v2\/product_cat?post=54670"},{"taxonomy":"product_tag","embeddable":true,"href":"https:\/\/lifee.hu\/teszt\/wp-json\/wp\/v2\/product_tag?post=54670"}],"curies":[{"name":"wp","href":"https:\/\/api.w.org\/{rel}","templated":true}]}}