{"id":54626,"date":"2024-10-20T09:29:13","date_gmt":"2024-10-20T07:29:13","guid":{"rendered":"https:\/\/lifee.hu\/teszt\/?post_type=product&#038;p=54626"},"modified":"2024-11-27T10:55:56","modified_gmt":"2024-11-27T09:55:56","slug":"boska-oslo-sajtkesszett-kicsi","status":"publish","type":"product","link":"https:\/\/lifee.hu\/teszt\/termek\/boska-oslo-sajtkesszett-kicsi\/","title":{"rendered":"BOSKA Oslo+ sajtk\u00e9sszett, kicsi"},"content":{"rendered":"<p>Anyag: rozsdamentes ac\u00e9l, t\u00f6lgyfa<br \/>\nGarancia: \u00e9letre sz\u00f3l\u00f3<br \/>\nTerm\u00e9k m\u00e9rete: 172 x 20 x 15 mm<br \/>\nM\u00e9ret csomagol\u00e1sban: 185 x 185 x 25 mm<br \/>\nA sajtk\u00e9sek csak k\u00e9zzel moshat\u00f3k a fany\u00e9l miatt.<\/p>\n","protected":false},"excerpt":{"rendered":"<p style=\"text-align: justify;\">A BOSKA Oslo+ st\u00edlusos k\u00e9szlet\u00e9ben minden sajtt\u00edpushoz \u2013 l\u00e1gy, f\u00e9lkem\u00e9ny \u00e9s kem\u00e9ny \u2013 megtal\u00e1lod a t\u00f6k\u00e9letes darabot. Tal\u00e1lsz k\u00f6zt\u00fck extrav\u00e9kony peng\u00e9j\u0171t, lyukacsosat, ken\u00e9sre alkalmasat \u00e9s hagyom\u00e1nyosat \u2013 a l\u00e9nyeg, hogy b\u00e1rmilyen sajt ker\u00fcl \u00e9ppen az asztalra egy csal\u00e1di vacsor\u00e1n vagy bar\u00e1ti \u00f6sszej\u00f6vetelen, ha k\u00e9zn\u00e9l van az Oslo+ k\u00e9sszett, akkor minden sajt \u00edzl\u00e9sesen ker\u00fcl szerv\u00edroz\u00e1sra. Az \u00f6tdarabos szett minden k\u00e9se rozsdamentes ac\u00e9lb\u00f3l \u00e9s t\u00f6lgyf\u00e1b\u00f3l k\u00e9sz\u00fclt, a peng\u00e9k mutat\u00f3s \u00e9s praktikus mint\u00e1zat\u00e1b\u00f3l ad\u00f3d\u00f3an pedig egyikre sem tapad r\u00e1 a sajt. Sajtim\u00e1d\u00f3k\u00e9nt minek b\u00edbel\u0151dn\u00e9l azzal, hogy egyes\u00e9vel szerezd be a speci\u00e1lis k\u00e9seket? Egyszer\u0171en rendeld meg szettben!<\/p>\n","protected":false},"featured_media":54639,"comment_status":"open","ping_status":"closed","template":"","meta":{"_acf_changed":false,"inline_featured_image":false},"product_cat":[33],"product_tag":[73,75,311],"class_list":{"0":"post-54626","1":"product","2":"type-product","3":"status-publish","4":"has-post-thumbnail","6":"product_cat-sajtkes","7":"product_tag-boska","8":"product_tag-sajt","9":"product_tag-sajtkes","10":"pa_marka-boska","12":"first","13":"instock","14":"taxable","15":"shipping-taxable","16":"purchasable","17":"product-type-simple"},"acf":[],"_links":{"self":[{"href":"https:\/\/lifee.hu\/teszt\/wp-json\/wp\/v2\/product\/54626","targetHints":{"allow":["GET"]}}],"collection":[{"href":"https:\/\/lifee.hu\/teszt\/wp-json\/wp\/v2\/product"}],"about":[{"href":"https:\/\/lifee.hu\/teszt\/wp-json\/wp\/v2\/types\/product"}],"replies":[{"embeddable":true,"href":"https:\/\/lifee.hu\/teszt\/wp-json\/wp\/v2\/comments?post=54626"}],"wp:featuredmedia":[{"embeddable":true,"href":"https:\/\/lifee.hu\/teszt\/wp-json\/wp\/v2\/media\/54639"}],"wp:attachment":[{"href":"https:\/\/lifee.hu\/teszt\/wp-json\/wp\/v2\/media?parent=54626"}],"wp:term":[{"taxonomy":"product_cat","embeddable":true,"href":"https:\/\/lifee.hu\/teszt\/wp-json\/wp\/v2\/product_cat?post=54626"},{"taxonomy":"product_tag","embeddable":true,"href":"https:\/\/lifee.hu\/teszt\/wp-json\/wp\/v2\/product_tag?post=54626"}],"curies":[{"name":"wp","href":"https:\/\/api.w.org\/{rel}","templated":true}]}}