{"id":54304,"date":"2024-10-19T22:28:22","date_gmt":"2024-10-19T20:28:22","guid":{"rendered":"https:\/\/lifee.hu\/teszt\/?post_type=product&#038;p=54304"},"modified":"2024-11-27T10:55:57","modified_gmt":"2024-11-27T09:55:57","slug":"boska-monaco-no-3-sajtkes-lagy-sajthoz","status":"publish","type":"product","link":"https:\/\/lifee.hu\/teszt\/termek\/boska-monaco-no-3-sajtkes-lagy-sajthoz\/","title":{"rendered":"BOSKA Monaco+ No.3 sajtk\u00e9s l\u00e1gy sajthoz"},"content":{"rendered":"<p>Sz\u00edn: ez\u00fcst<br \/>\nAnyag: rozsdamentes ac\u00e9l<br \/>\nGarancia: 10 \u00e9v<br \/>\nTerm\u00e9k m\u00e9rete: 232 x 26 x 8 mm<br \/>\nM\u00e9ret csomagol\u00e1sban: 287 x 82 x 8 mm<br \/>\nA sajtk\u00e9s mosogat\u00f3g\u00e9pben moshat\u00f3.<\/p>\n","protected":false},"excerpt":{"rendered":"<p style=\"text-align: justify;\">A BOSKA a szenved\u00e9lyes hobbiszak\u00e1csoknak \u00e9s sajtim\u00e1d\u00f3knak tal\u00e1lta ki a Monaco+ No.3 sajtk\u00e9s\u00e9t, amivel igazi \u00e9lvezet a l\u00e1gy sajtok szel\u00e9se. A Monaco+ sorozat speci\u00e1lis kialak\u00edt\u00e1s\u00fa darabja t\u00f6k\u00e9letesen k\u00e9zre esik, a v\u00e9kony, \u00e9rdes \u00e9s tapad\u00e1smentes fel\u00fclet\u0171 peng\u00e9nek k\u00f6sz\u00f6nhet\u0151en pedig gyerekj\u00e1t\u00e9k a haszn\u00e1lata. A penge mindk\u00e9t sz\u00e9le extra\u00e9les, hogy a kiv\u00e1l\u00f3 min\u0151s\u00e9g\u0171 rozsdamentes ac\u00e9lb\u00f3l k\u00e9sz\u00fclt k\u00e9s k\u00f6nnyebben haladjon \u00e1t az olyan sajtokon, mint p\u00e9ld\u00e1ul a Brie, r\u00e1ad\u00e1sul a sajt k\u00fcls\u0151 h\u00e9j\u00e1nak eszt\u00e9tikus \u00e1tv\u00e1g\u00e1sa sem jelent neki gondot. Ugye nem meglep\u0151, hogy ez a szuper term\u00e9k m\u00e1r be is zsebelte a rangos Red Dot diz\u00e1jnd\u00edjat? Szerezd be magadnak otthonra, vagy lepd meg vele egy sajt\u0151r\u00fclt bar\u00e1todat!<\/p>\n","protected":false},"featured_media":54315,"comment_status":"open","ping_status":"closed","template":"","meta":{"_acf_changed":false,"inline_featured_image":false},"product_cat":[33],"product_tag":[73,75,311],"class_list":{"0":"post-54304","1":"product","2":"type-product","3":"status-publish","4":"has-post-thumbnail","6":"product_cat-sajtkes","7":"product_tag-boska","8":"product_tag-sajt","9":"product_tag-sajtkes","11":"first","12":"instock","13":"taxable","14":"shipping-taxable","15":"purchasable","16":"product-type-simple"},"acf":[],"_links":{"self":[{"href":"https:\/\/lifee.hu\/teszt\/wp-json\/wp\/v2\/product\/54304","targetHints":{"allow":["GET"]}}],"collection":[{"href":"https:\/\/lifee.hu\/teszt\/wp-json\/wp\/v2\/product"}],"about":[{"href":"https:\/\/lifee.hu\/teszt\/wp-json\/wp\/v2\/types\/product"}],"replies":[{"embeddable":true,"href":"https:\/\/lifee.hu\/teszt\/wp-json\/wp\/v2\/comments?post=54304"}],"wp:featuredmedia":[{"embeddable":true,"href":"https:\/\/lifee.hu\/teszt\/wp-json\/wp\/v2\/media\/54315"}],"wp:attachment":[{"href":"https:\/\/lifee.hu\/teszt\/wp-json\/wp\/v2\/media?parent=54304"}],"wp:term":[{"taxonomy":"product_cat","embeddable":true,"href":"https:\/\/lifee.hu\/teszt\/wp-json\/wp\/v2\/product_cat?post=54304"},{"taxonomy":"product_tag","embeddable":true,"href":"https:\/\/lifee.hu\/teszt\/wp-json\/wp\/v2\/product_tag?post=54304"}],"curies":[{"name":"wp","href":"https:\/\/api.w.org\/{rel}","templated":true}]}}