{"id":4216,"date":"2024-08-16T21:24:32","date_gmt":"2024-08-16T19:24:32","guid":{"rendered":"https:\/\/lifee.hu\/teszt\/?post_type=product&#038;p=4216"},"modified":"2025-01-07T22:14:19","modified_gmt":"2025-01-07T21:14:19","slug":"boska-monaco-fekete-sajtszeletelo","status":"publish","type":"product","link":"https:\/\/lifee.hu\/teszt\/termek\/boska-monaco-fekete-sajtszeletelo\/","title":{"rendered":"BOSKA Monaco+ fekete sajtszeletel\u0151"},"content":{"rendered":"","protected":false},"excerpt":{"rendered":"<p style=\"font-weight: 400; text-align: justify;\">Hajsz\u00e1lv\u00e9kony sajtszeletekkel szeretn\u00e9d megkoron\u00e1zni a mennyei fog\u00e1sokat, hogy a maximumra emeld a l\u00e1tv\u00e1nyt \u00e9s az \u00edz\u00e9lm\u00e9nyt? Vesd be a m\u0171velethez a BOSKA Monaco+ Dark sajtszeletel\u0151j\u00e9t, amivel profi s\u00e9feket megsz\u00e9gyen\u00edt\u0151 kre\u00e1ci\u00f3kat alkothatsz! Mindezt a tapad\u00e1smentes \u00e9s speci\u00e1lis kidolgoz\u00e1s\u00fa fel\u00fcletnek k\u00f6sz\u00f6nheted, ami nem hagyja, hogy a f\u00e9lkem\u00e9ny vagy kem\u00e9ny sajtr\u00f3l leh\u00e1ntolt szeletek az eszk\u00f6zre ragadjanak. Hidd lel, nem hi\u00e1ba nyerte meg a Red Dot designd\u00edjat! Szerezd be magadnak, vagy lepd meg vele egy sajtim\u00e1d\u00f3 szerettedet!<\/p>\n<p style=\"font-weight: 400;\">Anyag: rozsdamentes ac\u00e9l, ker\u00e1mia<br \/>\nGarancia: \u00e9letre sz\u00f3l\u00f3<br \/>\nM\u00e9ret: 147 mm x 53 mm x 8 mm<br \/>\nA sajtszeletel\u0151 mosogat\u00f3g\u00e9pben moshat\u00f3.<\/p>\n","protected":false},"featured_media":4227,"comment_status":"open","ping_status":"closed","template":"","meta":{"_acf_changed":false,"inline_featured_image":false},"product_cat":[62],"product_tag":[221,223],"class_list":{"0":"post-4216","1":"product","2":"type-product","3":"status-publish","4":"has-post-thumbnail","6":"product_cat-sajtimadoknak","7":"product_tag-boska-sajtszeletelo","8":"product_tag-special-edition","9":"pa_marka-boska","11":"first","12":"instock","13":"taxable","14":"shipping-taxable","15":"purchasable","16":"product-type-simple"},"acf":[],"_links":{"self":[{"href":"https:\/\/lifee.hu\/teszt\/wp-json\/wp\/v2\/product\/4216","targetHints":{"allow":["GET"]}}],"collection":[{"href":"https:\/\/lifee.hu\/teszt\/wp-json\/wp\/v2\/product"}],"about":[{"href":"https:\/\/lifee.hu\/teszt\/wp-json\/wp\/v2\/types\/product"}],"replies":[{"embeddable":true,"href":"https:\/\/lifee.hu\/teszt\/wp-json\/wp\/v2\/comments?post=4216"}],"wp:featuredmedia":[{"embeddable":true,"href":"https:\/\/lifee.hu\/teszt\/wp-json\/wp\/v2\/media\/4227"}],"wp:attachment":[{"href":"https:\/\/lifee.hu\/teszt\/wp-json\/wp\/v2\/media?parent=4216"}],"wp:term":[{"taxonomy":"product_cat","embeddable":true,"href":"https:\/\/lifee.hu\/teszt\/wp-json\/wp\/v2\/product_cat?post=4216"},{"taxonomy":"product_tag","embeddable":true,"href":"https:\/\/lifee.hu\/teszt\/wp-json\/wp\/v2\/product_tag?post=4216"}],"curies":[{"name":"wp","href":"https:\/\/api.w.org\/{rel}","templated":true}]}}