{"id":4152,"date":"2024-08-16T20:58:19","date_gmt":"2024-08-16T18:58:19","guid":{"rendered":"https:\/\/lifee.hu\/teszt\/?post_type=product&#038;p=4152"},"modified":"2025-01-07T22:14:20","modified_gmt":"2025-01-07T21:14:20","slug":"boska-milano-sajtreszelo-2","status":"publish","type":"product","link":"https:\/\/lifee.hu\/teszt\/termek\/boska-milano-sajtreszelo-2\/","title":{"rendered":"BOSKA Milano+ sajtszeletel\u0151"},"content":{"rendered":"","protected":false},"excerpt":{"rendered":"<p style=\"font-weight: 400; text-align: justify;\">Ha perfekcionista vagy, \u00e9s fontosnak tartod, hogy a k\u00fcl\u00f6nf\u00e9le fog\u00e1saidat t\u00f6k\u00e9letes sajtszeletek d\u00edsz\u00edts\u00e9k \u00e9s \u00edzes\u00edts\u00e9k, akkor a BOSKA Milano+ sajtszeletel\u0151je k\u00f6telez\u0151 eleme a konyh\u00e1dnak. Az eszk\u00f6z egyik titka az extra tapad\u00e1smentes fel\u00fclet, a m\u00e1sik pedig az, hogy v\u00e9konyabb \u00e9s vastagabb szeleteket is v\u00e1ghatsz vele att\u00f3l f\u00fcgg\u0151en, hogy milyen sz\u00f6gben h\u00fazod le a f\u00e9lkem\u00e9ny vagy kem\u00e9ny sajton, mind\u00f6ssze egyetlen mozdulattal. Ne feledd: ezzel a konyhai eszk\u00f6zzel t\u00f6k\u00e9letes z\u00f6ld\u00e9gkarik\u00e1kat \u00e9s -cs\u00edkokat is var\u00e1zsolhatsz a t\u00e1ny\u00e9rodra!<\/p>\n<p style=\"font-weight: 400;\">Sz\u00edn: ez\u00fcst, fekete<br \/>\nAnyag: rozsdamentes ac\u00e9l, m\u0171anyag<br \/>\nGarancia: 10 \u00e9v<br \/>\nM\u00e9ret: 213 mm x 83 mm x 20 mm<br \/>\nA sajtszeletel\u0151 mosogat\u00f3g\u00e9pben moshat\u00f3.<\/p>\n","protected":false},"featured_media":4182,"comment_status":"open","ping_status":"closed","template":"","meta":{"_acf_changed":false,"inline_featured_image":false},"product_cat":[58,62],"product_tag":[73,182],"class_list":{"0":"post-4152","1":"product","2":"type-product","3":"status-publish","4":"has-post-thumbnail","6":"product_cat-konyha","7":"product_cat-sajtimadoknak","8":"product_tag-boska","9":"product_tag-sajtszeletelo","10":"pa_marka-boska","12":"first","13":"instock","14":"taxable","15":"shipping-taxable","16":"purchasable","17":"product-type-simple"},"acf":[],"_links":{"self":[{"href":"https:\/\/lifee.hu\/teszt\/wp-json\/wp\/v2\/product\/4152","targetHints":{"allow":["GET"]}}],"collection":[{"href":"https:\/\/lifee.hu\/teszt\/wp-json\/wp\/v2\/product"}],"about":[{"href":"https:\/\/lifee.hu\/teszt\/wp-json\/wp\/v2\/types\/product"}],"replies":[{"embeddable":true,"href":"https:\/\/lifee.hu\/teszt\/wp-json\/wp\/v2\/comments?post=4152"}],"wp:featuredmedia":[{"embeddable":true,"href":"https:\/\/lifee.hu\/teszt\/wp-json\/wp\/v2\/media\/4182"}],"wp:attachment":[{"href":"https:\/\/lifee.hu\/teszt\/wp-json\/wp\/v2\/media?parent=4152"}],"wp:term":[{"taxonomy":"product_cat","embeddable":true,"href":"https:\/\/lifee.hu\/teszt\/wp-json\/wp\/v2\/product_cat?post=4152"},{"taxonomy":"product_tag","embeddable":true,"href":"https:\/\/lifee.hu\/teszt\/wp-json\/wp\/v2\/product_tag?post=4152"}],"curies":[{"name":"wp","href":"https:\/\/api.w.org\/{rel}","templated":true}]}}