{"id":4114,"date":"2024-08-16T20:28:32","date_gmt":"2024-08-16T18:28:32","guid":{"rendered":"https:\/\/lifee.hu\/teszt\/?post_type=product&#038;p=4114"},"modified":"2025-01-15T10:21:57","modified_gmt":"2025-01-15T09:21:57","slug":"boska-monaco-3-db-os-bbq-keszlet","status":"publish","type":"product","link":"https:\/\/lifee.hu\/teszt\/termek\/boska-monaco-3-db-os-bbq-keszlet\/","title":{"rendered":"BOSKA Monaco+ 3 db-os BBQ k\u00e9szlet"},"content":{"rendered":"","protected":false},"excerpt":{"rendered":"<p style=\"font-weight: 400; text-align: justify;\">A BOSKA Monaco+ k\u00e9szlete minden eszk\u00f6zt tartalmaz, amire sz\u00fcks\u00e9ged lehet a gondtalan grillez\u00e9shez. A magas min\u0151s\u00e9g\u0171, 100% rozsdamentes ac\u00e9lb\u00f3l k\u00e9sz\u00fclt szettben k\u00e9tf\u00e9le fog\u00f3csipeszt \u00e9s egy grill-lap\u00e1tot tal\u00e1lsz. A biztos fog\u00e1s\u00fa, massz\u00edv, cs\u00fasz\u00e1smentes kialak\u00edt\u00e1s\u00fa, \u00e9s profik \u00e1ltal tesztelt eszk\u00f6z\u00f6kkel gyerekj\u00e1t\u00e9k a k\u00fcl\u00f6nf\u00e9le h\u00fasok, halak \u00e9s z\u00f6lds\u00e9gek forgat\u00e1sa, az \u00ednycsikland\u00f3 fog\u00e1sok sz\u00e9pen egyben maradnak. Ha pedig v\u00e9ge van a grillszezonnak, nyugodtan haszn\u00e1ld ezt a praktikus \u00e9s eszt\u00e9tikus szettet a konyh\u00e1dban is.<\/p>\n<p style=\"font-weight: 400;\">Sz\u00edn: ez\u00fcst<br \/>\nAnyag: rozsdamentes ac\u00e9l<br \/>\nGarancia: \u00e9letre sz\u00f3l\u00f3<br \/>\nM\u00e9ret (doboz): 330 mm x 85 mm x 70 mm<br \/>\nA barbecue-eszk\u00f6z\u00f6k mosogat\u00f3g\u00e9pben moshat\u00f3k.<\/p>\n","protected":false},"featured_media":4132,"comment_status":"open","ping_status":"closed","template":"","meta":{"_acf_changed":false,"inline_featured_image":false},"product_cat":[225,58,132],"product_tag":[217,73,219],"class_list":{"0":"post-4114","1":"product","2":"type-product","3":"status-publish","4":"has-post-thumbnail","6":"product_cat-grill-kiegeszitok","7":"product_cat-konyha","8":"product_cat-vendegvaro","9":"product_tag-bbq","10":"product_tag-boska","11":"product_tag-grill","12":"pa_marka-boska","14":"first","15":"instock","16":"taxable","17":"shipping-taxable","18":"purchasable","19":"product-type-simple"},"acf":[],"_links":{"self":[{"href":"https:\/\/lifee.hu\/teszt\/wp-json\/wp\/v2\/product\/4114","targetHints":{"allow":["GET"]}}],"collection":[{"href":"https:\/\/lifee.hu\/teszt\/wp-json\/wp\/v2\/product"}],"about":[{"href":"https:\/\/lifee.hu\/teszt\/wp-json\/wp\/v2\/types\/product"}],"replies":[{"embeddable":true,"href":"https:\/\/lifee.hu\/teszt\/wp-json\/wp\/v2\/comments?post=4114"}],"wp:featuredmedia":[{"embeddable":true,"href":"https:\/\/lifee.hu\/teszt\/wp-json\/wp\/v2\/media\/4132"}],"wp:attachment":[{"href":"https:\/\/lifee.hu\/teszt\/wp-json\/wp\/v2\/media?parent=4114"}],"wp:term":[{"taxonomy":"product_cat","embeddable":true,"href":"https:\/\/lifee.hu\/teszt\/wp-json\/wp\/v2\/product_cat?post=4114"},{"taxonomy":"product_tag","embeddable":true,"href":"https:\/\/lifee.hu\/teszt\/wp-json\/wp\/v2\/product_tag?post=4114"}],"curies":[{"name":"wp","href":"https:\/\/api.w.org\/{rel}","templated":true}]}}