{"id":3984,"date":"2024-08-16T18:37:30","date_gmt":"2024-08-16T16:37:30","guid":{"rendered":"https:\/\/lifee.hu\/teszt\/?post_type=product&#038;p=3984"},"modified":"2024-12-17T22:35:34","modified_gmt":"2024-12-17T21:35:34","slug":"boska-party-pro-sajtfondu-szett-900-ml","status":"publish","type":"product","link":"https:\/\/lifee.hu\/teszt\/termek\/boska-party-pro-sajtfondu-szett-900-ml\/","title":{"rendered":"BOSKA Party Pro sajtfond\u00fc szett, 900 ml"},"content":{"rendered":"","protected":false},"excerpt":{"rendered":"<p style=\"font-weight: 400; text-align: justify;\">A fond\u00fc egy klasszikus besz\u00e9lget\u0151s fog\u00e1s, ide\u00e1lis v\u00e1laszt\u00e1s a r\u00e1\u00e9r\u0151s bar\u00e1ti est\u00e9kre, a meghitt csal\u00e1di \u00f6sszej\u00f6vetelekre \u00e9s term\u00e9szetesen a romantikus randikra. A BOSKA 900 ml-es \u00f6nt\u00f6ttvas k\u00e9szlete \u2013 amihez egy praktikus melegen tart\u00f3 alj \u00e9s n\u00e9gy fond\u00fcvilla is tartozik \u2013 2-4 szem\u00e9ly sz\u00e1m\u00e1ra biztos\u00edtja a mennyei olvasztott sajt ny\u00fajtotta \u00e9lvezetet. Szinte b\u00e1rki sz\u00e1m\u00e1ra remek v\u00e1laszt\u00e1s, ugyanis az \u00f6nt\u00f6ttvas t\u00e1l indukci\u00f3s, g\u00e1z, elektromos \u00e9s ker\u00e1mia t\u0171zhelyre is helyezhet\u0151, de s\u00fct\u0151ben vagy grillen is haszn\u00e1lhat\u00f3.<\/p>\n<p style=\"font-weight: 400;\">Anyag: rozsdamentes ac\u00e9l, ac\u00e9l, ker\u00e1mia, m\u0171anyag<br \/>\nGarancia: 10 \u00e9v<br \/>\nM\u00e9ret (doboz): 248 mm x 187 mm x 178 mm<br \/>\nM\u00e9ret (term\u00e9k): 204 mm x 156 mm x 158 mm<br \/>\nA term\u00e9k egyes r\u00e9szei mosogat\u00f3g\u00e9pben moshat\u00f3k.<\/p>\n","protected":false},"featured_media":3992,"comment_status":"open","ping_status":"closed","template":"","meta":{"_acf_changed":false,"inline_featured_image":false},"product_cat":[62,132],"product_tag":[73,75,211],"class_list":{"0":"post-3984","1":"product","2":"type-product","3":"status-publish","4":"has-post-thumbnail","6":"product_cat-sajtimadoknak","7":"product_cat-vendegvaro","8":"product_tag-boska","9":"product_tag-sajt","10":"product_tag-sajtfondu","11":"pa_marka-boska","13":"first","14":"outofstock","15":"taxable","16":"shipping-taxable","17":"purchasable","18":"product-type-simple"},"acf":[],"_links":{"self":[{"href":"https:\/\/lifee.hu\/teszt\/wp-json\/wp\/v2\/product\/3984","targetHints":{"allow":["GET"]}}],"collection":[{"href":"https:\/\/lifee.hu\/teszt\/wp-json\/wp\/v2\/product"}],"about":[{"href":"https:\/\/lifee.hu\/teszt\/wp-json\/wp\/v2\/types\/product"}],"replies":[{"embeddable":true,"href":"https:\/\/lifee.hu\/teszt\/wp-json\/wp\/v2\/comments?post=3984"}],"wp:featuredmedia":[{"embeddable":true,"href":"https:\/\/lifee.hu\/teszt\/wp-json\/wp\/v2\/media\/3992"}],"wp:attachment":[{"href":"https:\/\/lifee.hu\/teszt\/wp-json\/wp\/v2\/media?parent=3984"}],"wp:term":[{"taxonomy":"product_cat","embeddable":true,"href":"https:\/\/lifee.hu\/teszt\/wp-json\/wp\/v2\/product_cat?post=3984"},{"taxonomy":"product_tag","embeddable":true,"href":"https:\/\/lifee.hu\/teszt\/wp-json\/wp\/v2\/product_tag?post=3984"}],"curies":[{"name":"wp","href":"https:\/\/api.w.org\/{rel}","templated":true}]}}