{"id":38890,"date":"2024-10-19T21:57:52","date_gmt":"2024-10-19T19:57:52","guid":{"rendered":"https:\/\/lifee.hu\/teszt\/?post_type=product&#038;p=38890"},"modified":"2024-11-27T10:55:57","modified_gmt":"2024-11-27T09:55:57","slug":"boska-copenhagen-no-2-sajtkes-lagy-es-felkemeny-sajthoz","status":"publish","type":"product","link":"https:\/\/lifee.hu\/teszt\/termek\/boska-copenhagen-no-2-sajtkes-lagy-es-felkemeny-sajthoz\/","title":{"rendered":"BOSKA Copenhagen No.2 sajtk\u00e9s f\u00e9ll\u00e1gy sajthoz"},"content":{"rendered":"<p>Sz\u00edn: ez\u00fcst<br \/>\nAnyag: rozsdamentes ac\u00e9l<br \/>\nGarancia: \u00e9letre sz\u00f3l\u00f3<br \/>\nTerm\u00e9k m\u00e9rete: 211 x 35 x 8 mm<br \/>\nM\u00e9ret csomagol\u00e1sban: 284 x 80 x 18 mm<br \/>\nA sajtk\u00e9s mosogat\u00f3g\u00e9pben moshat\u00f3.<\/p>\n","protected":false},"excerpt":{"rendered":"<p style=\"text-align: justify;\">Ha szereted a l\u00e1gy \u00e9s a f\u00e9lkem\u00e9ny sajtokat, akkor sz\u00fcks\u00e9ged van egy olyan speci\u00e1lis sajtk\u00e9sre a k\u00f6nny\u0171, sz\u00e9p v\u00e1g\u00e1shoz, szeletel\u00e9shez, amilyen a BOSKA min\u0151s\u00e9gi term\u00e9ke, a Copenhagen No.2. A sv\u00e1jci sajtra hajaz\u00f3 lyukak megakad\u00e1lyozz\u00e1k, hogy a sajt r\u00e1tapadjon a k\u00e9sre, a hegyes, villa szer\u0171 v\u00e9ggel pedig higi\u00e9nikusan a t\u00e1ny\u00e9rra teheted a leszelt darabokat. R\u00e1ad\u00e1sul a Copenhagen No. 2 olyan k\u00f6nny\u0171, hogy f\u00e9l k\u00e9zzel is egyszer\u0171en elv\u00e9gezheted ezt a m\u0171veletet. A praktikus kialak\u00edt\u00e1son \u00e9s a min\u0151s\u00e9gi anyaghaszn\u00e1laton t\u00fal ez a k\u00e9s roppant eszt\u00e9tikus is, \u00edgy ig\u00e9nyes aj\u00e1nd\u00e9knak is v\u00e1laszthatod egy sajtim\u00e1d\u00f3 szerettednek.<\/p>\n","protected":false},"featured_media":54211,"comment_status":"open","ping_status":"closed","template":"","meta":{"_acf_changed":false,"inline_featured_image":false},"product_cat":[33],"product_tag":[],"class_list":{"0":"post-38890","1":"product","2":"type-product","3":"status-publish","4":"has-post-thumbnail","6":"product_cat-sajtkes","7":"pa_marka-boska","9":"first","10":"instock","11":"taxable","12":"shipping-taxable","13":"purchasable","14":"product-type-simple"},"acf":[],"_links":{"self":[{"href":"https:\/\/lifee.hu\/teszt\/wp-json\/wp\/v2\/product\/38890","targetHints":{"allow":["GET"]}}],"collection":[{"href":"https:\/\/lifee.hu\/teszt\/wp-json\/wp\/v2\/product"}],"about":[{"href":"https:\/\/lifee.hu\/teszt\/wp-json\/wp\/v2\/types\/product"}],"replies":[{"embeddable":true,"href":"https:\/\/lifee.hu\/teszt\/wp-json\/wp\/v2\/comments?post=38890"}],"wp:featuredmedia":[{"embeddable":true,"href":"https:\/\/lifee.hu\/teszt\/wp-json\/wp\/v2\/media\/54211"}],"wp:attachment":[{"href":"https:\/\/lifee.hu\/teszt\/wp-json\/wp\/v2\/media?parent=38890"}],"wp:term":[{"taxonomy":"product_cat","embeddable":true,"href":"https:\/\/lifee.hu\/teszt\/wp-json\/wp\/v2\/product_cat?post=38890"},{"taxonomy":"product_tag","embeddable":true,"href":"https:\/\/lifee.hu\/teszt\/wp-json\/wp\/v2\/product_tag?post=38890"}],"curies":[{"name":"wp","href":"https:\/\/api.w.org\/{rel}","templated":true}]}}