{"id":3727,"date":"2024-08-16T09:18:19","date_gmt":"2024-08-16T07:18:19","guid":{"rendered":"https:\/\/lifee.hu\/teszt\/?post_type=product&#038;p=3727"},"modified":"2024-11-27T10:56:03","modified_gmt":"2024-11-27T09:56:03","slug":"boska-friends-kerek-talalodeszka-fedovel-238-cm","status":"publish","type":"product","link":"https:\/\/lifee.hu\/teszt\/termek\/boska-friends-kerek-talalodeszka-fedovel-238-cm\/","title":{"rendered":"BOSKA Friends kerek t\u00e1lal\u00f3deszka fed\u0151vel (23,8 cm)"},"content":{"rendered":"","protected":false},"excerpt":{"rendered":"<p style=\"font-weight: 400; text-align: justify;\">T\u00f6bb \u00e9rv is sz\u00f3l amellett, hogy a hagyom\u00e1nyos t\u00e1lal\u00f3deszka helyett ink\u00e1bb ezt a fed\u0151vel ell\u00e1tott, t\u00f6lgyb\u0151l k\u00e9sz\u00fclt darabot v\u00e1laszd: egyr\u00e9szt ha nem fogy el egy szuszra az \u00f6sszes felt\u00e1lat sajt, visszacsomagol\u00e1s n\u00e9lk\u00fcl beker\u00fclhet a h\u0171t\u0151be, m\u00e1sr\u00e9szt \u00edgy a szabadban is kedvetekre falatozhattok an\u00e9lk\u00fcl, hogy a legyek \u00e9s darazsak elhesseget\u00e9s\u00e9vel kellene k\u00f6zben foglalkoznotok. Na \u00e9s persze az sem utols\u00f3 szempont, hogy az eszk\u00f6z roppant eleg\u00e1ns, ig\u00e9nyes hat\u00e1st kelt.<\/p>\n<p style=\"font-weight: 400;\">Anyag: 100% t\u00f6lgyfa deszka, m\u0171anyag fed\u0151<br \/>\nGarancia: 10 \u00e9v<br \/>\nM\u00e9ret (doboz): 218 x 66 x 8 mm<br \/>\nM\u00e9ret (term\u00e9k): 240 x 240 x 150 mm<br \/>\nA deszka csak k\u00e9zzel, a fed\u0151 mosogat\u00f3g\u00e9pben moshat\u00f3.<\/p>\n","protected":false},"featured_media":3735,"comment_status":"open","ping_status":"closed","template":"","meta":{"_acf_changed":false,"inline_featured_image":false},"product_cat":[16],"product_tag":[73,75,136],"class_list":{"0":"post-3727","1":"product","2":"type-product","3":"status-publish","4":"has-post-thumbnail","6":"product_cat-egyeb","7":"product_tag-boska","8":"product_tag-sajt","9":"product_tag-talalas","10":"pa_marka-boska","12":"first","13":"instock","14":"taxable","15":"shipping-taxable","16":"purchasable","17":"product-type-simple"},"acf":[],"_links":{"self":[{"href":"https:\/\/lifee.hu\/teszt\/wp-json\/wp\/v2\/product\/3727","targetHints":{"allow":["GET"]}}],"collection":[{"href":"https:\/\/lifee.hu\/teszt\/wp-json\/wp\/v2\/product"}],"about":[{"href":"https:\/\/lifee.hu\/teszt\/wp-json\/wp\/v2\/types\/product"}],"replies":[{"embeddable":true,"href":"https:\/\/lifee.hu\/teszt\/wp-json\/wp\/v2\/comments?post=3727"}],"wp:featuredmedia":[{"embeddable":true,"href":"https:\/\/lifee.hu\/teszt\/wp-json\/wp\/v2\/media\/3735"}],"wp:attachment":[{"href":"https:\/\/lifee.hu\/teszt\/wp-json\/wp\/v2\/media?parent=3727"}],"wp:term":[{"taxonomy":"product_cat","embeddable":true,"href":"https:\/\/lifee.hu\/teszt\/wp-json\/wp\/v2\/product_cat?post=3727"},{"taxonomy":"product_tag","embeddable":true,"href":"https:\/\/lifee.hu\/teszt\/wp-json\/wp\/v2\/product_tag?post=3727"}],"curies":[{"name":"wp","href":"https:\/\/api.w.org\/{rel}","templated":true}]}}