{"id":3593,"date":"2024-08-16T07:21:27","date_gmt":"2024-08-16T05:21:27","guid":{"rendered":"https:\/\/lifee.hu\/teszt\/?post_type=product&#038;p=3593"},"modified":"2024-12-09T09:26:02","modified_gmt":"2024-12-09T08:26:02","slug":"boska-easy-grater-sajtreszelo","status":"publish","type":"product","link":"https:\/\/lifee.hu\/teszt\/termek\/boska-easy-grater-sajtreszelo\/","title":{"rendered":"BOSKA Easy Grater sajtreszel\u0151"},"content":{"rendered":"","protected":false},"excerpt":{"rendered":"<p style=\"font-weight: 400; text-align: justify;\">Ha a BOSKA Easy Grater sajtreszel\u0151j\u00e9t v\u00e1lasztod, akkor igaz\u00e1n egyszer\u0171 dolgod lesz \u2013 \u00e9s nemcsak az\u00e9rt, mert k\u00f6nnyed\u00e9n reszelhetsz vele b\u00e1rmilyen sajtot, hanem az\u00e9rt is, mert ez a praktikus konyha eszk\u00f6z egyb\u0151l \u00f6ssze is gy\u0171jti az als\u00f3 rekesz\u00e9ben a finoms\u00e1got, \u00edgy egy morzs\u00e1nyit sem pazarolsz el bel\u0151le. A szuperpraktikus reszel\u0151t z\u00f6lds\u00e9gekhez \u2013 p\u00e9ld\u00e1ul ubork\u00e1hoz \u00e9s s\u00e1rgar\u00e9p\u00e1hoz \u2013 is haszn\u00e1lhatod. Kialak\u00edt\u00e1s\u00e1nak k\u00f6sz\u00f6nhet\u0151en stabilan a munkapulton marad haszn\u00e1lat k\u00f6zben, ut\u00e1na pedig nyugodtan tedd a mosogat\u00f3g\u00e9pbe, nem kell vesz\u0151dn\u00f6d a k\u00e9zi tiszt\u00edt\u00e1ssal. Rendeld meg a webshopunkb\u00f3l, hidd el, hamar az egyik kedvenced lesz!<\/p>\n<p style=\"font-weight: 400;\">Sz\u00edn: ez\u00fcst, fekete<br \/>\nAnyag: rozsdamentes ac\u00e9l, m\u0171anyag<br \/>\nGarancia: 10 \u00e9v<br \/>\nM\u00e9ret (doboz): 152 mm x 81 mm x 50 mm<br \/>\nM\u00e9ret (term\u00e9k): 152 mm x 80 mm x 48 mm<br \/>\n<span style=\"font-size: inherit;\">A sajtreszel\u0151 mosogat\u00f3g\u00e9pben moshat\u00f3.<\/span><\/p>\n","protected":false},"featured_media":3599,"comment_status":"open","ping_status":"closed","template":"","meta":{"_acf_changed":false,"inline_featured_image":false},"product_cat":[62],"product_tag":[73,75,209],"class_list":{"0":"post-3593","1":"product","2":"type-product","3":"status-publish","4":"has-post-thumbnail","6":"product_cat-sajtimadoknak","7":"product_tag-boska","8":"product_tag-sajt","9":"product_tag-sajtreszelo","10":"pa_marka-boska","12":"first","13":"instock","14":"taxable","15":"shipping-taxable","16":"purchasable","17":"product-type-simple"},"acf":[],"_links":{"self":[{"href":"https:\/\/lifee.hu\/teszt\/wp-json\/wp\/v2\/product\/3593","targetHints":{"allow":["GET"]}}],"collection":[{"href":"https:\/\/lifee.hu\/teszt\/wp-json\/wp\/v2\/product"}],"about":[{"href":"https:\/\/lifee.hu\/teszt\/wp-json\/wp\/v2\/types\/product"}],"replies":[{"embeddable":true,"href":"https:\/\/lifee.hu\/teszt\/wp-json\/wp\/v2\/comments?post=3593"}],"wp:featuredmedia":[{"embeddable":true,"href":"https:\/\/lifee.hu\/teszt\/wp-json\/wp\/v2\/media\/3599"}],"wp:attachment":[{"href":"https:\/\/lifee.hu\/teszt\/wp-json\/wp\/v2\/media?parent=3593"}],"wp:term":[{"taxonomy":"product_cat","embeddable":true,"href":"https:\/\/lifee.hu\/teszt\/wp-json\/wp\/v2\/product_cat?post=3593"},{"taxonomy":"product_tag","embeddable":true,"href":"https:\/\/lifee.hu\/teszt\/wp-json\/wp\/v2\/product_tag?post=3593"}],"curies":[{"name":"wp","href":"https:\/\/api.w.org\/{rel}","templated":true}]}}