{"id":3546,"date":"2024-08-16T07:15:27","date_gmt":"2024-08-16T05:15:27","guid":{"rendered":"https:\/\/lifee.hu\/teszt\/?post_type=product&#038;p=3546"},"modified":"2024-12-15T06:34:33","modified_gmt":"2024-12-15T05:34:33","slug":"boska-romano-tekeros-kezi-sajtreszelo","status":"publish","type":"product","link":"https:\/\/lifee.hu\/teszt\/termek\/boska-romano-tekeros-kezi-sajtreszelo\/","title":{"rendered":"BOSKA Romano teker\u0151s k\u00e9zi sajtreszel\u0151"},"content":{"rendered":"","protected":false},"excerpt":{"rendered":"<p style=\"font-weight: 400; text-align: justify;\">A BOSKA Roman\u00f3val egyszer\u0171en, gyorsan \u00e9s biztons\u00e1gosan reszelhetsz sajtot. Ez az egyszer\u0171 kialak\u00edt\u00e1s\u00fa, m\u00e9gis roppant hat\u00e9kony eszk\u00f6z m\u00e9g az olyan kem\u00e9ny sajtokkal is megbirk\u00f3zik, mint a parmez\u00e1n, s\u0151t azokhoz val\u00f3 csak igaz\u00e1n! R\u00e1ad\u00e1sul az sem sz\u00e1m\u00edt, hogy jobb- vagy balkezes vagy-e, mert a teker\u0151s reszel\u0151 mindk\u00e9t ir\u00e1nyban \u00f6sszerakhat\u00f3. Mindezeken fel\u00fcl m\u00e9g aj\u00e1nd\u00e9knak is kit\u0171n\u0151 v\u00e1laszt\u00e1s, mivel a reszel\u0151t mutat\u00f3s aj\u00e1nd\u00e9kdobozban sz\u00e1ll\u00edtjuk ki.<\/p>\n<p style=\"font-weight: 400;\">Sz\u00edn: ez\u00fcst<br \/>\nAnyag: rozsdamentes ac\u00e9l<br \/>\nGarancia: 10 \u00e9v<br \/>\nM\u00e9ret (doboz): 235 mm x 77 mm x 25 mm<br \/>\nM\u00e9ret (term\u00e9k): 170 mm x 72 mm x 38 mm<br \/>\nCsomagol\u00e1s: aj\u00e1nd\u00e9kdoboz<br \/>\nA sajtreszel\u0151 mosogat\u00f3g\u00e9pben moshat\u00f3.<\/p>\n","protected":false},"featured_media":3577,"comment_status":"open","ping_status":"closed","template":"","meta":{"_acf_changed":false,"inline_featured_image":false},"product_cat":[62],"product_tag":[],"class_list":{"0":"post-3546","1":"product","2":"type-product","3":"status-publish","4":"has-post-thumbnail","6":"product_cat-sajtimadoknak","7":"pa_marka-boska","9":"first","10":"instock","11":"taxable","12":"shipping-taxable","13":"purchasable","14":"product-type-simple"},"acf":[],"_links":{"self":[{"href":"https:\/\/lifee.hu\/teszt\/wp-json\/wp\/v2\/product\/3546","targetHints":{"allow":["GET"]}}],"collection":[{"href":"https:\/\/lifee.hu\/teszt\/wp-json\/wp\/v2\/product"}],"about":[{"href":"https:\/\/lifee.hu\/teszt\/wp-json\/wp\/v2\/types\/product"}],"replies":[{"embeddable":true,"href":"https:\/\/lifee.hu\/teszt\/wp-json\/wp\/v2\/comments?post=3546"}],"wp:featuredmedia":[{"embeddable":true,"href":"https:\/\/lifee.hu\/teszt\/wp-json\/wp\/v2\/media\/3577"}],"wp:attachment":[{"href":"https:\/\/lifee.hu\/teszt\/wp-json\/wp\/v2\/media?parent=3546"}],"wp:term":[{"taxonomy":"product_cat","embeddable":true,"href":"https:\/\/lifee.hu\/teszt\/wp-json\/wp\/v2\/product_cat?post=3546"},{"taxonomy":"product_tag","embeddable":true,"href":"https:\/\/lifee.hu\/teszt\/wp-json\/wp\/v2\/product_tag?post=3546"}],"curies":[{"name":"wp","href":"https:\/\/api.w.org\/{rel}","templated":true}]}}