{"id":3275,"date":"2024-08-15T20:52:19","date_gmt":"2024-08-15T18:52:19","guid":{"rendered":"https:\/\/lifee.hu\/teszt\/?post_type=product&#038;p=3275"},"modified":"2024-12-15T09:18:03","modified_gmt":"2024-12-15T08:18:03","slug":"boska-amigo-talalodeszka-xxl-93-cm","status":"publish","type":"product","link":"https:\/\/lifee.hu\/teszt\/termek\/boska-amigo-talalodeszka-xxl-93-cm\/","title":{"rendered":"BOSKA Amigo t\u00e1lal\u00f3deszka XXL (93 cm)"},"content":{"rendered":"","protected":false},"excerpt":{"rendered":"<p style=\"font-weight: 400; text-align: justify;\">Ha nagy lakom\u00e1t k\u00e9sz\u00fclsz csapni a t\u00e1g csal\u00e1ddal vagy a bar\u00e1ti k\u00f6rrel, akkor nemcsak rengeteg harapnival\u00f3ra \u00e9s egy a j\u00f3kora \u00e9tkez\u0151asztal lesz sz\u00fcks\u00e9ged, hanem megfelel\u0151 eszk\u00f6z\u00f6kre is a t\u00e1lal\u00e1shoz. A BOSKA XXL m\u00e9ret\u0171, csaknem egym\u00e9teres t\u00e1lal\u00f3deszk\u00e1j\u00e1ra annyi finom falat f\u00e9r, hogy minden vend\u00e9gednek b\u0151s\u00e9gesen jut bel\u0151le. A dekorat\u00edv konyhai eszk\u00f6z strapab\u00edr\u00f3, gy\u00f6ny\u00f6r\u0171 b\u00fckkf\u00e1b\u00f3l k\u00e9sz\u00fclt, ha pedig ez a darab t\u00fal nagynak bizonyulna sz\u00e1modra, megrendelheted L, M \u00e9s S m\u00e9retben is a webshopunkb\u00f3l.<\/p>\n<p style=\"font-weight: 400;\">Anyag: b\u00fckk<br \/>\nGarancia: 10 \u00e9v<br \/>\nM\u00e9ret: 930 mm x 140 mm x 20 mm (a hossz a ny\u00e9l n\u00e9lk\u00fcl \u00e9rtend\u0151)<br \/>\nA term\u00e9k csak k\u00e9zzel moshat\u00f3.<\/p>\n<p style=\"font-weight: 400;\">\n","protected":false},"featured_media":3297,"comment_status":"open","ping_status":"closed","template":"","meta":{"_acf_changed":false,"inline_featured_image":false},"product_cat":[39,132],"product_tag":[73,75,136],"class_list":{"0":"post-3275","1":"product","2":"type-product","3":"status-publish","4":"has-post-thumbnail","6":"product_cat-talalas","7":"product_cat-vendegvaro","8":"product_tag-boska","9":"product_tag-sajt","10":"product_tag-talalas","11":"pa_marka-boska","13":"first","14":"instock","15":"taxable","16":"shipping-taxable","17":"purchasable","18":"product-type-simple"},"acf":[],"_links":{"self":[{"href":"https:\/\/lifee.hu\/teszt\/wp-json\/wp\/v2\/product\/3275","targetHints":{"allow":["GET"]}}],"collection":[{"href":"https:\/\/lifee.hu\/teszt\/wp-json\/wp\/v2\/product"}],"about":[{"href":"https:\/\/lifee.hu\/teszt\/wp-json\/wp\/v2\/types\/product"}],"replies":[{"embeddable":true,"href":"https:\/\/lifee.hu\/teszt\/wp-json\/wp\/v2\/comments?post=3275"}],"wp:featuredmedia":[{"embeddable":true,"href":"https:\/\/lifee.hu\/teszt\/wp-json\/wp\/v2\/media\/3297"}],"wp:attachment":[{"href":"https:\/\/lifee.hu\/teszt\/wp-json\/wp\/v2\/media?parent=3275"}],"wp:term":[{"taxonomy":"product_cat","embeddable":true,"href":"https:\/\/lifee.hu\/teszt\/wp-json\/wp\/v2\/product_cat?post=3275"},{"taxonomy":"product_tag","embeddable":true,"href":"https:\/\/lifee.hu\/teszt\/wp-json\/wp\/v2\/product_tag?post=3275"}],"curies":[{"name":"wp","href":"https:\/\/api.w.org\/{rel}","templated":true}]}}