{"id":3253,"date":"2024-08-15T20:46:51","date_gmt":"2024-08-15T18:46:51","guid":{"rendered":"https:\/\/lifee.hu\/teszt\/?post_type=product&#038;p=3253"},"modified":"2025-01-13T11:12:07","modified_gmt":"2025-01-13T10:12:07","slug":"boska-amigo-talalodeszka-l-514-cm","status":"publish","type":"product","link":"https:\/\/lifee.hu\/teszt\/termek\/boska-amigo-talalodeszka-l-514-cm\/","title":{"rendered":"BOSKA Amigo t\u00e1lal\u00f3deszka L (51,4 cm)"},"content":{"rendered":"","protected":false},"excerpt":{"rendered":"<p style=\"font-weight: 400; text-align: justify;\">T\u00e1lald st\u00edlusosan a finom falatokat a vend\u00e9geidnek a BOSKA nagy m\u00e9ret\u0171 Amigo t\u00e1lal\u00f3deszk\u00e1j\u00e1n, amin b\u0151ven elf\u00e9rnek egym\u00e1s mellett a k\u00fcl\u00f6nf\u00e9le sajtok, szal\u00e1mik, gy\u00fcm\u00f6lcs\u00f6k, magvak \u00e9s egy\u00e9b nyal\u00e1nks\u00e1gok! A klasszikus \u00e9s finoman rusztikus kialak\u00edt\u00e1s\u00fa b\u00fckkfa deszka minden alkalomhoz j\u00f3l mutat, \u00edgy az eleg\u00e1nsabb \u00e9s a laz\u00e1bb, h\u00e9tk\u00f6znapibb ter\u00edt\u00e9snek is szerves r\u00e9sz\u00e9t k\u00e9pezheti. Haszn\u00e1lat ut\u00e1n egyszer\u0171en felakaszthatod, nem foglal sok helyet a konyh\u00e1dban. Az eszt\u00e9tikus \u00e9s praktikus Amigo t\u00e1lal\u00f3deszk\u00e1t S, M \u00e9s XXL m\u00e9retben is megtal\u00e1lod a webshopunkban.<\/p>\n<p style=\"font-weight: 400;\">Anyag: b\u00fckk<br \/>\nGarancia: 10 \u00e9v<br \/>\nM\u00e9ret: 446 mm x 113 mm x 15 mm (a hossz a ny\u00e9l n\u00e9lk\u00fcl \u00e9rtend\u0151)<br \/>\nA term\u00e9k csak k\u00e9zzel moshat\u00f3.<\/p>\n","protected":false},"featured_media":3261,"comment_status":"open","ping_status":"closed","template":"","meta":{"_acf_changed":false,"inline_featured_image":false},"product_cat":[39,132],"product_tag":[73,75,136],"class_list":{"0":"post-3253","1":"product","2":"type-product","3":"status-publish","4":"has-post-thumbnail","6":"product_cat-talalas","7":"product_cat-vendegvaro","8":"product_tag-boska","9":"product_tag-sajt","10":"product_tag-talalas","11":"pa_marka-boska","13":"first","14":"instock","15":"taxable","16":"shipping-taxable","17":"purchasable","18":"product-type-simple"},"acf":[],"_links":{"self":[{"href":"https:\/\/lifee.hu\/teszt\/wp-json\/wp\/v2\/product\/3253","targetHints":{"allow":["GET"]}}],"collection":[{"href":"https:\/\/lifee.hu\/teszt\/wp-json\/wp\/v2\/product"}],"about":[{"href":"https:\/\/lifee.hu\/teszt\/wp-json\/wp\/v2\/types\/product"}],"replies":[{"embeddable":true,"href":"https:\/\/lifee.hu\/teszt\/wp-json\/wp\/v2\/comments?post=3253"}],"wp:featuredmedia":[{"embeddable":true,"href":"https:\/\/lifee.hu\/teszt\/wp-json\/wp\/v2\/media\/3261"}],"wp:attachment":[{"href":"https:\/\/lifee.hu\/teszt\/wp-json\/wp\/v2\/media?parent=3253"}],"wp:term":[{"taxonomy":"product_cat","embeddable":true,"href":"https:\/\/lifee.hu\/teszt\/wp-json\/wp\/v2\/product_cat?post=3253"},{"taxonomy":"product_tag","embeddable":true,"href":"https:\/\/lifee.hu\/teszt\/wp-json\/wp\/v2\/product_tag?post=3253"}],"curies":[{"name":"wp","href":"https:\/\/api.w.org\/{rel}","templated":true}]}}