{"id":3229,"date":"2024-08-15T20:32:09","date_gmt":"2024-08-15T18:32:09","guid":{"rendered":"https:\/\/lifee.hu\/teszt\/?post_type=product&#038;p=3229"},"modified":"2025-02-11T07:27:48","modified_gmt":"2025-02-11T06:27:48","slug":"boska-amigo-talalodeszka-m-356-cm","status":"publish","type":"product","link":"https:\/\/lifee.hu\/teszt\/termek\/boska-amigo-talalodeszka-m-356-cm\/","title":{"rendered":"BOSKA Amigo t\u00e1lal\u00f3deszka M (35,6 cm)"},"content":{"rendered":"","protected":false},"excerpt":{"rendered":"<p style=\"font-weight: 400; text-align: justify;\">Ahogy mondani szok\u00e1s, f\u00e9lig a szem\u00fcnkkel esz\u00fcnk, ez\u00e9rt a t\u00e1lal\u00e1snak mindig \u00e9rdemes megadni a m\u00f3dj\u00e1t, ak\u00e1r magadnak, ak\u00e1r a csal\u00e1dnak vagy a bar\u00e1toknak k\u00e9sz\u00edtesz \u00edzletes falatokat. A BOSKA Amigo t\u00e1lal\u00f3deszk\u00e1ja remek v\u00e1laszt\u00e1s k\u00fcl\u00f6nf\u00e9le el\u0151\u00e9telek, vend\u00e9gv\u00e1r\u00f3 falatok, tapasok \u00e9s sajtok szerv\u00edroz\u00e1s\u00e1hoz. Term\u00e9szetes anyagb\u00f3l, roppant tart\u00f3s b\u00fckkf\u00e1b\u00f3l k\u00e9sz\u00fclt, \u00edgy, ha lehets\u00e9ges, m\u00e9g gusztusosabban mutatnak rajta a fog\u00e1sok. Praktikus kialak\u00edt\u00e1s\u00e1nak k\u00f6sz\u00f6nhet\u0151en haszn\u00e1lat \u00e9s tiszt\u00edt\u00e1s ut\u00e1n k\u00f6nnyed\u00e9n felakaszthatod, vagyis nem foglal sok helyet.<\/p>\n<p style=\"font-weight: 400;\">Anyag: b\u00fckk<br \/>\nGarancia: 10 \u00e9v<br \/>\nM\u00e9ret: 301 mm x 80 mm x 15 mm (a hossz a ny\u00e9l n\u00e9lk\u00fcl \u00e9rtend\u0151)<br \/>\nA term\u00e9k csak k\u00e9zzel moshat\u00f3.<\/p>\n","protected":false},"featured_media":3239,"comment_status":"open","ping_status":"closed","template":"","meta":{"_acf_changed":false,"inline_featured_image":false},"product_cat":[39,132],"product_tag":[73,75,136],"class_list":{"0":"post-3229","1":"product","2":"type-product","3":"status-publish","4":"has-post-thumbnail","6":"product_cat-talalas","7":"product_cat-vendegvaro","8":"product_tag-boska","9":"product_tag-sajt","10":"product_tag-talalas","11":"pa_marka-boska","13":"first","14":"instock","15":"taxable","16":"shipping-taxable","17":"purchasable","18":"product-type-simple"},"acf":[],"_links":{"self":[{"href":"https:\/\/lifee.hu\/teszt\/wp-json\/wp\/v2\/product\/3229","targetHints":{"allow":["GET"]}}],"collection":[{"href":"https:\/\/lifee.hu\/teszt\/wp-json\/wp\/v2\/product"}],"about":[{"href":"https:\/\/lifee.hu\/teszt\/wp-json\/wp\/v2\/types\/product"}],"replies":[{"embeddable":true,"href":"https:\/\/lifee.hu\/teszt\/wp-json\/wp\/v2\/comments?post=3229"}],"wp:featuredmedia":[{"embeddable":true,"href":"https:\/\/lifee.hu\/teszt\/wp-json\/wp\/v2\/media\/3239"}],"wp:attachment":[{"href":"https:\/\/lifee.hu\/teszt\/wp-json\/wp\/v2\/media?parent=3229"}],"wp:term":[{"taxonomy":"product_cat","embeddable":true,"href":"https:\/\/lifee.hu\/teszt\/wp-json\/wp\/v2\/product_cat?post=3229"},{"taxonomy":"product_tag","embeddable":true,"href":"https:\/\/lifee.hu\/teszt\/wp-json\/wp\/v2\/product_tag?post=3229"}],"curies":[{"name":"wp","href":"https:\/\/api.w.org\/{rel}","templated":true}]}}