{"id":3149,"date":"2024-08-15T19:54:10","date_gmt":"2024-08-15T17:54:10","guid":{"rendered":"https:\/\/lifee.hu\/teszt\/?post_type=product&#038;p=3149"},"modified":"2025-01-07T12:15:52","modified_gmt":"2025-01-07T11:15:52","slug":"boska-amigo-talalodeszka-s-223-cm","status":"publish","type":"product","link":"https:\/\/lifee.hu\/teszt\/termek\/boska-amigo-talalodeszka-s-223-cm\/","title":{"rendered":"BOSKA Amigo t\u00e1lal\u00f3deszka S (22,3 cm)"},"content":{"rendered":"","protected":false},"excerpt":{"rendered":"<p style=\"font-weight: 400; text-align: justify;\">Romantikus est\u00e9re k\u00e9sz\u00fclsz a p\u00e1roddal? Vagy megh\u00edvtad egy bar\u00e1todat egy kellemes besz\u00e9lget\u00e9sre? Esetleg magadban k\u00e9sz\u00fclsz egy lazul\u00f3s, filmn\u00e9z\u0151s est\u00e9re? Akkor ne feledkezz meg a mennyei falatokr\u00f3l sem, amelyek m\u00e9g szuperebb\u00e9 teszik az alkalmat! K\u00e9sz\u00edts b\u00e1rmit \u2013 \u00ednycsikland\u00f3 tapast, sajtt\u00e1lat, \u00e9des falatokat \u2013, a BOSKA legkisebb m\u00e9ret\u0171 Amigo t\u00e1lal\u00f3deszk\u00e1j\u00e1t a gusztusos \u00e9s praktikus szerv\u00edroz\u00e1shoz tal\u00e1lt\u00e1k ki egy-k\u00e9t szem\u00e9ly r\u00e9sz\u00e9re. Sz\u00e9p, term\u00e9szetes anyagb\u00f3l, b\u00fckkf\u00e1b\u00f3l k\u00e9sz\u00fclt, amin kimondottan j\u00f3l mutatnak a harapnival\u00f3k, \u00e9s ne feledd: a gasztron\u00f3mia ir\u00e1nt \u00e9rdekl\u0151d\u0151 szeretteidnek is t\u00f6k\u00e9letes aj\u00e1nd\u00e9k ez az ig\u00e9nyes konyhai eszk\u00f6z!<\/p>\n<p style=\"font-weight: 400;\">Anyag: b\u00fckk<br \/>\nGarancia: 10 \u00e9v<br \/>\nM\u00e9ret: 223 mm x 88 mm x 15 mm (a hossz a ny\u00e9l n\u00e9lk\u00fcl \u00e9rtend\u0151)<br \/>\nA term\u00e9k csak k\u00e9zzel moshat\u00f3.<\/p>\n","protected":false},"featured_media":3157,"comment_status":"open","ping_status":"closed","template":"","meta":{"_acf_changed":false,"inline_featured_image":false},"product_cat":[39,132],"product_tag":[73,75,136],"class_list":{"0":"post-3149","1":"product","2":"type-product","3":"status-publish","4":"has-post-thumbnail","6":"product_cat-talalas","7":"product_cat-vendegvaro","8":"product_tag-boska","9":"product_tag-sajt","10":"product_tag-talalas","11":"pa_marka-boska","13":"first","14":"instock","15":"taxable","16":"shipping-taxable","17":"purchasable","18":"product-type-simple"},"acf":[],"_links":{"self":[{"href":"https:\/\/lifee.hu\/teszt\/wp-json\/wp\/v2\/product\/3149","targetHints":{"allow":["GET"]}}],"collection":[{"href":"https:\/\/lifee.hu\/teszt\/wp-json\/wp\/v2\/product"}],"about":[{"href":"https:\/\/lifee.hu\/teszt\/wp-json\/wp\/v2\/types\/product"}],"replies":[{"embeddable":true,"href":"https:\/\/lifee.hu\/teszt\/wp-json\/wp\/v2\/comments?post=3149"}],"wp:featuredmedia":[{"embeddable":true,"href":"https:\/\/lifee.hu\/teszt\/wp-json\/wp\/v2\/media\/3157"}],"wp:attachment":[{"href":"https:\/\/lifee.hu\/teszt\/wp-json\/wp\/v2\/media?parent=3149"}],"wp:term":[{"taxonomy":"product_cat","embeddable":true,"href":"https:\/\/lifee.hu\/teszt\/wp-json\/wp\/v2\/product_cat?post=3149"},{"taxonomy":"product_tag","embeddable":true,"href":"https:\/\/lifee.hu\/teszt\/wp-json\/wp\/v2\/product_tag?post=3149"}],"curies":[{"name":"wp","href":"https:\/\/api.w.org\/{rel}","templated":true}]}}