{"id":3121,"date":"2024-08-15T19:27:55","date_gmt":"2024-08-15T17:27:55","guid":{"rendered":"https:\/\/lifee.hu\/teszt\/?post_type=product&#038;p=3121"},"modified":"2025-02-14T09:24:45","modified_gmt":"2025-02-14T08:24:45","slug":"boska-copenhagen-sajtkeskeszlet","status":"publish","type":"product","link":"https:\/\/lifee.hu\/teszt\/termek\/boska-copenhagen-sajtkeskeszlet\/","title":{"rendered":"BOSKA Copenhagen sajtk\u00e9sk\u00e9szlet"},"content":{"rendered":"","protected":false},"excerpt":{"rendered":"<p style=\"font-weight: 400; text-align: justify;\">A BOSKA Copenhagen sajtk\u00e9sk\u00e9szlete t\u00f6k\u00e9letes v\u00e1laszt\u00e1s a gasztron\u00f3mia szerelmeseinek. A rozsdamentes ac\u00e9lb\u00f3l k\u00e9sz\u00fcl szett darabjaival nemcsak l\u00e1gy, f\u00e9lkem\u00e9ny \u00e9s kem\u00e9ny sajtot szerv\u00edrozhatsz \u00edzl\u00e9sesen, hanem ak\u00e1r csokiforg\u00e1cs k\u00e9sz\u00edt\u00e9s\u00e9hez is bevetheted. A gondos tervez\u00e9s \u00e9s a min\u0151s\u00e9gi anyaghaszn\u00e1lat garant\u00e1lja, hogy a k\u00e9szletet hossz\u00fa \u00e9veken, \u00e9vtizedeken \u00e1t haszn\u00e1lhasd napi szinten Brie-hez, ement\u00e1lihoz, parmez\u00e1nhoz \u00e9s egy\u00e9b finoms\u00e1gokhoz an\u00e9lk\u00fcl, hogy a sajt tapadna vagy t\u00f6rne.<\/p>\n<p style=\"font-weight: 400;\">A k\u00e9sek k\u00f6nny\u0171ek, praktikusak, eszt\u00e9tikusak \u00e9s st\u00edlusosak, \u00edgy nemcsak magadnak \u00e9rdemes beszerezned, hanem ak\u00e1r sajtim\u00e1d\u00f3 szeretteidnek, bar\u00e1taidnak is egy igaz\u00e1n k\u00fcl\u00f6nleges aj\u00e1nd\u00e9kk\u00e9nt.<\/p>\n<p style=\"font-weight: 400;\">Anyag: rozsdamentes ac\u00e9l<br \/>\nGarancia: \u00e9letre sz\u00f3l\u00f3<br \/>\nK\u00e9sek sz\u00e1ma: 3 db<br \/>\nM\u00e9ret (csomagol\u00e1sban): 179 mm x 132 mm x 28 mm<br \/>\nS\u00faly (csomagol\u00e1sban): 139 gramm<br \/>\nA k\u00e9sek mosogat\u00f3g\u00e9pben tiszt\u00edthat\u00f3k, h\u0171t\u0151be tehet\u0151k.<\/p>\n","protected":false},"featured_media":3129,"comment_status":"open","ping_status":"closed","template":"","meta":{"_acf_changed":false,"inline_featured_image":false},"product_cat":[62,33],"product_tag":[73,75],"class_list":{"0":"post-3121","1":"product","2":"type-product","3":"status-publish","4":"has-post-thumbnail","6":"product_cat-sajtimadoknak","7":"product_cat-sajtkes","8":"product_tag-boska","9":"product_tag-sajt","10":"pa_marka-boska","12":"first","13":"instock","14":"taxable","15":"shipping-taxable","16":"purchasable","17":"product-type-simple"},"acf":[],"_links":{"self":[{"href":"https:\/\/lifee.hu\/teszt\/wp-json\/wp\/v2\/product\/3121","targetHints":{"allow":["GET"]}}],"collection":[{"href":"https:\/\/lifee.hu\/teszt\/wp-json\/wp\/v2\/product"}],"about":[{"href":"https:\/\/lifee.hu\/teszt\/wp-json\/wp\/v2\/types\/product"}],"replies":[{"embeddable":true,"href":"https:\/\/lifee.hu\/teszt\/wp-json\/wp\/v2\/comments?post=3121"}],"wp:featuredmedia":[{"embeddable":true,"href":"https:\/\/lifee.hu\/teszt\/wp-json\/wp\/v2\/media\/3129"}],"wp:attachment":[{"href":"https:\/\/lifee.hu\/teszt\/wp-json\/wp\/v2\/media?parent=3121"}],"wp:term":[{"taxonomy":"product_cat","embeddable":true,"href":"https:\/\/lifee.hu\/teszt\/wp-json\/wp\/v2\/product_cat?post=3121"},{"taxonomy":"product_tag","embeddable":true,"href":"https:\/\/lifee.hu\/teszt\/wp-json\/wp\/v2\/product_tag?post=3121"}],"curies":[{"name":"wp","href":"https:\/\/api.w.org\/{rel}","templated":true}]}}