{"id":3090,"date":"2024-08-15T19:17:17","date_gmt":"2024-08-15T17:17:17","guid":{"rendered":"https:\/\/lifee.hu\/teszt\/?post_type=product&#038;p=3090"},"modified":"2025-02-07T17:42:15","modified_gmt":"2025-02-07T16:42:15","slug":"boska-amigo-sajtgyalu-tetovel","status":"publish","type":"product","link":"https:\/\/lifee.hu\/teszt\/termek\/boska-amigo-sajtgyalu-tetovel\/","title":{"rendered":"BOSKA Amigo sajtgyalu, tet\u0151vel"},"content":{"rendered":"","protected":false},"excerpt":{"rendered":"<p style=\"font-weight: 400; text-align: justify;\">Legyen sz\u00f3 t\u00e9szta\u00e9telr\u0151l, sal\u00e1t\u00e1r\u00f3l vagy szendvicsr\u0151l, a szemet gy\u00f6ny\u00f6rk\u00f6dtet\u0151, \u00edzletes sajtforg\u00e1cs pazarr\u00e1 tesz b\u00e1rmilyen fog\u00e1st, \u00e9s fens\u00e9gess\u00e9 var\u00e1zsolja a borfogyaszt\u00e1st. A kimondottan a sv\u00e1jci t\u00eate de moine, azaz bar\u00e1tfej sajthoz k\u00e9sz\u00fclt gyaluval csokol\u00e1d\u00e9forg\u00e1csot is k\u00e9sz\u00edthetsz, de fontos, hogy annak t\u00f6mbform\u00e1ja illeszkedjen ehhez a speci\u00e1lis, m\u00e9gis k\u00f6nnyen kezelhet\u0151 konyhai eszk\u00f6zh\u00f6z. T\u00f6k\u00e9letes aj\u00e1nd\u00e9k \u00ednyenceknek, \u00e9s persze mindenkinek, aki szereti maga elk\u00e9sz\u00edteni a k\u00fcl\u00f6nleges, st\u00edlusos, ig\u00e9nyes vend\u00e9gv\u00e1r\u00f3 falatokat, ellen\u00e1llhatatlan fog\u00e1sokat.<\/p>\n<p style=\"font-weight: 400;\">Anyag: fa, rozsdamentes ac\u00e9l, m\u0171anyag<br \/>\nGarancia: 10 \u00e9v<br \/>\nTerm\u00e9k m\u00e9rete: 223 mm magas x 218 mm x 143 mm<\/p>\n<p style=\"font-weight: 400;\">Term\u00e9k m\u00e9rete aj\u00e1nd\u00e9kdobozban: 242 mm x 229 mm x 58 mm<br \/>\nA sajtgyalu ac\u00e9ltartoz\u00e9ka mosogat\u00f3g\u00e9pben moshat\u00f3.<\/p>\n","protected":false},"featured_media":3106,"comment_status":"open","ping_status":"closed","template":"","meta":{"_acf_changed":false,"inline_featured_image":false},"product_cat":[62,39,132],"product_tag":[73,75],"class_list":{"0":"post-3090","1":"product","2":"type-product","3":"status-publish","4":"has-post-thumbnail","6":"product_cat-sajtimadoknak","7":"product_cat-talalas","8":"product_cat-vendegvaro","9":"product_tag-boska","10":"product_tag-sajt","11":"pa_marka-boska","13":"first","14":"outofstock","15":"taxable","16":"shipping-taxable","17":"purchasable","18":"product-type-simple"},"acf":[],"_links":{"self":[{"href":"https:\/\/lifee.hu\/teszt\/wp-json\/wp\/v2\/product\/3090","targetHints":{"allow":["GET"]}}],"collection":[{"href":"https:\/\/lifee.hu\/teszt\/wp-json\/wp\/v2\/product"}],"about":[{"href":"https:\/\/lifee.hu\/teszt\/wp-json\/wp\/v2\/types\/product"}],"replies":[{"embeddable":true,"href":"https:\/\/lifee.hu\/teszt\/wp-json\/wp\/v2\/comments?post=3090"}],"wp:featuredmedia":[{"embeddable":true,"href":"https:\/\/lifee.hu\/teszt\/wp-json\/wp\/v2\/media\/3106"}],"wp:attachment":[{"href":"https:\/\/lifee.hu\/teszt\/wp-json\/wp\/v2\/media?parent=3090"}],"wp:term":[{"taxonomy":"product_cat","embeddable":true,"href":"https:\/\/lifee.hu\/teszt\/wp-json\/wp\/v2\/product_cat?post=3090"},{"taxonomy":"product_tag","embeddable":true,"href":"https:\/\/lifee.hu\/teszt\/wp-json\/wp\/v2\/product_tag?post=3090"}],"curies":[{"name":"wp","href":"https:\/\/api.w.org\/{rel}","templated":true}]}}