{"id":2788,"date":"2024-08-05T06:44:15","date_gmt":"2024-08-05T04:44:15","guid":{"rendered":"https:\/\/lifee.hu\/teszt\/?post_type=product&#038;p=2788"},"modified":"2025-05-13T12:09:42","modified_gmt":"2025-05-13T10:09:42","slug":"dopper-termosz-pelican-pink-350-ml","status":"publish","type":"product","link":"https:\/\/lifee.hu\/teszt\/termek\/dopper-termosz-pelican-pink-350-ml\/","title":{"rendered":"Dopper termosz 350 ml \u2013 Pelican Pink (r\u00f3zsasz\u00edn)"},"content":{"rendered":"<p style=\"font-weight: 400;\"><strong>M\u00e9retek:<\/strong><\/p>\n<ul style=\"font-weight: 400;\">\n<li>\u0170rtartalom: 350 ml<\/li>\n<li>\u00c1tm\u00e9r\u0151: 6 cm<\/li>\n<li>Magass\u00e1g: 24 cm<\/li>\n<li>S\u00faly: 270 g<\/li>\n<\/ul>\n<p style=\"font-weight: 400;\"><strong>Anyagok:<\/strong><\/p>\n<ul style=\"font-weight: 400;\">\n<li>18\/8 rozsdamentes ac\u00e9l (palack)<\/li>\n<li>PP \u2013 polipropil\u00e9n (kupak)<\/li>\n<li>Tritan \u2013 kopoli\u00e9szter (feh\u00e9r poh\u00e1r)<\/li>\n<li>Szilikon (t\u00f6m\u00edt\u0151gy\u0171r\u0171)<\/li>\n<li>BPA- \u00e9s k\u00e1rosanyag-mentes<\/li>\n<\/ul>\n","protected":false},"excerpt":{"rendered":"<p style=\"font-weight: 400;\"><strong>Egy palack n\u00e9gy \u00e9vszakra<\/strong><\/p>\n<p style=\"font-weight: 400;\">B\u00e1rmilyen is legyen az id\u0151j\u00e1r\u00e1s, a Dopper 350 ml-es termosz\u00e1val mindig friss \u2013 ak\u00e1r forr\u00f3 \u2013 csapv\u00edzhez juthatsz.<\/p>\n<p>A termosz 9 \u00f3r\u00e1n \u00e1t melegen, vagy 24 \u00f3r\u00e1n \u00e1t hidegen tartja a vizet, a te\u00e1t \u00e9s a k\u00e1v\u00e9t, haszn\u00e1lat\u00e1val pedig eg\u00e9sz \u00e9vben \u00f3vod az \u00f3ce\u00e1nokat.<\/p>\n<p style=\"font-weight: 400;\"><strong>Tulajdons\u00e1gok:<\/strong><\/p>\n<ul style=\"font-weight: 400;\">\n<li>Sziv\u00e1rg\u00e1smentes \u00e9s karc\u00e1ll\u00f3<\/li>\n<li>90%-ban \u00fajrahasznos\u00edtott ac\u00e9lb\u00f3l k\u00e9sz\u00fclt<\/li>\n<li>Dupla fal\u00fa, v\u00e1kuumos<\/li>\n<li>3-r\u00e9szes kialak\u00edt\u00e1s \u2013 palack, poh\u00e1r \u00e9s kupak \u2013, k\u00f6nny\u0171 megt\u00f6lteni \u00e9s tiszt\u00edtani<\/li>\n<li>Mosogat\u00f3g\u00e9pben is tiszt\u00edthat\u00f3 (65 Celsius-fokig)<\/li>\n<li>Meleg \u00e9s hideg italokhoz<\/li>\n<li>Figyelmeztet\u00e9s: a tea \u00e9s a k\u00e1v\u00e9 sz\u00edn- \u00e9s illatmaradv\u00e1nyokat okozhat<\/li>\n<\/ul>\n","protected":false},"featured_media":2791,"comment_status":"open","ping_status":"closed","template":"","meta":{"_acf_changed":false,"inline_featured_image":false},"product_cat":[49],"product_tag":[103,116],"class_list":{"0":"post-2788","1":"product","2":"type-product","3":"status-publish","4":"has-post-thumbnail","6":"product_cat-kulacs","7":"product_tag-dopper","8":"product_tag-termosz","9":"pa_marka-dopper","10":"product_brand-dopper","12":"first","13":"instock","14":"taxable","15":"shipping-taxable","16":"purchasable","17":"product-type-simple"},"acf":[],"_links":{"self":[{"href":"https:\/\/lifee.hu\/teszt\/wp-json\/wp\/v2\/product\/2788","targetHints":{"allow":["GET"]}}],"collection":[{"href":"https:\/\/lifee.hu\/teszt\/wp-json\/wp\/v2\/product"}],"about":[{"href":"https:\/\/lifee.hu\/teszt\/wp-json\/wp\/v2\/types\/product"}],"replies":[{"embeddable":true,"href":"https:\/\/lifee.hu\/teszt\/wp-json\/wp\/v2\/comments?post=2788"}],"wp:featuredmedia":[{"embeddable":true,"href":"https:\/\/lifee.hu\/teszt\/wp-json\/wp\/v2\/media\/2791"}],"wp:attachment":[{"href":"https:\/\/lifee.hu\/teszt\/wp-json\/wp\/v2\/media?parent=2788"}],"wp:term":[{"taxonomy":"product_cat","embeddable":true,"href":"https:\/\/lifee.hu\/teszt\/wp-json\/wp\/v2\/product_cat?post=2788"},{"taxonomy":"product_tag","embeddable":true,"href":"https:\/\/lifee.hu\/teszt\/wp-json\/wp\/v2\/product_tag?post=2788"}],"curies":[{"name":"wp","href":"https:\/\/api.w.org\/{rel}","templated":true}]}}