{"id":2698,"date":"2024-06-16T21:37:27","date_gmt":"2024-06-16T19:37:27","guid":{"rendered":"https:\/\/lifee.hu\/teszt\/?post_type=product&#038;p=2698"},"modified":"2025-05-13T12:09:43","modified_gmt":"2025-05-13T10:09:43","slug":"dopper-sportkupak-atlantic-blue","status":"publish","type":"product","link":"https:\/\/lifee.hu\/teszt\/termek\/dopper-sportkupak-atlantic-blue\/","title":{"rendered":"DOPPER sportkupak \u2013 Atlantic Blue (k\u00e9k)"},"content":{"rendered":"","protected":false},"excerpt":{"rendered":"<p><strong>Dopper sportkupak \u2013 sportp\u00e1ly\u00e1n, terepen, uszod\u00e1ban, edz\u0151teremben, j\u00f3gamatracon<\/strong><\/p>\n<p>Sportol\u00e1s k\u00f6zben sem kell egyszer haszn\u00e1latos palackokb\u00f3l p\u00f3tolnod a folyad\u00e9kvesztes\u00e9ged \u2013 ink\u00e1bb szerezz be egy praktikus sportkupakot a Dopper palackodhoz, amib\u0151l \u00edgy gyorsan \u00e9s egyszer\u0171en ihatsz vizet!<\/p>\n<p><strong>Tulajdons\u00e1gok:<\/strong><\/p>\n<ul>\n<li>Minden Dopper Original \u00e9s Dopper Steel palackkal kompatibilis<\/li>\n<li>Mosogat\u00f3g\u00e9pben is tiszt\u00edthat\u00f3 65 Celsius-fokig<\/li>\n<li>Hollandi\u00e1ban gy\u00e1rtott term\u00e9k<\/li>\n<\/ul>\n<p><strong>Anyagok:<\/strong><\/p>\n<ul>\n<li>PP (polipropil\u00e9n)<\/li>\n<li>TPV (termoplasztikus vulkaniz\u00e1tum)<\/li>\n<li>BPA\/l\u00e1gy\u00edt\u00f3- \u00e9s k\u00e1rosanyagmentes<\/li>\n<\/ul>\n","protected":false},"featured_media":2704,"comment_status":"open","ping_status":"closed","template":"","meta":{"_acf_changed":false,"inline_featured_image":false},"product_cat":[49],"product_tag":[103,126,124],"class_list":{"0":"post-2698","1":"product","2":"type-product","3":"status-publish","4":"has-post-thumbnail","6":"product_cat-kulacs","7":"product_tag-dopper","8":"product_tag-kiegeszito","9":"product_tag-sportkupak","10":"pa_marka-dopper","11":"product_brand-dopper","13":"first","14":"instock","15":"taxable","16":"shipping-taxable","17":"purchasable","18":"product-type-simple"},"acf":[],"_links":{"self":[{"href":"https:\/\/lifee.hu\/teszt\/wp-json\/wp\/v2\/product\/2698","targetHints":{"allow":["GET"]}}],"collection":[{"href":"https:\/\/lifee.hu\/teszt\/wp-json\/wp\/v2\/product"}],"about":[{"href":"https:\/\/lifee.hu\/teszt\/wp-json\/wp\/v2\/types\/product"}],"replies":[{"embeddable":true,"href":"https:\/\/lifee.hu\/teszt\/wp-json\/wp\/v2\/comments?post=2698"}],"wp:featuredmedia":[{"embeddable":true,"href":"https:\/\/lifee.hu\/teszt\/wp-json\/wp\/v2\/media\/2704"}],"wp:attachment":[{"href":"https:\/\/lifee.hu\/teszt\/wp-json\/wp\/v2\/media?parent=2698"}],"wp:term":[{"taxonomy":"product_cat","embeddable":true,"href":"https:\/\/lifee.hu\/teszt\/wp-json\/wp\/v2\/product_cat?post=2698"},{"taxonomy":"product_tag","embeddable":true,"href":"https:\/\/lifee.hu\/teszt\/wp-json\/wp\/v2\/product_tag?post=2698"}],"curies":[{"name":"wp","href":"https:\/\/api.w.org\/{rel}","templated":true}]}}