{"id":2670,"date":"2024-04-26T06:16:22","date_gmt":"2024-04-26T04:16:22","guid":{"rendered":"https:\/\/lifee.hu\/teszt\/?post_type=product&#038;p=2670"},"modified":"2025-05-13T12:09:44","modified_gmt":"2025-05-13T10:09:44","slug":"dopper-uvegkulacs-400-ml","status":"publish","type":"product","link":"https:\/\/lifee.hu\/teszt\/termek\/dopper-uvegkulacs-400-ml\/","title":{"rendered":"DOPPER \u00fcvegkulacs (400 ml)"},"content":{"rendered":"<p style=\"font-weight: 400;\"><strong>M\u00e9retek:<\/strong><\/p>\n<ul>\n<li>\u0170rtartalom: 400 ml<\/li>\n<li>\u00c1tm\u00e9r\u0151: 6 cm<\/li>\n<li>Magass\u00e1g: 25,7 cm<\/li>\n<li>S\u00faly: 412,5 gramm<\/li>\n<\/ul>\n<p style=\"font-weight: 400;\"><strong>Anyagok:<\/strong><\/p>\n<ul>\n<li>Boroszilik\u00e1t \u00fcveg (palack)<\/li>\n<li>PP \u2013 polipropil\u00e9n (kupak)<\/li>\n<li>Tritan (poh\u00e1r)<\/li>\n<li>TPE \u2013 termoplasztikus elasztomer (t\u00f6m\u00edt\u00e9s a kupakban)<\/li>\n<li>Szilikon (t\u00f6m\u00edt\u00e9s a poh\u00e1rban)<\/li>\n<li>BPA- \u00e9s ftal\u00e1tmentes<\/li>\n<\/ul>\n","protected":false},"excerpt":{"rendered":"<p style=\"font-weight: 400;\">\u00d3ce\u00e1nment\u00e9s luxuskivitelben: vedd fel a keszty\u0171t a m\u0171anyagszennyez\u00e9s ellen, \u00e9s v\u00e1laszd a DOPPER \u00fcvegkulacsot a k\u00f6rnyezetv\u00e9delem jegy\u00e9ben!<\/p>\n<p style=\"font-weight: 400;\"><strong>Tulajdons\u00e1gok:<\/strong><\/p>\n<ul style=\"font-weight: 400;\">\n<li>3-r\u00e9szes kialak\u00edt\u00e1s: k\u00f6nny\u0171 megt\u00f6lteni \u00e9s tiszt\u00edtani, a teteje poh\u00e1rk\u00e9nt haszn\u00e1lhat\u00f3<\/li>\n<li>Mosogat\u00f3g\u00e9pben is tiszt\u00edthat\u00f3 (65 Celsius-fokig)<\/li>\n<li>BPA- \u00e9s k\u00e1rosanyagmentes<\/li>\n<li>Kiz\u00e1r\u00f3lag csapv\u00edzhez haszn\u00e1lhat\u00f3<\/li>\n<li>Vigy\u00e1zz r\u00e1: boroszilik\u00e1t \u00fcvegb\u0151l k\u00e9sz\u00fclt, ami az edzett \u00fcvegn\u00e9l is ellen\u00e1ll\u00f3bb, de m\u00e9giscsak \u00fcveg, \u00edgy nem t\u00f6rhetetlen.<\/li>\n<\/ul>\n","protected":false},"featured_media":2714,"comment_status":"open","ping_status":"closed","template":"","meta":{"_acf_changed":false,"inline_featured_image":false},"product_cat":[49],"product_tag":[103,105],"class_list":{"0":"post-2670","1":"product","2":"type-product","3":"status-publish","4":"has-post-thumbnail","6":"product_cat-kulacs","7":"product_tag-dopper","8":"product_tag-kulacs","9":"pa_marka-dopper","10":"product_brand-dopper","12":"first","13":"instock","14":"taxable","15":"shipping-taxable","16":"purchasable","17":"product-type-simple"},"acf":[],"_links":{"self":[{"href":"https:\/\/lifee.hu\/teszt\/wp-json\/wp\/v2\/product\/2670","targetHints":{"allow":["GET"]}}],"collection":[{"href":"https:\/\/lifee.hu\/teszt\/wp-json\/wp\/v2\/product"}],"about":[{"href":"https:\/\/lifee.hu\/teszt\/wp-json\/wp\/v2\/types\/product"}],"replies":[{"embeddable":true,"href":"https:\/\/lifee.hu\/teszt\/wp-json\/wp\/v2\/comments?post=2670"}],"wp:featuredmedia":[{"embeddable":true,"href":"https:\/\/lifee.hu\/teszt\/wp-json\/wp\/v2\/media\/2714"}],"wp:attachment":[{"href":"https:\/\/lifee.hu\/teszt\/wp-json\/wp\/v2\/media?parent=2670"}],"wp:term":[{"taxonomy":"product_cat","embeddable":true,"href":"https:\/\/lifee.hu\/teszt\/wp-json\/wp\/v2\/product_cat?post=2670"},{"taxonomy":"product_tag","embeddable":true,"href":"https:\/\/lifee.hu\/teszt\/wp-json\/wp\/v2\/product_tag?post=2670"}],"curies":[{"name":"wp","href":"https:\/\/api.w.org\/{rel}","templated":true}]}}