{"id":2392,"date":"2024-02-18T14:53:29","date_gmt":"2024-02-18T13:53:29","guid":{"rendered":"https:\/\/lifee.hu\/teszt\/?post_type=product&#038;p=2392"},"modified":"2025-02-11T07:27:48","modified_gmt":"2025-02-11T06:27:48","slug":"boska-pizza-party-pizzako","status":"publish","type":"product","link":"https:\/\/lifee.hu\/teszt\/termek\/boska-pizza-party-pizzako\/","title":{"rendered":"BOSKA Pizza Party pizzak\u0151"},"content":{"rendered":"","protected":false},"excerpt":{"rendered":"<p style=\"font-weight: 400;\">A vil\u00e1g tal\u00e1n legn\u00e9pszer\u0171bb \u00e9tele a pizza, biztosan te is gyakran v\u00e1lasztod filmn\u00e9z\u0151s est\u00e9kre, bar\u00e1ti \u00f6sszej\u00f6vetelekre. H\u00e1zilag is egyszer\u0171en \u00f6sszedobhat\u00f3 alig n\u00e9h\u00e1ny hozz\u00e1val\u00f3b\u00f3l, r\u00e1ad\u00e1sul ez esetben \u00fagy \u00edzes\u00edted, ahogy csak szeretn\u00e9d. Az otthoni pizzas\u00fct\u00e9s egyik legpraktikusabb kell\u00e9ke a pizzak\u0151, ami elsz\u00edvja a p\u00e1r\u00e1t \u00e9s j\u00f3l vezeti a h\u0151t, gyorsabb\u00e1 \u00e9s egyenletesebb\u00e9 t\u00e9ve a s\u00fct\u00e9st, \u00edgy a pizza sz\u00e9le kell\u0151k\u00e9pp megemelkedik, \u00e9s a t\u00e9szta ropog\u00f3sra s\u00fcl. De a BOSKA pizzak\u00f6ve m\u00e9g enn\u00e9l t\u00f6bbet tud: tartozik hozz\u00e1 egy \u00f6nt\u00f6ttvas alj, amire \u00f6t team\u00e9csest tehetsz, \u00edgy garant\u00e1lt, hogy nem h\u0171l ki az olasz finoms\u00e1g, am\u00edg el nem fogy az utols\u00f3 szeletig.<\/p>\n<p style=\"font-weight: 400;\">Tipp: a pizz\u00e1n k\u00edv\u00fcl egy\u00e9b finoms\u00e1gokat is melegen tarthatsz a pizzak\u00f6v\u00f6n. A term\u00e9k egyszer\u0171en tiszt\u00edthat\u00f3, a pereme pedig megakad\u00e1lyozza, hogy v\u00e9letlen\u00fcl lecs\u00fasszon r\u00f3la a pizza.<\/p>\n<p style=\"font-weight: 400;\">Sz\u00edn: kr\u00e9m<br \/>\nAnyag: kordierit, \u00f6nt\u00f6ttvas<br \/>\nGarancia: 10 \u00e9v<br \/>\nM\u00e9ret (tart\u00f3val): 80 mm magas, 350 mm sz\u00e9les<br \/>\n\u00c1tm\u00e9r\u0151 (k\u0151): 350 mm<br \/>\nS\u00faly: 3,2 kg<br \/>\nA pizzak\u0151 csak k\u00e9zzel moshat\u00f3, s\u00fct\u0151be \u00e9s grillr\u00e1csra is tehet\u0151.<\/p>\n","protected":false},"featured_media":2406,"comment_status":"open","ping_status":"closed","template":"","meta":{"_acf_changed":false,"inline_featured_image":false},"product_cat":[79,132],"product_tag":[197,77],"class_list":{"0":"post-2392","1":"product","2":"type-product","3":"status-publish","4":"has-post-thumbnail","6":"product_cat-pizzaimadoknak","7":"product_cat-vendegvaro","8":"product_tag-party","9":"product_tag-pizza","10":"pa_marka-boska","12":"first","13":"instock","14":"taxable","15":"shipping-taxable","16":"purchasable","17":"product-type-simple"},"acf":[],"_links":{"self":[{"href":"https:\/\/lifee.hu\/teszt\/wp-json\/wp\/v2\/product\/2392","targetHints":{"allow":["GET"]}}],"collection":[{"href":"https:\/\/lifee.hu\/teszt\/wp-json\/wp\/v2\/product"}],"about":[{"href":"https:\/\/lifee.hu\/teszt\/wp-json\/wp\/v2\/types\/product"}],"replies":[{"embeddable":true,"href":"https:\/\/lifee.hu\/teszt\/wp-json\/wp\/v2\/comments?post=2392"}],"wp:featuredmedia":[{"embeddable":true,"href":"https:\/\/lifee.hu\/teszt\/wp-json\/wp\/v2\/media\/2406"}],"wp:attachment":[{"href":"https:\/\/lifee.hu\/teszt\/wp-json\/wp\/v2\/media?parent=2392"}],"wp:term":[{"taxonomy":"product_cat","embeddable":true,"href":"https:\/\/lifee.hu\/teszt\/wp-json\/wp\/v2\/product_cat?post=2392"},{"taxonomy":"product_tag","embeddable":true,"href":"https:\/\/lifee.hu\/teszt\/wp-json\/wp\/v2\/product_tag?post=2392"}],"curies":[{"name":"wp","href":"https:\/\/api.w.org\/{rel}","templated":true}]}}