{"id":2385,"date":"2024-02-18T14:32:41","date_gmt":"2024-02-18T13:32:41","guid":{"rendered":"https:\/\/lifee.hu\/teszt\/?post_type=product&#038;p=2385"},"modified":"2025-02-07T10:02:53","modified_gmt":"2025-02-07T09:02:53","slug":"boska-tapas-fondu-l-600-ml","status":"publish","type":"product","link":"https:\/\/lifee.hu\/teszt\/termek\/boska-tapas-fondu-l-600-ml\/","title":{"rendered":"BOSKA tapas fond\u00fc fekete L &#8211; 600 ml"},"content":{"rendered":"","protected":false},"excerpt":{"rendered":"<p style=\"font-weight: 400; text-align: justify;\">Esti filmn\u00e9z\u00e9s a csal\u00e1ddal? Izgalmas k\u00e1rtyaparti a bar\u00e1tokkal? B\u00e1rmilyen programot tal\u00e1lsz ki a kellemes kikapcsol\u00f3d\u00e1shoz, egy j\u00f3\u00edz\u0171 fond\u00fcz\u00e9s mindenk\u00e9pp duk\u00e1l hozz\u00e1. A BOSKA 600 ml-es ker\u00e1miat\u00e1lj\u00e1ban pillanatok alatt elk\u00e9sz\u00fcl a mennyei olvasztott sajt, amit ig\u00e9ny eset\u00e9n melegen tartanak a k\u00e9szlethez tartoz\u00f3 aljra helyezhet\u0151 team\u00e9csesek.<\/p>\n<p style=\"font-weight: 400;\">A k\u00e9szlet tartalma:<\/p>\n<ul>\n<li>600 ml-es fond\u00fct\u00e1l<\/li>\n<li>t\u00f6lgyfa tart\u00f3 a melegen tart\u00e1shoz<\/li>\n<li>4 db fond\u00fcvilla<\/li>\n<li>1 db m\u00e9cses<\/li>\n<\/ul>\n<p style=\"font-weight: 400; text-align: justify;\">Figyelem! A fond\u00fct\u00e1l csak mikrohull\u00e1m\u00fa s\u00fct\u0151ben haszn\u00e1lhat\u00f3. Egy\u00e9b h\u0151forr\u00e1s \u2013 p\u00e9ld\u00e1ul indukci\u00f3s vagy elektromos s\u00fct\u0151 \u2013 eset\u00e9n c\u00e9lszer\u0171 m\u00e1sik ed\u00e9nyt haszn\u00e1lni a sajtolvaszt\u00e1shoz.<\/p>\n<p style=\"font-weight: 400;\">Sz\u00edn: fekete<br \/>\nGarancia: 10 \u00e9v<br \/>\nM\u00e9ret (doboz): 200 mm x 157 mm x 150 mm<br \/>\nS\u00faly (doboz): 1,565 kg<br \/>\nA fond\u00fct\u00e1l mosogat\u00f3g\u00e9pben moshat\u00f3, a vill\u00e1k \u00e9s a tart\u00f3 k\u00e9zzel tiszt\u00edthat\u00f3.<\/p>\n","protected":false},"featured_media":2387,"comment_status":"open","ping_status":"closed","template":"","meta":{"_acf_changed":false,"inline_featured_image":false},"product_cat":[31,62,132],"product_tag":[73,180],"class_list":{"0":"post-2385","1":"product","2":"type-product","3":"status-publish","4":"has-post-thumbnail","6":"product_cat-fondu","7":"product_cat-sajtimadoknak","8":"product_cat-vendegvaro","9":"product_tag-boska","10":"product_tag-fondu","11":"pa_marka-boska","13":"first","14":"instock","15":"taxable","16":"shipping-taxable","17":"purchasable","18":"product-type-simple"},"acf":[],"_links":{"self":[{"href":"https:\/\/lifee.hu\/teszt\/wp-json\/wp\/v2\/product\/2385","targetHints":{"allow":["GET"]}}],"collection":[{"href":"https:\/\/lifee.hu\/teszt\/wp-json\/wp\/v2\/product"}],"about":[{"href":"https:\/\/lifee.hu\/teszt\/wp-json\/wp\/v2\/types\/product"}],"replies":[{"embeddable":true,"href":"https:\/\/lifee.hu\/teszt\/wp-json\/wp\/v2\/comments?post=2385"}],"wp:featuredmedia":[{"embeddable":true,"href":"https:\/\/lifee.hu\/teszt\/wp-json\/wp\/v2\/media\/2387"}],"wp:attachment":[{"href":"https:\/\/lifee.hu\/teszt\/wp-json\/wp\/v2\/media?parent=2385"}],"wp:term":[{"taxonomy":"product_cat","embeddable":true,"href":"https:\/\/lifee.hu\/teszt\/wp-json\/wp\/v2\/product_cat?post=2385"},{"taxonomy":"product_tag","embeddable":true,"href":"https:\/\/lifee.hu\/teszt\/wp-json\/wp\/v2\/product_tag?post=2385"}],"curies":[{"name":"wp","href":"https:\/\/api.w.org\/{rel}","templated":true}]}}