{"id":2352,"date":"2024-02-18T13:17:12","date_gmt":"2024-02-18T12:17:12","guid":{"rendered":"https:\/\/lifee.hu\/teszt\/?post_type=product&#038;p=2352"},"modified":"2024-11-27T10:56:00","modified_gmt":"2024-11-27T09:56:00","slug":"boska-partyclette-togo-oslo","status":"publish","type":"product","link":"https:\/\/lifee.hu\/teszt\/termek\/boska-partyclette-togo-oslo\/","title":{"rendered":"BOSKA Oslo Partyclette\u00ae ToGo"},"content":{"rendered":"","protected":false},"excerpt":{"rendered":"<p style=\"font-weight: 400;\">A hangulatos raclette-ez\u00e9shez nincs sz\u00fcks\u00e9ged \u00e1ramra, ha a BOSKA hordozhat\u00f3 Partyclette term\u00e9ke mellett d\u00f6ntesz, \u00edgy akkor \u00e9s ott k\u00e9sz\u00edthetsz mennyei olvasztott sajtos falatk\u00e1kat, amikor \u00e9s ahol csak szeretn\u00e9l. Vidd magaddal piknikre, kerti partira, s\u00e1toroz\u00e1shoz, vagy csak \u00fcljetek ki vele a teraszra, \u00e9s ny\u0171g\u00f6zd le a t\u00e1rsas\u00e1got az egyszer\u0171s\u00e9g\u00e9ben is nagyszer\u0171 Partyclette-tel!<\/p>\n<p style=\"font-weight: 400;\">A k\u00e9szlet tartalma:<\/p>\n<ul>\n<li>m\u00e9csestart\u00f3<\/li>\n<li>tapad\u00e1smentes sajtolvaszt\u00f3 t\u00e1l kihajthat\u00f3 fafoganty\u00faval<\/li>\n<li>m\u0171anyag spatula<\/li>\n<\/ul>\n<p style=\"font-weight: 400;\">Anyag: fa, f\u00e9m, m\u0171anyag<br \/>\nGarancia: 10 \u00e9v<br \/>\nM\u00e9ret: \u00a0324 mm x 87 mm x 114 mm<br \/>\nS\u00faly: 460 gramm<br \/>\nAz olvaszt\u00f3t\u00e1lca grillr\u00e1csra is tehet\u0151. A term\u00e9k csak k\u00e9zzel tiszt\u00edthat\u00f3.<\/p>\n","protected":false},"featured_media":2359,"comment_status":"open","ping_status":"closed","template":"","meta":{"_acf_changed":false,"inline_featured_image":false},"product_cat":[62,132],"product_tag":[73,197],"class_list":{"0":"post-2352","1":"product","2":"type-product","3":"status-publish","4":"has-post-thumbnail","6":"product_cat-sajtimadoknak","7":"product_cat-vendegvaro","8":"product_tag-boska","9":"product_tag-party","10":"pa_marka-boska","12":"first","13":"instock","14":"taxable","15":"shipping-taxable","16":"purchasable","17":"product-type-simple"},"acf":[],"_links":{"self":[{"href":"https:\/\/lifee.hu\/teszt\/wp-json\/wp\/v2\/product\/2352","targetHints":{"allow":["GET"]}}],"collection":[{"href":"https:\/\/lifee.hu\/teszt\/wp-json\/wp\/v2\/product"}],"about":[{"href":"https:\/\/lifee.hu\/teszt\/wp-json\/wp\/v2\/types\/product"}],"replies":[{"embeddable":true,"href":"https:\/\/lifee.hu\/teszt\/wp-json\/wp\/v2\/comments?post=2352"}],"wp:featuredmedia":[{"embeddable":true,"href":"https:\/\/lifee.hu\/teszt\/wp-json\/wp\/v2\/media\/2359"}],"wp:attachment":[{"href":"https:\/\/lifee.hu\/teszt\/wp-json\/wp\/v2\/media?parent=2352"}],"wp:term":[{"taxonomy":"product_cat","embeddable":true,"href":"https:\/\/lifee.hu\/teszt\/wp-json\/wp\/v2\/product_cat?post=2352"},{"taxonomy":"product_tag","embeddable":true,"href":"https:\/\/lifee.hu\/teszt\/wp-json\/wp\/v2\/product_tag?post=2352"}],"curies":[{"name":"wp","href":"https:\/\/api.w.org\/{rel}","templated":true}]}}