{"id":2339,"date":"2024-02-17T22:33:25","date_gmt":"2024-02-17T21:33:25","guid":{"rendered":"https:\/\/lifee.hu\/teszt\/?post_type=product&#038;p=2339"},"modified":"2024-11-27T10:56:00","modified_gmt":"2024-11-27T09:56:00","slug":"boska-diy-csokoladeszelet-keszito","status":"publish","type":"product","link":"https:\/\/lifee.hu\/teszt\/termek\/boska-diy-csokoladeszelet-keszito\/","title":{"rendered":"BOSKA DIY csokol\u00e1d\u00e9szelet-k\u00e9sz\u00edt\u0151"},"content":{"rendered":"","protected":false},"excerpt":{"rendered":"<p style=\"font-weight: 400;\">K\u00fcl\u00f6nleges \u00edzes\u00edt\u00e9s\u0171 csokol\u00e1d\u00e9ra v\u00e1gysz? Vagy ehet\u0151, egyedi aj\u00e1nd\u00e9kkal lepn\u00e9l meg valakit? \u00a0A BOSKA csokol\u00e1d\u00e9szelet-k\u00e9sz\u00edt\u0151j\u00e9vel igazi k\u00e9zm\u0171ves nyal\u00e1nks\u00e1gokat alkothatsz magadnak \u00e9s szeretteidnek. Legyen sz\u00f3 tej-, \u00e9t- vagy feh\u00e9r csokir\u00f3l, a szilikonform\u00e1val b\u00e1rmilyen szelet k\u00f6nnyed\u00e9n elk\u00e9sz\u00edthet\u0151 k\u00fcl\u00f6nf\u00e9le \u00edzes\u00edt\u00e9ssel, f\u0171szerekkel, t\u00f6ltel\u00e9kkel. K\u00eds\u00e9rletezz b\u00e1tran, pr\u00f3b\u00e1lj ki izgalmas kombin\u00e1ci\u00f3kat \u2013 vagy rendeld meg a term\u00e9ket aj\u00e1nd\u00e9knak egy csokiim\u00e1d\u00f3 csal\u00e1dtagod, bar\u00e1tod sz\u00e1m\u00e1ra!<\/p>\n<p style=\"font-weight: 400;\">A k\u00e9szlet tartalma: szilikonforma, csomagol\u00f3anyagok (aranyf\u00f3lia, pap\u00edr, matrica), receptek<\/p>\n<p style=\"font-weight: 400;\">Tipp: a szilikonform\u00e1ban k\u00fcl\u00f6nf\u00e9le \u00edzes\u00edt\u00e9s\u0171 jeget is k\u00e9sz\u00edthetsz a ny\u00e1ri sz\u00f6rp\u00f6kh\u00f6z, kokt\u00e9lokhoz.<\/p>\n<p style=\"font-weight: 400;\">Sz\u00edn: fekete<br \/>\nAnyag: szilikon<br \/>\nGarancia: 10 \u00e9v<br \/>\nM\u00e9ret: 200 mm x 100 mm x 15 mm<br \/>\nS\u00faly: 82 gramm<br \/>\nA szilikonforma mosogat\u00f3g\u00e9pben tiszt\u00edthat\u00f3, hagyom\u00e1nyos \u00e9s mikrohull\u00e1m\u00fa s\u00fct\u0151be, valamint fagyaszt\u00f3ba is tehet\u0151.<\/p>\n","protected":false},"featured_media":2436,"comment_status":"open","ping_status":"closed","template":"","meta":{"_acf_changed":false,"inline_featured_image":false},"product_cat":[83],"product_tag":[73,97,193],"class_list":{"0":"post-2339","1":"product","2":"type-product","3":"status-publish","4":"has-post-thumbnail","6":"product_cat-csokimaniasoknak","7":"product_tag-boska","8":"product_tag-csokolade","9":"product_tag-diy","10":"pa_marka-boska","12":"first","13":"instock","14":"taxable","15":"shipping-taxable","16":"purchasable","17":"product-type-simple"},"acf":[],"_links":{"self":[{"href":"https:\/\/lifee.hu\/teszt\/wp-json\/wp\/v2\/product\/2339","targetHints":{"allow":["GET"]}}],"collection":[{"href":"https:\/\/lifee.hu\/teszt\/wp-json\/wp\/v2\/product"}],"about":[{"href":"https:\/\/lifee.hu\/teszt\/wp-json\/wp\/v2\/types\/product"}],"replies":[{"embeddable":true,"href":"https:\/\/lifee.hu\/teszt\/wp-json\/wp\/v2\/comments?post=2339"}],"wp:featuredmedia":[{"embeddable":true,"href":"https:\/\/lifee.hu\/teszt\/wp-json\/wp\/v2\/media\/2436"}],"wp:attachment":[{"href":"https:\/\/lifee.hu\/teszt\/wp-json\/wp\/v2\/media?parent=2339"}],"wp:term":[{"taxonomy":"product_cat","embeddable":true,"href":"https:\/\/lifee.hu\/teszt\/wp-json\/wp\/v2\/product_cat?post=2339"},{"taxonomy":"product_tag","embeddable":true,"href":"https:\/\/lifee.hu\/teszt\/wp-json\/wp\/v2\/product_tag?post=2339"}],"curies":[{"name":"wp","href":"https:\/\/api.w.org\/{rel}","templated":true}]}}