{"id":2328,"date":"2024-02-17T22:19:29","date_gmt":"2024-02-17T21:19:29","guid":{"rendered":"https:\/\/lifee.hu\/teszt\/?post_type=product&#038;p=2328"},"modified":"2025-01-09T13:05:41","modified_gmt":"2025-01-09T12:05:41","slug":"boska-petit-marie-csokifondu","status":"publish","type":"product","link":"https:\/\/lifee.hu\/teszt\/termek\/boska-petit-marie-csokifondu\/","title":{"rendered":"BOSKA Petit Marie csokifond\u00fc 250 ml"},"content":{"rendered":"","protected":false},"excerpt":{"rendered":"<p style=\"font-weight: 400;\">Szeretsz \u00fagy igaz\u00e1n kom\u00f3tosan falatozni? Akkor szerezz be otthonra egy BOSKA Petit Marie csokifond\u00fct! A v\u00edzf\u00fcrd\u0151 (bain-marie) m\u00f3dszer\u00e9n alapul\u00f3 kialak\u00edt\u00e1snak k\u00f6sz\u00f6nhet\u0151en a bels\u0151 ed\u00e9nyben l\u00e9v\u0151 csokol\u00e1d\u00e9 \u00f3r\u00e1kig olvadt marad an\u00e9lk\u00fcl, hogy meg\u00e9gne \u00e9s keser\u0171v\u00e9 v\u00e1lna, meg\u0151rizve a 40-45 Celsius fokos h\u0151m\u00e9rs\u00e9klet\u00e9t a m\u00e9csesnek k\u00f6sz\u00f6nhet\u0151en, \u00edgy t\u00e9nyleg nem kell elkapkodni a romantikus vacsor\u00e1k \u00e9s a bar\u00e1ti \u00f6sszej\u00f6vetelek egyik f\u00e9nypontj\u00e1t, a csokifond\u00fct.<\/p>\n<p style=\"font-weight: 400;\">A k\u00e9szlet tartalma:<\/p>\n<ul>\n<li>250 ml-es fond\u00fct\u00e1l<\/li>\n<li>Ker\u00e1miat\u00e1l a v\u00edznek<\/li>\n<li>alum\u00ednium tart\u00f3 a melegen tart\u00e1shoz<\/li>\n<li>2 db fond\u00fcvilla<\/li>\n<\/ul>\n<p style=\"font-weight: 400;\">Figyelem! A kisebb fond\u00fct\u00e1l csak mikrohull\u00e1m\u00fa s\u00fct\u0151ben haszn\u00e1lhat\u00f3. Egy\u00e9b h\u0151forr\u00e1s \u2013 p\u00e9ld\u00e1ul indukci\u00f3s vagy elektromos s\u00fct\u0151 \u2013 eset\u00e9n c\u00e9lszer\u0171 egy\u00e9b ed\u00e9nyt haszn\u00e1lni az olvaszt\u00e1shoz. Mindk\u00e9t fond\u00fct\u00e1l mosogat\u00f3g\u00e9pben tiszt\u00edthat\u00f3.<\/p>\n<p style=\"font-weight: 400;\">Sz\u00edn: feh\u00e9r, barna<br \/>\nAnyag: ker\u00e1mia, alum\u00ednium<br \/>\nGarancia: 10 \u00e9v<br \/>\nM\u00e9ret: 120 mm x 115 mm x 1130 mm<br \/>\n\u00c1tm\u00e9r\u0151: 140 mm<br \/>\nS\u00faly: 680 gramm<br \/>\nMindk\u00e9t fond\u00fct\u00e1l mosogat\u00f3g\u00e9pben tiszt\u00edthat\u00f3.<\/p>\n","protected":false},"featured_media":2332,"comment_status":"open","ping_status":"closed","template":"","meta":{"_acf_changed":false,"inline_featured_image":false},"product_cat":[83,132],"product_tag":[73,191],"class_list":{"0":"post-2328","1":"product","2":"type-product","3":"status-publish","4":"has-post-thumbnail","6":"product_cat-csokimaniasoknak","7":"product_cat-vendegvaro","8":"product_tag-boska","9":"product_tag-csokifondu","10":"pa_marka-boska","12":"first","13":"outofstock","14":"taxable","15":"shipping-taxable","16":"purchasable","17":"product-type-simple"},"acf":[],"_links":{"self":[{"href":"https:\/\/lifee.hu\/teszt\/wp-json\/wp\/v2\/product\/2328","targetHints":{"allow":["GET"]}}],"collection":[{"href":"https:\/\/lifee.hu\/teszt\/wp-json\/wp\/v2\/product"}],"about":[{"href":"https:\/\/lifee.hu\/teszt\/wp-json\/wp\/v2\/types\/product"}],"replies":[{"embeddable":true,"href":"https:\/\/lifee.hu\/teszt\/wp-json\/wp\/v2\/comments?post=2328"}],"wp:featuredmedia":[{"embeddable":true,"href":"https:\/\/lifee.hu\/teszt\/wp-json\/wp\/v2\/media\/2332"}],"wp:attachment":[{"href":"https:\/\/lifee.hu\/teszt\/wp-json\/wp\/v2\/media?parent=2328"}],"wp:term":[{"taxonomy":"product_cat","embeddable":true,"href":"https:\/\/lifee.hu\/teszt\/wp-json\/wp\/v2\/product_cat?post=2328"},{"taxonomy":"product_tag","embeddable":true,"href":"https:\/\/lifee.hu\/teszt\/wp-json\/wp\/v2\/product_tag?post=2328"}],"curies":[{"name":"wp","href":"https:\/\/api.w.org\/{rel}","templated":true}]}}