{"id":2262,"date":"2024-02-16T22:43:00","date_gmt":"2024-02-16T21:43:00","guid":{"rendered":"https:\/\/lifee.hu\/teszt\/?post_type=product&#038;p=2262"},"modified":"2025-01-28T16:01:56","modified_gmt":"2025-01-28T15:01:56","slug":"boska-vajazokei-keszlet-copenhagen","status":"publish","type":"product","link":"https:\/\/lifee.hu\/teszt\/termek\/boska-vajazokei-keszlet-copenhagen\/","title":{"rendered":"BOSKA Copenhagen ken\u0151k\u00e9s-k\u00e9szlet"},"content":{"rendered":"","protected":false},"excerpt":{"rendered":"<p style=\"font-weight: 400;\">\u00c1ltal\u00e1ban a h\u00e9tk\u00f6znapi haszn\u00e1latban l\u00e9v\u0151 ev\u0151eszk\u00f6zk\u00e9szlet\u00fcnk k\u00e9seit haszn\u00e1ljuk ken\u00e9shez \u00e9s vajaz\u00e1shoz, pedig a gondos tervez\u00e9s\u0171 \u00e9s kialak\u00edt\u00e1s\u00fa k\u00e9sekkel egyszer\u0171bben \u00e9s eszt\u00e9tikusabban is kivitelezhet\u0151 ez a m\u0171velet. A BOSKA mini ken\u0151k\u00e9s\u00e9nek kell\u0151en lekerek\u00edtett \u00e9s sz\u00e9les lapj\u00e1r\u00f3l nem potyog le a sajtkr\u00e9m, a vaj \u00e9s a t\u00f6bbi kence, a finoms\u00e1gok pedig egyenletesen elegyengethet\u0151k vele a keny\u00e9ren, pir\u00edt\u00f3son.<\/p>\n<p style=\"font-weight: 400;\">A szett h\u00e1rom mini ken\u0151k\u00e9st tartalmaz, amelyek mindegyike \u00fcreges kialak\u00edt\u00e1s\u00fa, \u00edgy nagyon k\u00f6nny\u0171 \u2013 mind\u00f6ssze 24 gramm \u2013, rozsdamentes ac\u00e9l alapanyag\u00e1nak k\u00f6sz\u00f6nhet\u0151en pedig rendk\u00edv\u00fcl tart\u00f3s \u2013 nem v\u00e9letlen\u00fcl j\u00e1r hozz\u00e1 \u00e9letre sz\u00f3l\u00f3 gy\u00e1rt\u00f3i garancia.<\/p>\n<p style=\"font-weight: 400;\">Anyag: rozsdamentes ac\u00e9l<br \/>\nGarancia: \u00e9letre sz\u00f3l\u00f3<br \/>\nK\u00e9sek sz\u00e1ma: 3 db<br \/>\nM\u00e9ret: 130 mm x 18 mm x 10 mm<br \/>\nS\u00faly: 72 gramm<br \/>\nA k\u00e9sek mosogat\u00f3g\u00e9pben tiszt\u00edthat\u00f3k, h\u0171t\u0151be tehet\u0151k.<\/p>\n","protected":false},"featured_media":2263,"comment_status":"open","ping_status":"closed","template":"","meta":{"_acf_changed":false,"inline_featured_image":false},"product_cat":[62],"product_tag":[73,188],"class_list":{"0":"post-2262","1":"product","2":"type-product","3":"status-publish","4":"has-post-thumbnail","6":"product_cat-sajtimadoknak","7":"product_tag-boska","8":"product_tag-vajazokes","9":"pa_marka-boska","11":"first","12":"outofstock","13":"taxable","14":"shipping-taxable","15":"purchasable","16":"product-type-simple"},"acf":[],"_links":{"self":[{"href":"https:\/\/lifee.hu\/teszt\/wp-json\/wp\/v2\/product\/2262","targetHints":{"allow":["GET"]}}],"collection":[{"href":"https:\/\/lifee.hu\/teszt\/wp-json\/wp\/v2\/product"}],"about":[{"href":"https:\/\/lifee.hu\/teszt\/wp-json\/wp\/v2\/types\/product"}],"replies":[{"embeddable":true,"href":"https:\/\/lifee.hu\/teszt\/wp-json\/wp\/v2\/comments?post=2262"}],"wp:featuredmedia":[{"embeddable":true,"href":"https:\/\/lifee.hu\/teszt\/wp-json\/wp\/v2\/media\/2263"}],"wp:attachment":[{"href":"https:\/\/lifee.hu\/teszt\/wp-json\/wp\/v2\/media?parent=2262"}],"wp:term":[{"taxonomy":"product_cat","embeddable":true,"href":"https:\/\/lifee.hu\/teszt\/wp-json\/wp\/v2\/product_cat?post=2262"},{"taxonomy":"product_tag","embeddable":true,"href":"https:\/\/lifee.hu\/teszt\/wp-json\/wp\/v2\/product_tag?post=2262"}],"curies":[{"name":"wp","href":"https:\/\/api.w.org\/{rel}","templated":true}]}}