{"id":2243,"date":"2024-02-16T19:28:22","date_gmt":"2024-02-16T18:28:22","guid":{"rendered":"https:\/\/lifee.hu\/teszt\/?post_type=product&#038;p=2243"},"modified":"2025-01-07T22:14:20","modified_gmt":"2025-01-07T21:14:20","slug":"boska-sajtszeletelo-mini-monaco","status":"publish","type":"product","link":"https:\/\/lifee.hu\/teszt\/termek\/boska-sajtszeletelo-mini-monaco\/","title":{"rendered":"BOSKA Monaco+ mini sajtszeletel\u0151"},"content":{"rendered":"","protected":false},"excerpt":{"rendered":"<p style=\"font-weight: 400;\">A BOSKA az olasz konyha szerelmeseinek tal\u00e1lta ki a mini Monaco+ sajtszeletel\u0151t, amivel biztons\u00e1gosan szelhetsz \u00e9s forg\u00e1csolhatsz k\u00fcl\u00f6nb\u00f6z\u0151 sajtokat, m\u00e9g a legkem\u00e9nyebb f\u00e9l\u00e9ket is, p\u00e9ld\u00e1ul parmez\u00e1nt, Grana Padan\u00f3t vagy a Cheddart. Kompakt m\u00e9ret\u00e9b\u0151l ad\u00f3d\u00f3an teljesen k\u00e9zre esik, \u00edgy biztons\u00e1gosan haszn\u00e1lhatod, kialak\u00edt\u00e1s\u00e1nak k\u00f6sz\u00f6nhet\u0151en pedig nem tapadnak r\u00e1 a szeletk\u00e9k. A tiszt\u00edt\u00e1s\u00e1val sem kell bajl\u00f3dnod, hiszen rozsdamentes ac\u00e9lb\u00f3l k\u00e9sz\u00fclt, \u00edgy mosogat\u00f3g\u00e9pben is tiszt\u00edthat\u00f3.<\/p>\n<p style=\"font-weight: 400;\">Anyag: rozsdamentes ac\u00e9l<br \/>\nGarancia: \u00e9letre sz\u00f3l\u00f3<br \/>\nM\u00e9ret: 145 mm x 55 mm x 13 mm<br \/>\nS\u00faly: 52 gramm<br \/>\nA term\u00e9k mosogat\u00f3g\u00e9pben moshat\u00f3.<\/p>\n","protected":false},"featured_media":2249,"comment_status":"open","ping_status":"closed","template":"","meta":{"_acf_changed":false,"inline_featured_image":false},"product_cat":[62],"product_tag":[73,184,182],"class_list":{"0":"post-2243","1":"product","2":"type-product","3":"status-publish","4":"has-post-thumbnail","6":"product_cat-sajtimadoknak","7":"product_tag-boska","8":"product_tag-monaco","9":"product_tag-sajtszeletelo","10":"pa_marka-boska","12":"first","13":"instock","14":"taxable","15":"shipping-taxable","16":"purchasable","17":"product-type-simple"},"acf":[],"_links":{"self":[{"href":"https:\/\/lifee.hu\/teszt\/wp-json\/wp\/v2\/product\/2243","targetHints":{"allow":["GET"]}}],"collection":[{"href":"https:\/\/lifee.hu\/teszt\/wp-json\/wp\/v2\/product"}],"about":[{"href":"https:\/\/lifee.hu\/teszt\/wp-json\/wp\/v2\/types\/product"}],"replies":[{"embeddable":true,"href":"https:\/\/lifee.hu\/teszt\/wp-json\/wp\/v2\/comments?post=2243"}],"wp:featuredmedia":[{"embeddable":true,"href":"https:\/\/lifee.hu\/teszt\/wp-json\/wp\/v2\/media\/2249"}],"wp:attachment":[{"href":"https:\/\/lifee.hu\/teszt\/wp-json\/wp\/v2\/media?parent=2243"}],"wp:term":[{"taxonomy":"product_cat","embeddable":true,"href":"https:\/\/lifee.hu\/teszt\/wp-json\/wp\/v2\/product_cat?post=2243"},{"taxonomy":"product_tag","embeddable":true,"href":"https:\/\/lifee.hu\/teszt\/wp-json\/wp\/v2\/product_tag?post=2243"}],"curies":[{"name":"wp","href":"https:\/\/api.w.org\/{rel}","templated":true}]}}