{"id":2103,"date":"2023-10-30T05:40:09","date_gmt":"2023-10-30T04:40:09","guid":{"rendered":"https:\/\/lifee.hu\/teszt\/?post_type=product&#038;p=2103"},"modified":"2024-12-31T10:34:35","modified_gmt":"2024-12-31T09:34:35","slug":"karacsonyi-parnahuzat-xmas-40x60-cm","status":"publish","type":"product","link":"https:\/\/lifee.hu\/teszt\/termek\/karacsonyi-parnahuzat-xmas-40x60-cm\/","title":{"rendered":"Kar\u00e1csonyi p\u00e1rnahuzat, XMAS (40&#215;60 cm)"},"content":{"rendered":"","protected":false},"excerpt":{"rendered":"<div>\n<p><span class=\"y2iqfc\">K\u00e9sz\u00edtsd fel otthonod kar\u00e1csonyra ezzel a dekorat\u00edv XMAS felirat\u00fa p\u00e1rn\u00e1val! Remek\u00fcl mutat egy sz\u00e9p sz\u00e9ken, kanap\u00e9n vagy az \u00e1gyon. A p\u00e1rnahuzat gy\u00f6ny\u00f6r\u0171 vastag anyagb\u00f3l (pamut\/v\u00e1szon) k\u00e9sz\u00fclt.<\/span><\/p>\n<p><span class=\"y2iqfc\">M\u00e9rete: 40&#215;60 cm<br \/>\nAnyaga: 85% poli\u00e9szter, 15% pamut<br \/>\nTiszt\u00edt\u00e1s: 30 fokon moshat\u00f3 <\/span><span style=\"font-family: Consolas, Monaco, monospace;\">\u00a0<\/span><\/p>\n<\/div>\n","protected":false},"featured_media":2108,"comment_status":"open","ping_status":"closed","template":"","meta":{"_acf_changed":false,"inline_featured_image":false},"product_cat":[130,167],"product_tag":[152,171,173],"class_list":{"0":"post-2103","1":"product","2":"type-product","3":"status-publish","4":"has-post-thumbnail","6":"product_cat-dekoracio","7":"product_cat-karacsony","8":"product_tag-dekoracio","9":"product_tag-karacsony","10":"product_tag-textil","11":"pa_marka-huisje-van-sanne","13":"first","14":"instock","15":"taxable","16":"shipping-taxable","17":"purchasable","18":"product-type-simple"},"acf":[],"_links":{"self":[{"href":"https:\/\/lifee.hu\/teszt\/wp-json\/wp\/v2\/product\/2103","targetHints":{"allow":["GET"]}}],"collection":[{"href":"https:\/\/lifee.hu\/teszt\/wp-json\/wp\/v2\/product"}],"about":[{"href":"https:\/\/lifee.hu\/teszt\/wp-json\/wp\/v2\/types\/product"}],"replies":[{"embeddable":true,"href":"https:\/\/lifee.hu\/teszt\/wp-json\/wp\/v2\/comments?post=2103"}],"wp:featuredmedia":[{"embeddable":true,"href":"https:\/\/lifee.hu\/teszt\/wp-json\/wp\/v2\/media\/2108"}],"wp:attachment":[{"href":"https:\/\/lifee.hu\/teszt\/wp-json\/wp\/v2\/media?parent=2103"}],"wp:term":[{"taxonomy":"product_cat","embeddable":true,"href":"https:\/\/lifee.hu\/teszt\/wp-json\/wp\/v2\/product_cat?post=2103"},{"taxonomy":"product_tag","embeddable":true,"href":"https:\/\/lifee.hu\/teszt\/wp-json\/wp\/v2\/product_tag?post=2103"}],"curies":[{"name":"wp","href":"https:\/\/api.w.org\/{rel}","templated":true}]}}