{"id":2086,"date":"2023-10-30T05:11:51","date_gmt":"2023-10-30T04:11:51","guid":{"rendered":"https:\/\/lifee.hu\/teszt\/?post_type=product&#038;p=2086"},"modified":"2024-11-27T10:56:17","modified_gmt":"2024-11-27T09:56:17","slug":"karacsonyi-csillag-60-cm-es-feher-9-agu","status":"publish","type":"product","link":"https:\/\/lifee.hu\/teszt\/termek\/karacsonyi-csillag-60-cm-es-feher-9-agu\/","title":{"rendered":"Kar\u00e1csonyi csillag 60 cm-es, FEH\u00c9R (9 \u00e1g\u00fa)"},"content":{"rendered":"","protected":false},"excerpt":{"rendered":"<p>Hamarosan \u00fajra kar\u00e1csony, \u00edgy ezek a sz\u00e9p kar\u00e1csonyi kieg\u00e9sz\u00edt\u0151k sem hi\u00e1nyozhatnak az otthonodb\u00f3l! Teremts\u00e9l kar\u00e1csonyi hangulatot ezzel a szemet gy\u00f6ny\u00f6rk\u00f6dtet\u0151 feh\u00e9r, pap\u00edr kar\u00e1csonyi csillaggal. A csillag 60 cm magas, vastag pap\u00edrb\u00f3l k\u00e9sz\u00fclt, \u00e9s nagyszer\u0171en kombin\u00e1lhat\u00f3 a t\u00f6bbi kar\u00e1csonyi csillaggal \u00e9s m\u00e1s kar\u00e1csonyi d\u00edszekkel.<\/p>\n","protected":false},"featured_media":2089,"comment_status":"open","ping_status":"closed","template":"","meta":{"_acf_changed":false,"inline_featured_image":false},"product_cat":[130,167],"product_tag":[152,171],"class_list":{"0":"post-2086","1":"product","2":"type-product","3":"status-publish","4":"has-post-thumbnail","6":"product_cat-dekoracio","7":"product_cat-karacsony","8":"product_tag-dekoracio","9":"product_tag-karacsony","10":"pa_marka-huisje-van-sanne","12":"first","13":"instock","14":"taxable","15":"shipping-taxable","16":"purchasable","17":"product-type-simple"},"acf":[],"_links":{"self":[{"href":"https:\/\/lifee.hu\/teszt\/wp-json\/wp\/v2\/product\/2086","targetHints":{"allow":["GET"]}}],"collection":[{"href":"https:\/\/lifee.hu\/teszt\/wp-json\/wp\/v2\/product"}],"about":[{"href":"https:\/\/lifee.hu\/teszt\/wp-json\/wp\/v2\/types\/product"}],"replies":[{"embeddable":true,"href":"https:\/\/lifee.hu\/teszt\/wp-json\/wp\/v2\/comments?post=2086"}],"wp:featuredmedia":[{"embeddable":true,"href":"https:\/\/lifee.hu\/teszt\/wp-json\/wp\/v2\/media\/2089"}],"wp:attachment":[{"href":"https:\/\/lifee.hu\/teszt\/wp-json\/wp\/v2\/media?parent=2086"}],"wp:term":[{"taxonomy":"product_cat","embeddable":true,"href":"https:\/\/lifee.hu\/teszt\/wp-json\/wp\/v2\/product_cat?post=2086"},{"taxonomy":"product_tag","embeddable":true,"href":"https:\/\/lifee.hu\/teszt\/wp-json\/wp\/v2\/product_tag?post=2086"}],"curies":[{"name":"wp","href":"https:\/\/api.w.org\/{rel}","templated":true}]}}