{"id":2055,"date":"2023-10-29T20:52:53","date_gmt":"2023-10-29T19:52:53","guid":{"rendered":"https:\/\/lifee.hu\/teszt\/?post_type=product&#038;p=2055"},"modified":"2024-11-27T10:56:18","modified_gmt":"2024-11-27T09:56:18","slug":"karacsonyi-csillag-45-cm-es-fekete-7-agu","status":"publish","type":"product","link":"https:\/\/lifee.hu\/teszt\/termek\/karacsonyi-csillag-45-cm-es-fekete-7-agu\/","title":{"rendered":"Kar\u00e1csonyi csillag 45 cm-es, FEKETE (7 \u00e1g\u00fa)"},"content":{"rendered":"","protected":false},"excerpt":{"rendered":"<p style=\"font-weight: 400;\">\u00dajra j\u00f6nnek a boldog kar\u00e1csonyi napok, \u00edgy ezek a sz\u00e9p kar\u00e1csonyi kieg\u00e9sz\u00edt\u0151k sem maradhatnak el! Hozd el otthonodba a kar\u00e1csony hangulat\u00e1t ezzel a men\u0151 fekete, pap\u00edr kar\u00e1csonyi csillaggal. <span style=\"font-weight: 400;\">A csillag 45 cm magas, vastag pap\u00edrb\u00f3l k\u00e9sz\u00fclt, \u00e9s nagyszer\u0171en kombin\u00e1lhat\u00f3 a nagyobb kar\u00e1csonyi csillagokkal \u00e9s m\u00e1s kar\u00e1csonyi d\u00edszekkel<\/span><\/p>\n","protected":false},"featured_media":2056,"comment_status":"open","ping_status":"closed","template":"","meta":{"_acf_changed":false,"inline_featured_image":false},"product_cat":[130,167],"product_tag":[152,171],"class_list":{"0":"post-2055","1":"product","2":"type-product","3":"status-publish","4":"has-post-thumbnail","6":"product_cat-dekoracio","7":"product_cat-karacsony","8":"product_tag-dekoracio","9":"product_tag-karacsony","10":"pa_marka-huisje-van-sanne","12":"first","13":"instock","14":"taxable","15":"shipping-taxable","16":"purchasable","17":"product-type-simple"},"acf":[],"_links":{"self":[{"href":"https:\/\/lifee.hu\/teszt\/wp-json\/wp\/v2\/product\/2055","targetHints":{"allow":["GET"]}}],"collection":[{"href":"https:\/\/lifee.hu\/teszt\/wp-json\/wp\/v2\/product"}],"about":[{"href":"https:\/\/lifee.hu\/teszt\/wp-json\/wp\/v2\/types\/product"}],"replies":[{"embeddable":true,"href":"https:\/\/lifee.hu\/teszt\/wp-json\/wp\/v2\/comments?post=2055"}],"wp:featuredmedia":[{"embeddable":true,"href":"https:\/\/lifee.hu\/teszt\/wp-json\/wp\/v2\/media\/2056"}],"wp:attachment":[{"href":"https:\/\/lifee.hu\/teszt\/wp-json\/wp\/v2\/media?parent=2055"}],"wp:term":[{"taxonomy":"product_cat","embeddable":true,"href":"https:\/\/lifee.hu\/teszt\/wp-json\/wp\/v2\/product_cat?post=2055"},{"taxonomy":"product_tag","embeddable":true,"href":"https:\/\/lifee.hu\/teszt\/wp-json\/wp\/v2\/product_tag?post=2055"}],"curies":[{"name":"wp","href":"https:\/\/api.w.org\/{rel}","templated":true}]}}