{"id":1906,"date":"2023-10-26T14:43:27","date_gmt":"2023-10-26T12:43:27","guid":{"rendered":"https:\/\/lifee.hu\/teszt\/?post_type=product&#038;p=1906"},"modified":"2025-05-13T12:10:36","modified_gmt":"2025-05-13T10:10:36","slug":"dopper-rozsdamentes-acelkulacs-350-ml","status":"publish","type":"product","link":"https:\/\/lifee.hu\/teszt\/termek\/dopper-rozsdamentes-acelkulacs-350-ml\/","title":{"rendered":"DOPPER rozsdamentes ac\u00e9lkulacs (350 ml)"},"content":{"rendered":"<p style=\"font-weight: 400;\"><strong>M\u00e9retek:<\/strong><\/p>\n<ul>\n<li>\u0170rtartalom: 350 ml<\/li>\n<li>\u00c1tm\u00e9r\u0151: 6 cm<\/li>\n<li>Magass\u00e1g: 19 cm<\/li>\n<li>S\u00faly: 115 g<\/li>\n<\/ul>\n<p style=\"font-weight: 400;\"><strong>Anyagok:<\/strong><\/p>\n<ul>\n<li>18\/8 rozsdamentes ac\u00e9l (palack \u00e9s kupak)<\/li>\n<li>Tritan (poh\u00e1r)<\/li>\n<li>PP (kupak)<\/li>\n<li>Szilikon (t\u00f6m\u00edt\u0151gy\u0171r\u0171)<\/li>\n<li>BPA- \u00e9s k\u00e1rosanyag-mentes<\/li>\n<\/ul>\n","protected":false},"excerpt":{"rendered":"<p style=\"font-weight: 400;\"><strong>A t\u00f6k\u00e9letes 350 ml-es kulacs a k\u00f6vetkez\u0151 kalandodhoz<\/strong><\/p>\n<p style=\"font-weight: 400;\">Tulajdons\u00e1gok:<\/p>\n<ul>\n<li>A 115 grammos, 350 ml-es \u00fajrahaszn\u00e1lhat\u00f3 palack k\u00f6nnyebb, mint a telefonod<\/li>\n<li>Er\u0151s, strapab\u00edr\u00f3 rozsdamentes ac\u00e9lb\u00f3l k\u00e9sz\u00fclt (30%-ban \u00fajrahasznos\u00edtott ac\u00e9lb\u00f3l)<\/li>\n<li>Palack \u00e9s poh\u00e1r egyben<\/li>\n<li>3-r\u00e9szes kialak\u00edt\u00e1s: k\u00f6nny\u0171 megt\u00f6lteni, tiszt\u00edtani, t\u00e1rolni<\/li>\n<li>Mosogat\u00f3g\u00e9pben is tiszt\u00edthat\u00f3 65 Celsius-fokig<\/li>\n<li>Ne feledd: ez a palack nem termosz!<\/li>\n<\/ul>\n","protected":false},"featured_media":75021,"comment_status":"open","ping_status":"closed","template":"","meta":{"_acf_changed":false,"inline_featured_image":false},"product_cat":[49],"product_tag":[103,105],"class_list":{"0":"post-1906","1":"product","2":"type-product","3":"status-publish","4":"has-post-thumbnail","6":"product_cat-kulacs","7":"product_tag-dopper","8":"product_tag-kulacs","9":"pa_marka-dopper","10":"product_brand-dopper","12":"first","13":"instock","14":"taxable","15":"shipping-taxable","16":"purchasable","17":"product-type-simple"},"acf":[],"_links":{"self":[{"href":"https:\/\/lifee.hu\/teszt\/wp-json\/wp\/v2\/product\/1906","targetHints":{"allow":["GET"]}}],"collection":[{"href":"https:\/\/lifee.hu\/teszt\/wp-json\/wp\/v2\/product"}],"about":[{"href":"https:\/\/lifee.hu\/teszt\/wp-json\/wp\/v2\/types\/product"}],"replies":[{"embeddable":true,"href":"https:\/\/lifee.hu\/teszt\/wp-json\/wp\/v2\/comments?post=1906"}],"wp:featuredmedia":[{"embeddable":true,"href":"https:\/\/lifee.hu\/teszt\/wp-json\/wp\/v2\/media\/75021"}],"wp:attachment":[{"href":"https:\/\/lifee.hu\/teszt\/wp-json\/wp\/v2\/media?parent=1906"}],"wp:term":[{"taxonomy":"product_cat","embeddable":true,"href":"https:\/\/lifee.hu\/teszt\/wp-json\/wp\/v2\/product_cat?post=1906"},{"taxonomy":"product_tag","embeddable":true,"href":"https:\/\/lifee.hu\/teszt\/wp-json\/wp\/v2\/product_tag?post=1906"}],"curies":[{"name":"wp","href":"https:\/\/api.w.org\/{rel}","templated":true}]}}