{"id":1644,"date":"2023-06-11T19:25:11","date_gmt":"2023-06-11T17:25:11","guid":{"rendered":"https:\/\/lifee.hu\/teszt\/?post_type=product&#038;p=1644"},"modified":"2025-05-13T12:12:34","modified_gmt":"2025-05-13T10:12:34","slug":"deluxehomeart-taviranyito","status":"publish","type":"product","link":"https:\/\/lifee.hu\/teszt\/termek\/deluxehomeart-taviranyito\/","title":{"rendered":"DeluxeHomeart t\u00e1vir\u00e1ny\u00edt\u00f3"},"content":{"rendered":"","protected":false},"excerpt":{"rendered":"<p style=\"font-weight: 400;\">A DeluxeHomeart t\u00e1vir\u00e1ny\u00edt\u00f3 t\u00f6k\u00e9letes mindenki sz\u00e1m\u00e1ra, aki a k\u00e9nyelmes kanap\u00e9r\u00f3l szeretn\u00e9 meggy\u00fajtani DeluxeHomeart gyerty\u00e1j\u00e1t. Kompatibilis az \u00f6sszes DeluxeHomeart gyerty\u00e1val &#8211; belt\u00e9ri \u00e9s k\u00fclt\u00e9ri egyar\u00e1nt &#8211; \u00e9s egyszerre annyi gyerty\u00e1t vez\u00e9rel, amennyi van a helys\u00e9gben vagy a teraszon. 2, 4, 6 \u00e9s 8 \u00f3r\u00e1s id\u0151z\u00edt\u0151vel rendelkezik. Ez a t\u00e1vir\u00e1ny\u00edt\u00f3 eg\u00e9szen egyszer\u0171en megk\u00f6nny\u00edti az \u00e9letet.<\/p>\n<p>M\u00e9ret: 7 x 1 x 4 \u00a0cm<br \/>\nAnyag: m\u0171anyag<br \/>\nSz\u00edn: fekete<br \/>\nM\u0171k\u00f6d\u00e9s: 1 db CR2032 elem (tartoz\u00e9k)<\/p>\n","protected":false},"featured_media":1645,"comment_status":"open","ping_status":"closed","template":"","meta":{"_acf_changed":false,"inline_featured_image":false},"product_cat":[43,71],"product_tag":[156,158,160],"class_list":{"0":"post-1644","1":"product","2":"type-product","3":"status-publish","4":"has-post-thumbnail","6":"product_cat-gyertya","7":"product_cat-kulteri-gyertya","8":"product_tag-deluxehomeart","9":"product_tag-gyertya","10":"product_tag-led","11":"pa_marka-deluxehomeart","12":"product_brand-deluxehomeart","14":"first","15":"instock","16":"taxable","17":"shipping-taxable","18":"purchasable","19":"product-type-simple"},"acf":[],"_links":{"self":[{"href":"https:\/\/lifee.hu\/teszt\/wp-json\/wp\/v2\/product\/1644","targetHints":{"allow":["GET"]}}],"collection":[{"href":"https:\/\/lifee.hu\/teszt\/wp-json\/wp\/v2\/product"}],"about":[{"href":"https:\/\/lifee.hu\/teszt\/wp-json\/wp\/v2\/types\/product"}],"replies":[{"embeddable":true,"href":"https:\/\/lifee.hu\/teszt\/wp-json\/wp\/v2\/comments?post=1644"}],"wp:featuredmedia":[{"embeddable":true,"href":"https:\/\/lifee.hu\/teszt\/wp-json\/wp\/v2\/media\/1645"}],"wp:attachment":[{"href":"https:\/\/lifee.hu\/teszt\/wp-json\/wp\/v2\/media?parent=1644"}],"wp:term":[{"taxonomy":"product_cat","embeddable":true,"href":"https:\/\/lifee.hu\/teszt\/wp-json\/wp\/v2\/product_cat?post=1644"},{"taxonomy":"product_tag","embeddable":true,"href":"https:\/\/lifee.hu\/teszt\/wp-json\/wp\/v2\/product_tag?post=1644"}],"curies":[{"name":"wp","href":"https:\/\/api.w.org\/{rel}","templated":true}]}}