{"id":164,"date":"2023-04-25T11:45:59","date_gmt":"2023-04-25T09:45:59","guid":{"rendered":"https:\/\/lifee.hu\/teszt\/?post_type=product&#038;p=164"},"modified":"2025-02-11T15:12:24","modified_gmt":"2025-02-11T14:12:24","slug":"mini-copenhagen-sajtkes-keszlet","status":"publish","type":"product","link":"https:\/\/lifee.hu\/teszt\/termek\/mini-copenhagen-sajtkes-keszlet\/","title":{"rendered":"BOSKA Copenhagen mini sajtk\u00e9sk\u00e9szlet"},"content":{"rendered":"<ul>\n<li>K\u00e9szlet tartalma: 4 db sajtk\u00e9s<\/li>\n<li>Sz\u00edn: ez\u00fcst<\/li>\n<li>Anyag: rozsdamentes ac\u00e9l<\/li>\n<li>Garancia: 10 \u00e9v<\/li>\n<li>A term\u00e9k m\u00e9rete: 145 x 20 x 9 mm<\/li>\n<li>Csomagol\u00e1s: aj\u00e1nd\u00e9kdoboz<\/li>\n<li>A term\u00e9k m\u00e9rete csomagol\u00e1sban: 190 x 191 x 20 mm<\/li>\n<li>A term\u00e9k s\u00falya csomagol\u00e1sban: 159 gramm<\/li>\n<li>Tiszt\u00edt\u00e1s: mosogat\u00f3g\u00e9pben moshat\u00f3<\/li>\n<\/ul>\n","protected":false},"excerpt":{"rendered":"<div class=\"accordion__target\" data-collapsible-target=\"\">\n<div class=\"accordion__content\">\n<p>Egy komoly sajtt\u00e1lon v\u00e1logatott finoms\u00e1gok szerepelnek, amelyek j\u00f3csk\u00e1n elt\u00e9rhetnek karakter\u00fckben \u00e9s \u00e1llagukban \u2013 de a BOSKA mini sajtk\u00e9sk\u00e9szlet\u00e9vel b\u00e1rmilyen t\u00edpus\u00fa sajtot \u00edzl\u00e9sesen v\u00e1ghatsz, darabolhatsz \u00e9s kenhetsz. Az eleg\u00e1ns \u00e9s praktikus n\u00e9gydarabos k\u00e9szletben megfelel\u0151 eszk\u00f6zt tal\u00e1lsz a friss, a l\u00e1gy, a f\u00e9lkem\u00e9ny \u00e9s a kem\u00e9ny sajtokhoz egyar\u00e1nt. Szerezz be egy k\u00e9szletet otthonra, vagy lepd meg egy sajtim\u00e1d\u00f3 szerettedet ezzel a t\u00f6k\u00e9letes aj\u00e1nd\u00e9kkal!<\/p>\n<\/div>\n<\/div>\n","protected":false},"featured_media":555,"comment_status":"open","ping_status":"closed","template":"","meta":{"_acf_changed":false,"inline_featured_image":false},"product_cat":[35,62,33],"product_tag":[73,75],"class_list":{"0":"post-164","1":"product","2":"type-product","3":"status-publish","4":"has-post-thumbnail","6":"product_cat-kes","7":"product_cat-sajtimadoknak","8":"product_cat-sajtkes","9":"product_tag-boska","10":"product_tag-sajt","11":"pa_marka-boska","13":"first","14":"instock","15":"taxable","16":"shipping-taxable","17":"purchasable","18":"product-type-simple"},"acf":[],"_links":{"self":[{"href":"https:\/\/lifee.hu\/teszt\/wp-json\/wp\/v2\/product\/164","targetHints":{"allow":["GET"]}}],"collection":[{"href":"https:\/\/lifee.hu\/teszt\/wp-json\/wp\/v2\/product"}],"about":[{"href":"https:\/\/lifee.hu\/teszt\/wp-json\/wp\/v2\/types\/product"}],"replies":[{"embeddable":true,"href":"https:\/\/lifee.hu\/teszt\/wp-json\/wp\/v2\/comments?post=164"}],"wp:featuredmedia":[{"embeddable":true,"href":"https:\/\/lifee.hu\/teszt\/wp-json\/wp\/v2\/media\/555"}],"wp:attachment":[{"href":"https:\/\/lifee.hu\/teszt\/wp-json\/wp\/v2\/media?parent=164"}],"wp:term":[{"taxonomy":"product_cat","embeddable":true,"href":"https:\/\/lifee.hu\/teszt\/wp-json\/wp\/v2\/product_cat?post=164"},{"taxonomy":"product_tag","embeddable":true,"href":"https:\/\/lifee.hu\/teszt\/wp-json\/wp\/v2\/product_tag?post=164"}],"curies":[{"name":"wp","href":"https:\/\/api.w.org\/{rel}","templated":true}]}}