{"id":1616,"date":"2023-06-11T06:41:09","date_gmt":"2023-06-11T04:41:09","guid":{"rendered":"https:\/\/lifee.hu\/teszt\/?post_type=product&#038;p=1616"},"modified":"2025-05-13T12:07:44","modified_gmt":"2025-05-13T10:07:44","slug":"gusta-2-db-os-talalokeszlet","status":"publish","type":"product","link":"https:\/\/lifee.hu\/teszt\/termek\/gusta-2-db-os-talalokeszlet\/","title":{"rendered":"GUSTA 2 db-os t\u00e1lal\u00f3k\u00e9szlet"},"content":{"rendered":"","protected":false},"excerpt":{"rendered":"<p style=\"font-weight: 400;\">Szereted a praktikus holmikat, amelyek megk\u00f6nny\u00edtik a mindennapokat? A GUSTA k\u00e9szlet\u00e9ben az a legjobb, hogy nem kell a k\u00fcl\u00f6nf\u00e9le finoms\u00e1gokat vagy a m\u00e1rtogat\u00f3shoz val\u00f3 sz\u00f3szokat t\u00f6bb kis t\u00e1lk\u00e1ba tenned, hanem mindent \u00f6sszek\u00e9sz\u00edthetsz egyetlen t\u00e1lba \u2013 \u00edgy egy k\u00e9zben tartva is kedvedre nassolhatsz a kanap\u00e9n vagy a kedvenc foteledben \u00fcld\u00f6g\u00e9lve filmn\u00e9z\u00e9s k\u00f6zben. S\u0151t, ha van kisgyerek a csal\u00e1dban, az \u0151 kedvenc falatait is sz\u00e9pen elrendezheted a nagyobb t\u00e1lban \u00e9s a h\u00e1rom kisebb fakkban.<\/p>\n<p style=\"font-weight: 400;\">A k\u00e9szlet tartalma:<\/p>\n<ul>\n<li>1 m\u00e9lyebb fekete t\u00e1l<\/li>\n<li>1 levehet\u0151, osztott t\u00e1lka<\/li>\n<\/ul>\n<p style=\"font-weight: 400;\">Sz\u00edn: fekete, sz\u00fcrke<br \/>\nAnyag: BPS- \u00e9s melaminmentes bambusz-polimer kompozit<br \/>\nM\u00e9ret: 265 mm x 265 mm x 70 mm<br \/>\nA term\u00e9k mosogat\u00f3g\u00e9pben moshat\u00f3.<\/p>\n","protected":false},"featured_media":1617,"comment_status":"open","ping_status":"closed","template":"","meta":{"_acf_changed":false,"inline_featured_image":false},"product_cat":[58,39,132],"product_tag":[118,136,140],"class_list":{"0":"post-1616","1":"product","2":"type-product","3":"status-publish","4":"has-post-thumbnail","6":"product_cat-konyha","7":"product_cat-talalas","8":"product_cat-vendegvaro","9":"product_tag-gusta","10":"product_tag-talalas","11":"product_tag-vendegvaro","12":"pa_marka-gusta","13":"product_brand-gusta","15":"first","16":"instock","17":"taxable","18":"shipping-taxable","19":"purchasable","20":"product-type-simple"},"acf":[],"_links":{"self":[{"href":"https:\/\/lifee.hu\/teszt\/wp-json\/wp\/v2\/product\/1616","targetHints":{"allow":["GET"]}}],"collection":[{"href":"https:\/\/lifee.hu\/teszt\/wp-json\/wp\/v2\/product"}],"about":[{"href":"https:\/\/lifee.hu\/teszt\/wp-json\/wp\/v2\/types\/product"}],"replies":[{"embeddable":true,"href":"https:\/\/lifee.hu\/teszt\/wp-json\/wp\/v2\/comments?post=1616"}],"wp:featuredmedia":[{"embeddable":true,"href":"https:\/\/lifee.hu\/teszt\/wp-json\/wp\/v2\/media\/1617"}],"wp:attachment":[{"href":"https:\/\/lifee.hu\/teszt\/wp-json\/wp\/v2\/media?parent=1616"}],"wp:term":[{"taxonomy":"product_cat","embeddable":true,"href":"https:\/\/lifee.hu\/teszt\/wp-json\/wp\/v2\/product_cat?post=1616"},{"taxonomy":"product_tag","embeddable":true,"href":"https:\/\/lifee.hu\/teszt\/wp-json\/wp\/v2\/product_tag?post=1616"}],"curies":[{"name":"wp","href":"https:\/\/api.w.org\/{rel}","templated":true}]}}