{"id":1614,"date":"2023-06-10T22:31:20","date_gmt":"2023-06-10T20:31:20","guid":{"rendered":"https:\/\/lifee.hu\/teszt\/?post_type=product&#038;p=1614"},"modified":"2025-05-13T12:07:44","modified_gmt":"2025-05-13T10:07:44","slug":"gusta-bogre-250-ml-have-some-fun-feher","status":"publish","type":"product","link":"https:\/\/lifee.hu\/teszt\/termek\/gusta-bogre-250-ml-have-some-fun-feher\/","title":{"rendered":"GUSTA b\u00f6gre HAVE SOME FUN 250 ml, feh\u00e9r"},"content":{"rendered":"","protected":false},"excerpt":{"rendered":"<p style=\"font-weight: 400;\">Ha k\u00e1v\u00e9val ind\u00edtod a napot, v\u00e1laszd hozz\u00e1 a GUSTA pozit\u00edv id\u00e9zettel ell\u00e1tott b\u00f6gr\u00e9j\u00e9t, \u00edgy r\u00f6gt\u00f6n dupla lend\u00fcletet kaphatsz! Persze forr\u00f3 csokol\u00e1d\u00e9t, te\u00e1t, s\u0151t ak\u00e1r levest is kortyolgathatsz bel\u0151le, m\u00e9ghozz\u00e1 extra biztons\u00e1gosan, mert a hatalmas f\u00fclet k\u00e9nyelmesen \u00e9s er\u0151sen foghatod. Ha nem neked, hanem a p\u00e1rodnak vagy egy szerettednek van sz\u00fcks\u00e9ge egy kis biztat\u00e1sra, akkor lepd meg \u0151t a kedves, \u00f6szt\u00f6nz\u0151, figyelmes GUSTA-term\u00e9kkel \u2013 ezzel a felirattal m\u00e9g a b\u00f6gre sem sz\u00e1m\u00edt tucataj\u00e1nd\u00e9knak!<\/p>\n<p style=\"font-weight: 400;\">Sz\u00edn: feh\u00e9r<br \/>\nAnyag: cser\u00e9p<br \/>\nM\u00e9ret: \u00f8 8,5 cm x 8 cm, 250 ml<br \/>\nA term\u00e9k mosogat\u00f3g\u00e9pben moshat\u00f3.<\/p>\n","protected":false},"featured_media":1615,"comment_status":"open","ping_status":"closed","template":"","meta":{"_acf_changed":false,"inline_featured_image":false},"product_cat":[58],"product_tag":[142,118],"class_list":{"0":"post-1614","1":"product","2":"type-product","3":"status-publish","4":"has-post-thumbnail","6":"product_cat-konyha","7":"product_tag-bogre","8":"product_tag-gusta","9":"pa_marka-gusta","10":"product_brand-gusta","12":"first","13":"instock","14":"taxable","15":"shipping-taxable","16":"purchasable","17":"product-type-simple"},"acf":[],"_links":{"self":[{"href":"https:\/\/lifee.hu\/teszt\/wp-json\/wp\/v2\/product\/1614","targetHints":{"allow":["GET"]}}],"collection":[{"href":"https:\/\/lifee.hu\/teszt\/wp-json\/wp\/v2\/product"}],"about":[{"href":"https:\/\/lifee.hu\/teszt\/wp-json\/wp\/v2\/types\/product"}],"replies":[{"embeddable":true,"href":"https:\/\/lifee.hu\/teszt\/wp-json\/wp\/v2\/comments?post=1614"}],"wp:featuredmedia":[{"embeddable":true,"href":"https:\/\/lifee.hu\/teszt\/wp-json\/wp\/v2\/media\/1615"}],"wp:attachment":[{"href":"https:\/\/lifee.hu\/teszt\/wp-json\/wp\/v2\/media?parent=1614"}],"wp:term":[{"taxonomy":"product_cat","embeddable":true,"href":"https:\/\/lifee.hu\/teszt\/wp-json\/wp\/v2\/product_cat?post=1614"},{"taxonomy":"product_tag","embeddable":true,"href":"https:\/\/lifee.hu\/teszt\/wp-json\/wp\/v2\/product_tag?post=1614"}],"curies":[{"name":"wp","href":"https:\/\/api.w.org\/{rel}","templated":true}]}}