{"id":1608,"date":"2023-06-10T22:03:55","date_gmt":"2023-06-10T20:03:55","guid":{"rendered":"https:\/\/lifee.hu\/teszt\/?post_type=product&#038;p=1608"},"modified":"2025-05-13T12:07:44","modified_gmt":"2025-05-13T10:07:44","slug":"gusta-teaskeszlet-500-ml","status":"publish","type":"product","link":"https:\/\/lifee.hu\/teszt\/termek\/gusta-teaskeszlet-500-ml\/","title":{"rendered":"GUSTA te\u00e1sk\u00e9szlet, 500 ml"},"content":{"rendered":"","protected":false},"excerpt":{"rendered":"<p style=\"font-weight: 400;\">Mindenkinek van kedvenc cs\u00e9sz\u00e9je vagy b\u00f6gr\u00e9je, amib\u0151l a legsz\u00edvesebben kortyolgatja a sz\u00edvet-lelket melenget\u0151 te\u00e1t a h\u0171v\u00f6s, nyirkos napokon \u2013 \u00e9s ha egyszer a kezedben tartod a GUSTA praktikus \u00e9s ig\u00e9nyes term\u00e9k\u00e9t, garant\u00e1ltan azonnal a kedvencedd\u00e9 v\u00e1lik. A poh\u00e1rra t\u00f6k\u00e9letesen illeszked\u0151 f\u00fcles t\u00e1lk\u00e1ba b\u00e1rmit tehetsz: kekszet, s\u00fctem\u00e9nyt, citromot, kockacukrot vagy ak\u00e1r a teafiltert is. Ezzel a term\u00e9kkel m\u00e9g az egyhang\u00fa, lomha t\u00e9li napok is sz\u00ednesebben, vid\u00e1mabban telnek.<\/p>\n<p style=\"font-weight: 400;\">M\u00e9ret: 13 x 11,5 x 10,5 cm<br \/>\nAnyag: \u00fcveg<br \/>\nSz\u00edn: \u00e1tl\u00e1tsz\u00f3<\/p>\n","protected":false},"featured_media":1609,"comment_status":"open","ping_status":"closed","template":"","meta":{"_acf_changed":false,"inline_featured_image":false},"product_cat":[58,132],"product_tag":[118,154],"class_list":{"0":"post-1608","1":"product","2":"type-product","3":"status-publish","4":"has-post-thumbnail","6":"product_cat-konyha","7":"product_cat-vendegvaro","8":"product_tag-gusta","9":"product_tag-teaskeszlet","10":"pa_marka-gusta","11":"product_brand-gusta","13":"first","14":"instock","15":"taxable","16":"shipping-taxable","17":"purchasable","18":"product-type-simple"},"acf":[],"_links":{"self":[{"href":"https:\/\/lifee.hu\/teszt\/wp-json\/wp\/v2\/product\/1608","targetHints":{"allow":["GET"]}}],"collection":[{"href":"https:\/\/lifee.hu\/teszt\/wp-json\/wp\/v2\/product"}],"about":[{"href":"https:\/\/lifee.hu\/teszt\/wp-json\/wp\/v2\/types\/product"}],"replies":[{"embeddable":true,"href":"https:\/\/lifee.hu\/teszt\/wp-json\/wp\/v2\/comments?post=1608"}],"wp:featuredmedia":[{"embeddable":true,"href":"https:\/\/lifee.hu\/teszt\/wp-json\/wp\/v2\/media\/1609"}],"wp:attachment":[{"href":"https:\/\/lifee.hu\/teszt\/wp-json\/wp\/v2\/media?parent=1608"}],"wp:term":[{"taxonomy":"product_cat","embeddable":true,"href":"https:\/\/lifee.hu\/teszt\/wp-json\/wp\/v2\/product_cat?post=1608"},{"taxonomy":"product_tag","embeddable":true,"href":"https:\/\/lifee.hu\/teszt\/wp-json\/wp\/v2\/product_tag?post=1608"}],"curies":[{"name":"wp","href":"https:\/\/api.w.org\/{rel}","templated":true}]}}