{"id":1591,"date":"2023-06-09T22:24:46","date_gmt":"2023-06-09T20:24:46","guid":{"rendered":"https:\/\/lifee.hu\/teszt\/?post_type=product&#038;p=1591"},"modified":"2025-05-13T12:07:45","modified_gmt":"2025-05-13T10:07:45","slug":"gusta-dekoracios-mini-asztalkak-fekete-2db","status":"publish","type":"product","link":"https:\/\/lifee.hu\/teszt\/termek\/gusta-dekoracios-mini-asztalkak-fekete-2db\/","title":{"rendered":"GUSTA dekor\u00e1ci\u00f3s mini asztalk\u00e1k, fekete (2db)"},"content":{"rendered":"","protected":false},"excerpt":{"rendered":"<p style=\"font-weight: 400;\">Otthonunk hangulat\u00e1t alapvet\u0151en hat\u00e1rozza meg a dekor\u00e1ci\u00f3: az \u00f6tletes megold\u00e1sok, ig\u00e9nyes tervez\u00e9s\u0171 \u00e9s kivitelez\u00e9s\u0171 t\u00e1rgyak t\u00fckr\u00f6zik a szem\u00e9lyis\u00e9g\u00fcnket, st\u00edlusunkat, mik\u00f6zben kellemes mili\u0151t teremtenek. A GUSTA dekor\u00e1ci\u00f3s asztalk\u00e1ival m\u00e9g hangs\u00falyosabb\u00e1 tehetsz egy-egy kasp\u00f3s szoban\u00f6v\u00e9nyt, v\u00e1z\u00e1t, gyerty\u00e1t \u00e9s b\u00e1rmilyen nippet. Rendeld meg magadnak vagy aj\u00e1nd\u00e9kba ezt a letisztult, eleg\u00e1ns szettet!<\/p>\n<p style=\"font-weight: 400;\">M\u00e9ret: 12,5 cm \u00d7 12,5 cm \u00d7 13,5 cm \u2013 112 gr, 15x15x19 cm. \u2013 210 gr<br \/>\nAnyag: f\u00e9m<br \/>\nSz\u00edn: fekete<\/p>\n","protected":false},"featured_media":1592,"comment_status":"open","ping_status":"closed","template":"","meta":{"_acf_changed":false,"inline_featured_image":false},"product_cat":[130],"product_tag":[152,118],"class_list":{"0":"post-1591","1":"product","2":"type-product","3":"status-publish","4":"has-post-thumbnail","6":"product_cat-dekoracio","7":"product_tag-dekoracio","8":"product_tag-gusta","9":"pa_marka-gusta","10":"product_brand-gusta","12":"first","13":"instock","14":"taxable","15":"shipping-taxable","16":"purchasable","17":"product-type-simple"},"acf":[],"_links":{"self":[{"href":"https:\/\/lifee.hu\/teszt\/wp-json\/wp\/v2\/product\/1591","targetHints":{"allow":["GET"]}}],"collection":[{"href":"https:\/\/lifee.hu\/teszt\/wp-json\/wp\/v2\/product"}],"about":[{"href":"https:\/\/lifee.hu\/teszt\/wp-json\/wp\/v2\/types\/product"}],"replies":[{"embeddable":true,"href":"https:\/\/lifee.hu\/teszt\/wp-json\/wp\/v2\/comments?post=1591"}],"wp:featuredmedia":[{"embeddable":true,"href":"https:\/\/lifee.hu\/teszt\/wp-json\/wp\/v2\/media\/1592"}],"wp:attachment":[{"href":"https:\/\/lifee.hu\/teszt\/wp-json\/wp\/v2\/media?parent=1591"}],"wp:term":[{"taxonomy":"product_cat","embeddable":true,"href":"https:\/\/lifee.hu\/teszt\/wp-json\/wp\/v2\/product_cat?post=1591"},{"taxonomy":"product_tag","embeddable":true,"href":"https:\/\/lifee.hu\/teszt\/wp-json\/wp\/v2\/product_tag?post=1591"}],"curies":[{"name":"wp","href":"https:\/\/api.w.org\/{rel}","templated":true}]}}