{"id":1584,"date":"2023-06-08T22:05:20","date_gmt":"2023-06-08T20:05:20","guid":{"rendered":"https:\/\/lifee.hu\/teszt\/?post_type=product&#038;p=1584"},"modified":"2025-05-13T12:07:45","modified_gmt":"2025-05-13T10:07:45","slug":"gusta-5-db-os-kinalokeszlet-gyertyatarto","status":"publish","type":"product","link":"https:\/\/lifee.hu\/teszt\/termek\/gusta-5-db-os-kinalokeszlet-gyertyatarto\/","title":{"rendered":"GUSTA 5 db-os k\u00edn\u00e1l\u00f3k\u00e9szlet\/gyertyatart\u00f3"},"content":{"rendered":"","protected":false},"excerpt":{"rendered":"<p style=\"font-weight: 400; text-align: justify;\">A GUSTA t\u00f6bbfunkci\u00f3s k\u00e9szlet\u00e9t b\u00e1rmilyen bulin bevetheted: egyr\u00e9szt szuper eredeti m\u00f3don t\u00e1lalhatod fel benn\u00fck a vend\u00e9gv\u00e1r\u00f3 falatokat, legyen sz\u00f3 ropir\u00f3l, chipsr\u0151l, k\u00fcl\u00f6nf\u00e9le magvakr\u00f3l vagy m\u00e1rtogat\u00f3sr\u00f3l, m\u00e1sr\u00e9szt hangulatos m\u00e9csestart\u00f3nak is haszn\u00e1lhatod az egyes t\u00e1lk\u00e1k\u00e1t. A fekete t\u00e1lk\u00e1k \u00e9s a f\u00fcst\u00f6s poharak f\u00e9m tart\u00f3bal vannak, \u00edgy kimondottan stabilak \u00e9s biztons\u00e1gosak. A poharak \u00e9s a t\u00e1lk\u00e1k kivehet\u0151k a tart\u00f3b\u00f3l, mosogat\u00f3g\u00e9pben moshat\u00f3k.<\/p>\n<p style=\"font-weight: 400;\">M\u00e9ret: 35 cm x 12 cm x 10 cm<br \/>\nAnyag: f\u00e9m, \u00fcveg<br \/>\nSz\u00edn: fekete, \u00fcveg<br \/>\nA k\u00e9szlet mosogat\u00f3g\u00e9pben moshat\u00f3.<\/p>\n","protected":false},"featured_media":1585,"comment_status":"open","ping_status":"closed","template":"","meta":{"_acf_changed":false,"inline_featured_image":false},"product_cat":[130,58,39,132],"product_tag":[118,136,140],"class_list":{"0":"post-1584","1":"product","2":"type-product","3":"status-publish","4":"has-post-thumbnail","6":"product_cat-dekoracio","7":"product_cat-konyha","8":"product_cat-talalas","9":"product_cat-vendegvaro","10":"product_tag-gusta","11":"product_tag-talalas","12":"product_tag-vendegvaro","13":"pa_marka-gusta","14":"product_brand-gusta","16":"first","17":"instock","18":"taxable","19":"shipping-taxable","20":"purchasable","21":"product-type-simple"},"acf":[],"_links":{"self":[{"href":"https:\/\/lifee.hu\/teszt\/wp-json\/wp\/v2\/product\/1584","targetHints":{"allow":["GET"]}}],"collection":[{"href":"https:\/\/lifee.hu\/teszt\/wp-json\/wp\/v2\/product"}],"about":[{"href":"https:\/\/lifee.hu\/teszt\/wp-json\/wp\/v2\/types\/product"}],"replies":[{"embeddable":true,"href":"https:\/\/lifee.hu\/teszt\/wp-json\/wp\/v2\/comments?post=1584"}],"wp:featuredmedia":[{"embeddable":true,"href":"https:\/\/lifee.hu\/teszt\/wp-json\/wp\/v2\/media\/1585"}],"wp:attachment":[{"href":"https:\/\/lifee.hu\/teszt\/wp-json\/wp\/v2\/media?parent=1584"}],"wp:term":[{"taxonomy":"product_cat","embeddable":true,"href":"https:\/\/lifee.hu\/teszt\/wp-json\/wp\/v2\/product_cat?post=1584"},{"taxonomy":"product_tag","embeddable":true,"href":"https:\/\/lifee.hu\/teszt\/wp-json\/wp\/v2\/product_tag?post=1584"}],"curies":[{"name":"wp","href":"https:\/\/api.w.org\/{rel}","templated":true}]}}