{"id":1569,"date":"2023-06-08T15:59:33","date_gmt":"2023-06-08T13:59:33","guid":{"rendered":"https:\/\/lifee.hu\/teszt\/?post_type=product&#038;p=1569"},"modified":"2025-05-13T12:07:45","modified_gmt":"2025-05-13T10:07:45","slug":"gusta-martogatos-keramiatalkak-fekete-4-db","status":"publish","type":"product","link":"https:\/\/lifee.hu\/teszt\/termek\/gusta-martogatos-keramiatalkak-fekete-4-db\/","title":{"rendered":"GUSTA m\u00e1rtogat\u00f3s ker\u00e1miat\u00e1lk\u00e1k, fekete (4 db)"},"content":{"rendered":"","protected":false},"excerpt":{"rendered":"<p style=\"font-weight: 400;\">Megh\u00edvtad a bar\u00e1taidat egy kellemes besz\u00e9lget\u00e9sre, t\u00e1rsasoz\u00e1sra vagy filmn\u00e9z\u00e9sre? Akkor figyelmes h\u00e1zigazdak\u00e9nt bizony\u00e1ra finom falatokkal is k\u00e9sz\u00fclsz. Persze a legfontosabb, hogy minden friss \u00e9s \u00edzletes legyen, de kor\u00e1ntsem mindegy, hogyan t\u00e1lalod a r\u00e1gcs\u00e1lnival\u00f3t \u00e9s m\u00e1rtogat\u00f3st \u2013 szerv\u00edrozd a finoms\u00e1gokat a GUSTA ker\u00e1miak\u00e9szlet\u00e9ben, amiben minden sokkal gusztusosabb!<\/p>\n<p style=\"font-weight: 400;\">M\u00e9ret: 6,2 x 6,2 x 4 cm, 7 x 7 x 4 cm, 7 x 7 x 6,5 cm, 7,5 x 7,5 x 9 cm<br \/>\nAnyag: ker\u00e1mia<br \/>\nSz\u00edn: fekete<br \/>\nA ker\u00e1miat\u00e1lk\u00e1k mosogat\u00f3g\u00e9pben moshat\u00f3k.<\/p>\n","protected":false},"featured_media":1643,"comment_status":"open","ping_status":"closed","template":"","meta":{"_acf_changed":false,"inline_featured_image":false},"product_cat":[58,39,132],"product_tag":[118,136,140],"class_list":{"0":"post-1569","1":"product","2":"type-product","3":"status-publish","4":"has-post-thumbnail","6":"product_cat-konyha","7":"product_cat-talalas","8":"product_cat-vendegvaro","9":"product_tag-gusta","10":"product_tag-talalas","11":"product_tag-vendegvaro","12":"pa_marka-gusta","13":"product_brand-gusta","15":"first","16":"instock","17":"taxable","18":"shipping-taxable","19":"purchasable","20":"product-type-simple"},"acf":[],"_links":{"self":[{"href":"https:\/\/lifee.hu\/teszt\/wp-json\/wp\/v2\/product\/1569","targetHints":{"allow":["GET"]}}],"collection":[{"href":"https:\/\/lifee.hu\/teszt\/wp-json\/wp\/v2\/product"}],"about":[{"href":"https:\/\/lifee.hu\/teszt\/wp-json\/wp\/v2\/types\/product"}],"replies":[{"embeddable":true,"href":"https:\/\/lifee.hu\/teszt\/wp-json\/wp\/v2\/comments?post=1569"}],"wp:featuredmedia":[{"embeddable":true,"href":"https:\/\/lifee.hu\/teszt\/wp-json\/wp\/v2\/media\/1643"}],"wp:attachment":[{"href":"https:\/\/lifee.hu\/teszt\/wp-json\/wp\/v2\/media?parent=1569"}],"wp:term":[{"taxonomy":"product_cat","embeddable":true,"href":"https:\/\/lifee.hu\/teszt\/wp-json\/wp\/v2\/product_cat?post=1569"},{"taxonomy":"product_tag","embeddable":true,"href":"https:\/\/lifee.hu\/teszt\/wp-json\/wp\/v2\/product_tag?post=1569"}],"curies":[{"name":"wp","href":"https:\/\/api.w.org\/{rel}","templated":true}]}}