{"id":1554,"date":"2023-06-08T13:07:11","date_gmt":"2023-06-08T11:07:11","guid":{"rendered":"https:\/\/lifee.hu\/teszt\/?post_type=product&#038;p=1554"},"modified":"2025-05-13T12:07:45","modified_gmt":"2025-05-13T10:07:45","slug":"gusta-martogatos-keramiatalkak-fekete","status":"publish","type":"product","link":"https:\/\/lifee.hu\/teszt\/termek\/gusta-martogatos-keramiatalkak-fekete\/","title":{"rendered":"GUSTA m\u00e1rtogat\u00f3s ker\u00e1miat\u00e1lk\u00e1k, fekete (4 db)"},"content":{"rendered":"","protected":false},"excerpt":{"rendered":"<p style=\"font-weight: 400;\">Ha szerinted is fontos a sz\u00e9p, \u00edzl\u00e9ses t\u00e1lal\u00e1s, akkor a vend\u00e9gv\u00e1r\u00f3 r\u00e1gcs\u00e1lnival\u00f3k szerv\u00edroz\u00e1s\u00e1nak is add meg a m\u00f3dj\u00e1t! A GUSTA 3 + 1 darabb\u00f3l \u00e1ll\u00f3 k\u00e9szlete ide\u00e1lis v\u00e1laszt\u00e1s a m\u00e9lt\u00e1n n\u00e9pszer\u0171 m\u00e1rtogat\u00f3shoz: a 3 egyforma t\u00e1lk\u00e1ba mehetnek a k\u00fcl\u00f6nf\u00e9le sz\u00f3szok, m\u00e1rt\u00e1sok \u00e9s kr\u00e9mek, a t\u00e1lon pedig b\u0151ven elf\u00e9r egy nagyobb adag grissini, zellersz\u00e1r, s\u00e1rgar\u00e9pa. A szett nagy el\u0151nye, hogy s\u00fct\u0151ben \u00e9s mikrohull\u00e1m\u00fa s\u00fct\u0151ben is haszn\u00e1lhat\u00f3.<\/p>\n<p style=\"font-weight: 400;\">M\u00e9ret dobozban: 23 cm x 8 cm x 5,1 cm (HxSzxM)<br \/>\nAnyag: ker\u00e1mia<br \/>\nSz\u00edn: fekete<br \/>\nA mosogat\u00f3g\u00e9pben moshat\u00f3.<\/p>\n","protected":false},"featured_media":1555,"comment_status":"open","ping_status":"closed","template":"","meta":{"_acf_changed":false,"inline_featured_image":false},"product_cat":[58,39,132],"product_tag":[118,136,140],"class_list":{"0":"post-1554","1":"product","2":"type-product","3":"status-publish","4":"has-post-thumbnail","6":"product_cat-konyha","7":"product_cat-talalas","8":"product_cat-vendegvaro","9":"product_tag-gusta","10":"product_tag-talalas","11":"product_tag-vendegvaro","12":"pa_marka-gusta","13":"product_brand-gusta","15":"first","16":"instock","17":"taxable","18":"shipping-taxable","19":"purchasable","20":"product-type-simple"},"acf":[],"_links":{"self":[{"href":"https:\/\/lifee.hu\/teszt\/wp-json\/wp\/v2\/product\/1554","targetHints":{"allow":["GET"]}}],"collection":[{"href":"https:\/\/lifee.hu\/teszt\/wp-json\/wp\/v2\/product"}],"about":[{"href":"https:\/\/lifee.hu\/teszt\/wp-json\/wp\/v2\/types\/product"}],"replies":[{"embeddable":true,"href":"https:\/\/lifee.hu\/teszt\/wp-json\/wp\/v2\/comments?post=1554"}],"wp:featuredmedia":[{"embeddable":true,"href":"https:\/\/lifee.hu\/teszt\/wp-json\/wp\/v2\/media\/1555"}],"wp:attachment":[{"href":"https:\/\/lifee.hu\/teszt\/wp-json\/wp\/v2\/media?parent=1554"}],"wp:term":[{"taxonomy":"product_cat","embeddable":true,"href":"https:\/\/lifee.hu\/teszt\/wp-json\/wp\/v2\/product_cat?post=1554"},{"taxonomy":"product_tag","embeddable":true,"href":"https:\/\/lifee.hu\/teszt\/wp-json\/wp\/v2\/product_tag?post=1554"}],"curies":[{"name":"wp","href":"https:\/\/api.w.org\/{rel}","templated":true}]}}