{"id":1515,"date":"2023-06-05T17:55:49","date_gmt":"2023-06-05T15:55:49","guid":{"rendered":"https:\/\/lifee.hu\/teszt\/?post_type=product&#038;p=1515"},"modified":"2025-05-13T12:07:46","modified_gmt":"2025-05-13T10:07:46","slug":"gusta-diffuzor-vaza-500-ml-fekete","status":"publish","type":"product","link":"https:\/\/lifee.hu\/teszt\/termek\/gusta-diffuzor-vaza-500-ml-fekete\/","title":{"rendered":"GUSTA multi deco v\u00e1za \u00e9s gyertyatart\u00f3 500 ml, fekete"},"content":{"rendered":"","protected":false},"excerpt":{"rendered":"<p style=\"font-weight: 400;\">Feldobn\u00e1d a nappali hangulat\u00e1t egy csokornyi v\u00e1gott vir\u00e1ggal? Vagy j\u00f3 illat\u00fav\u00e1 var\u00e1zsoln\u00e1d a lak\u00e1st a vend\u00e9gek \u00e9rkez\u00e9sekor? Esetleg a p\u00e1roddal k\u00e9sz\u00fclsz elt\u00f6lteni egy romantikus, gyertyaf\u00e9nyes est\u00e9t? A GUSTA multideco term\u00e9ke minden alkalomra remek v\u00e1laszt\u00e1s, mivel tehetsz bele vir\u00e1got, p\u00e1lcik\u00e1s diff\u00fazort, de ak\u00e1r gyerty\u00e1t, m\u00e9csest is. Rendeld meg magadnak, vagy add aj\u00e1nd\u00e9kba, \u00e9s ny\u0171g\u00f6zz le vele egy sz\u00e1modra fontos szem\u00e9lyt!<\/p>\n<p style=\"font-weight: 400;\">M\u00e9ret: 20 cm x20 cm x28,5 cm<br \/>\nAnyag: \u00fcveg, ker\u00e1mia<br \/>\nSz\u00edn: fekete<br \/>\nTiszt\u00edt\u00e1s: k\u00e9zi mos\u00e1s aj\u00e1nlott<\/p>\n","protected":false},"featured_media":1520,"comment_status":"open","ping_status":"closed","template":"","meta":{"_acf_changed":false,"inline_featured_image":false},"product_cat":[130,43],"product_tag":[118,144,134],"class_list":{"0":"post-1515","1":"product","2":"type-product","3":"status-publish","4":"has-post-thumbnail","6":"product_cat-dekoracio","7":"product_cat-gyertya","8":"product_tag-gusta","9":"product_tag-gyertyatarto","10":"product_tag-vaza","11":"pa_marka-gusta","12":"product_brand-gusta","14":"first","15":"instock","16":"taxable","17":"shipping-taxable","18":"purchasable","19":"product-type-simple"},"acf":[],"_links":{"self":[{"href":"https:\/\/lifee.hu\/teszt\/wp-json\/wp\/v2\/product\/1515","targetHints":{"allow":["GET"]}}],"collection":[{"href":"https:\/\/lifee.hu\/teszt\/wp-json\/wp\/v2\/product"}],"about":[{"href":"https:\/\/lifee.hu\/teszt\/wp-json\/wp\/v2\/types\/product"}],"replies":[{"embeddable":true,"href":"https:\/\/lifee.hu\/teszt\/wp-json\/wp\/v2\/comments?post=1515"}],"wp:featuredmedia":[{"embeddable":true,"href":"https:\/\/lifee.hu\/teszt\/wp-json\/wp\/v2\/media\/1520"}],"wp:attachment":[{"href":"https:\/\/lifee.hu\/teszt\/wp-json\/wp\/v2\/media?parent=1515"}],"wp:term":[{"taxonomy":"product_cat","embeddable":true,"href":"https:\/\/lifee.hu\/teszt\/wp-json\/wp\/v2\/product_cat?post=1515"},{"taxonomy":"product_tag","embeddable":true,"href":"https:\/\/lifee.hu\/teszt\/wp-json\/wp\/v2\/product_tag?post=1515"}],"curies":[{"name":"wp","href":"https:\/\/api.w.org\/{rel}","templated":true}]}}