{"id":1435,"date":"2023-06-01T22:44:01","date_gmt":"2023-06-01T20:44:01","guid":{"rendered":"https:\/\/lifee.hu\/teszt\/?post_type=product&#038;p=1435"},"modified":"2025-05-13T12:07:46","modified_gmt":"2025-05-13T10:07:46","slug":"gusta-gyertya-mecsestarto-szurke","status":"publish","type":"product","link":"https:\/\/lifee.hu\/teszt\/termek\/gusta-gyertya-mecsestarto-szurke\/","title":{"rendered":"GUSTA gyertya\/m\u00e9csestart\u00f3, sz\u00fcrke"},"content":{"rendered":"","protected":false},"excerpt":{"rendered":"<p style=\"font-weight: 400;\">A m\u00e9csesek, gyerty\u00e1k l\u00e1ngja semmihez sem foghat\u00f3 hangulat megteremt\u00e9s\u00e9re k\u00e9pes, nem v\u00e9letlen\u00fcl telik egy romantikus vacsora vagy egy relax\u00e1l\u00f3, habos f\u00fcrd\u0151 gyertyaf\u00e9nyben. A GUSTA eleg\u00e1ns gyertya- \u00e9s m\u00e9csestart\u00f3ja a te otthonodb\u00f3l sem hi\u00e1nyozhat \u2013 \u00e9s csak rajtad m\u00falik, hogy egy sz\u00e1l gyerty\u00e1hoz vagy egy illatos team\u00e9cseshez haszn\u00e1lod. Szerezz be p\u00e1r darabot a webshopunkb\u00f3l!<\/p>\n<p style=\"font-weight: 400;\">M\u00e9ret: 10,5 cm x 15 cm<br \/>\nAnyag: \u00fcveg<br \/>\nSz\u00edn: sz\u00fcrke<br \/>\nTiszt\u00edt\u00e1s: k\u00e9zi mos\u00e1s aj\u00e1nlott<\/p>\n","protected":false},"featured_media":1436,"comment_status":"open","ping_status":"closed","template":"","meta":{"_acf_changed":false,"inline_featured_image":false},"product_cat":[130,43],"product_tag":[118,144,146],"class_list":{"0":"post-1435","1":"product","2":"type-product","3":"status-publish","4":"has-post-thumbnail","6":"product_cat-dekoracio","7":"product_cat-gyertya","8":"product_tag-gusta","9":"product_tag-gyertyatarto","10":"product_tag-lakasdekoracio","11":"pa_marka-gusta","12":"product_brand-gusta","14":"first","15":"instock","16":"taxable","17":"shipping-taxable","18":"purchasable","19":"product-type-simple"},"acf":[],"_links":{"self":[{"href":"https:\/\/lifee.hu\/teszt\/wp-json\/wp\/v2\/product\/1435","targetHints":{"allow":["GET"]}}],"collection":[{"href":"https:\/\/lifee.hu\/teszt\/wp-json\/wp\/v2\/product"}],"about":[{"href":"https:\/\/lifee.hu\/teszt\/wp-json\/wp\/v2\/types\/product"}],"replies":[{"embeddable":true,"href":"https:\/\/lifee.hu\/teszt\/wp-json\/wp\/v2\/comments?post=1435"}],"wp:featuredmedia":[{"embeddable":true,"href":"https:\/\/lifee.hu\/teszt\/wp-json\/wp\/v2\/media\/1436"}],"wp:attachment":[{"href":"https:\/\/lifee.hu\/teszt\/wp-json\/wp\/v2\/media?parent=1435"}],"wp:term":[{"taxonomy":"product_cat","embeddable":true,"href":"https:\/\/lifee.hu\/teszt\/wp-json\/wp\/v2\/product_cat?post=1435"},{"taxonomy":"product_tag","embeddable":true,"href":"https:\/\/lifee.hu\/teszt\/wp-json\/wp\/v2\/product_tag?post=1435"}],"curies":[{"name":"wp","href":"https:\/\/api.w.org\/{rel}","templated":true}]}}