{"id":1432,"date":"2023-06-01T21:47:21","date_gmt":"2023-06-01T19:47:21","guid":{"rendered":"https:\/\/lifee.hu\/teszt\/?post_type=product&#038;p=1432"},"modified":"2025-05-13T12:07:46","modified_gmt":"2025-05-13T10:07:46","slug":"gusta-bogre-2-db-220ml-szurke","status":"publish","type":"product","link":"https:\/\/lifee.hu\/teszt\/termek\/gusta-bogre-2-db-220ml-szurke\/","title":{"rendered":"GUSTA b\u00f6gre 220ml, sz\u00fcrke (2 db)"},"content":{"rendered":"","protected":false},"excerpt":{"rendered":"<p>Egy francia klasszikus modern Gusta kab\u00e1tban! A tipikus forma nagyon k\u00e9nyelmesen foghat\u00f3 \u00e9s egym\u00e1sba rakhat\u00f3. A matt vil\u00e1gossz\u00fcrke sz\u00edn l\u00e1gy tapint\u00e1st k\u00f6lcs\u00f6n\u00f6z ezeknek a finom b\u00f6gr\u00e9knek. S\u00fct\u0151ben \u00e9s mikrohull\u00e1m\u00fa s\u00fct\u0151ben is haszn\u00e1lhat\u00f3, mosogat\u00f3g\u00e9pben moshat\u00f3.<\/p>\n<p>M\u00e9ret: 7.5 cm (\u00e1tm\u00e9r\u0151), 9,5 cm (magass\u00e1g)<br \/>\nAnyag: cser\u00e9p<br \/>\nSz\u00edn: vil\u00e1gossz\u00fcrke<br \/>\nTiszt\u00edt\u00e1s: mosogat\u00f3g\u00e9pben moshat\u00f3<\/p>\n","protected":false},"featured_media":1433,"comment_status":"open","ping_status":"closed","template":"","meta":{"_acf_changed":false,"inline_featured_image":false},"product_cat":[58,39,132],"product_tag":[142,118],"class_list":{"0":"post-1432","1":"product","2":"type-product","3":"status-publish","4":"has-post-thumbnail","6":"product_cat-konyha","7":"product_cat-talalas","8":"product_cat-vendegvaro","9":"product_tag-bogre","10":"product_tag-gusta","11":"pa_marka-gusta","12":"product_brand-gusta","14":"first","15":"instock","16":"taxable","17":"shipping-taxable","18":"purchasable","19":"product-type-simple"},"acf":[],"_links":{"self":[{"href":"https:\/\/lifee.hu\/teszt\/wp-json\/wp\/v2\/product\/1432","targetHints":{"allow":["GET"]}}],"collection":[{"href":"https:\/\/lifee.hu\/teszt\/wp-json\/wp\/v2\/product"}],"about":[{"href":"https:\/\/lifee.hu\/teszt\/wp-json\/wp\/v2\/types\/product"}],"replies":[{"embeddable":true,"href":"https:\/\/lifee.hu\/teszt\/wp-json\/wp\/v2\/comments?post=1432"}],"wp:featuredmedia":[{"embeddable":true,"href":"https:\/\/lifee.hu\/teszt\/wp-json\/wp\/v2\/media\/1433"}],"wp:attachment":[{"href":"https:\/\/lifee.hu\/teszt\/wp-json\/wp\/v2\/media?parent=1432"}],"wp:term":[{"taxonomy":"product_cat","embeddable":true,"href":"https:\/\/lifee.hu\/teszt\/wp-json\/wp\/v2\/product_cat?post=1432"},{"taxonomy":"product_tag","embeddable":true,"href":"https:\/\/lifee.hu\/teszt\/wp-json\/wp\/v2\/product_tag?post=1432"}],"curies":[{"name":"wp","href":"https:\/\/api.w.org\/{rel}","templated":true}]}}