{"id":1426,"date":"2023-06-01T15:39:27","date_gmt":"2023-06-01T13:39:27","guid":{"rendered":"https:\/\/lifee.hu\/teszt\/?post_type=product&#038;p=1426"},"modified":"2025-05-13T12:07:46","modified_gmt":"2025-05-13T10:07:46","slug":"gusta-fem-bogretarto","status":"publish","type":"product","link":"https:\/\/lifee.hu\/teszt\/termek\/gusta-fem-bogretarto\/","title":{"rendered":"GUSTA f\u00e9m k\u00edn\u00e1l\u00f3\u00e1llv\u00e1ny\/b\u00f6gretart\u00f3, fekete"},"content":{"rendered":"","protected":false},"excerpt":{"rendered":"<div>\n<p>Tartsd a b\u00f6gr\u00e9ket k\u00f6nnyen el\u00e9rhet\u0151 helyen a pulton, ezen az eleg\u00e1ns GUSTA f\u00e9m b\u00f6gretart\u00f3n! A kecses, m\u00e9gis massz\u00edv \u00e1llv\u00e1ny k\u00f6nnyed\u00e9n elb\u00edr 3 b\u00f6gr\u00e9t, \u00edgy soha nem kell keresg\u00e9lned, mibe \u00f6ntsd a frissen lef\u0151tt k\u00e1v\u00e9t vagy a forr\u00f3 te\u00e1t. Kreat\u00edv megold\u00e1sk\u00e9nt olyan nassok t\u00e1lal\u00e1s\u00e1ra is haszn\u00e1lhatod, mint a ropi vagy a m\u00e1rtogat\u00f3shoz val\u00f3 z\u00f6lds\u00e9g, grissini.<\/p>\n<\/div>\n<div>\n<p>A karik\u00e1k \u00e1tm\u00e9r\u0151je 8 cm. A csomag nem tartalmazza a b\u00f6gr\u00e9ket.<\/p>\n<\/div>\n<div>\n<p>M\u00e9ret: talp \u00d8 18,5 cm, magass\u00e1g: 25,7 cm<br \/>\nAnyag: f\u00e9m<br \/>\nSz\u00edn: fekete<br \/>\nTiszt\u00edt\u00e1s: k\u00e9zi mosogat\u00e1s aj\u00e1nlott<\/p>\n<\/div>\n","protected":false},"featured_media":1427,"comment_status":"open","ping_status":"closed","template":"","meta":{"_acf_changed":false,"inline_featured_image":false},"product_cat":[58,39,132],"product_tag":[118,136,140],"class_list":{"0":"post-1426","1":"product","2":"type-product","3":"status-publish","4":"has-post-thumbnail","6":"product_cat-konyha","7":"product_cat-talalas","8":"product_cat-vendegvaro","9":"product_tag-gusta","10":"product_tag-talalas","11":"product_tag-vendegvaro","12":"pa_marka-gusta","13":"product_brand-gusta","15":"first","16":"instock","17":"taxable","18":"shipping-taxable","19":"purchasable","20":"product-type-simple"},"acf":[],"_links":{"self":[{"href":"https:\/\/lifee.hu\/teszt\/wp-json\/wp\/v2\/product\/1426","targetHints":{"allow":["GET"]}}],"collection":[{"href":"https:\/\/lifee.hu\/teszt\/wp-json\/wp\/v2\/product"}],"about":[{"href":"https:\/\/lifee.hu\/teszt\/wp-json\/wp\/v2\/types\/product"}],"replies":[{"embeddable":true,"href":"https:\/\/lifee.hu\/teszt\/wp-json\/wp\/v2\/comments?post=1426"}],"wp:featuredmedia":[{"embeddable":true,"href":"https:\/\/lifee.hu\/teszt\/wp-json\/wp\/v2\/media\/1427"}],"wp:attachment":[{"href":"https:\/\/lifee.hu\/teszt\/wp-json\/wp\/v2\/media?parent=1426"}],"wp:term":[{"taxonomy":"product_cat","embeddable":true,"href":"https:\/\/lifee.hu\/teszt\/wp-json\/wp\/v2\/product_cat?post=1426"},{"taxonomy":"product_tag","embeddable":true,"href":"https:\/\/lifee.hu\/teszt\/wp-json\/wp\/v2\/product_tag?post=1426"}],"curies":[{"name":"wp","href":"https:\/\/api.w.org\/{rel}","templated":true}]}}