{"id":1421,"date":"2023-06-01T15:15:19","date_gmt":"2023-06-01T13:15:19","guid":{"rendered":"https:\/\/lifee.hu\/teszt\/?post_type=product&#038;p=1421"},"modified":"2025-05-13T12:07:46","modified_gmt":"2025-05-13T10:07:46","slug":"gusta-bambusz-talalotal-fekete","status":"publish","type":"product","link":"https:\/\/lifee.hu\/teszt\/termek\/gusta-bambusz-talalotal-fekete\/","title":{"rendered":"GUSTA bambusz k\u00edn\u00e1l\u00f3t\u00e1l 29 cm, fekete"},"content":{"rendered":"","protected":false},"excerpt":{"rendered":"<div>\n<p>\u00d6tletes \u00e9s praktikus kialak\u00edt\u00e1s\u00fa, roppant eszt\u00e9tikus k\u00edn\u00e1l\u00f3t\u00e1l, amin a m\u00e1rtogat\u00f3s minden hozz\u00e1val\u00f3j\u00e1nak megvan a helye: k\u00edv\u00fcl elf\u00e9r a nagyobb adag chips, grissini, pir\u00edt\u00f3d \u00e9s egy\u00e9b ropogtatnival\u00f3, a k\u00f6zep\u00e9n pedig a mennyei sz\u00f3sz helyezhet\u0151 el egy kivehet\u0151 t\u00e1lk\u00e1ban. Ha sz\u00e1modra is elv\u00e1r\u00e1s, hogy az eszt\u00e9tikum \u00e9s a praktikum k\u00e9z a k\u00e9zben j\u00e1rjon, szerezd be webshopunkb\u00f3l a GUSTA \u00edzl\u00e9ses term\u00e9k\u00e9t!<\/p>\n<\/div>\n<div>\n<p>M\u00e9ret: \u00d8 29 cm, magass\u00e1g 6 cm<br \/>\nAnyag: bambusz<br \/>\nSz\u00edn: fekete, k\u00fcls\u0151 fel\u00fclete matt<br \/>\nTiszt\u00edt\u00e1s: nem szabad mosogat\u00f3g\u00e9pbe, s\u00fct\u0151be vagy mikrohull\u00e1m\u00fa s\u00fct\u0151be tenni<\/p>\n<\/div>\n","protected":false},"featured_media":1422,"comment_status":"open","ping_status":"closed","template":"","meta":{"_acf_changed":false,"inline_featured_image":false},"product_cat":[58,39,132],"product_tag":[118,136,140],"class_list":{"0":"post-1421","1":"product","2":"type-product","3":"status-publish","4":"has-post-thumbnail","6":"product_cat-konyha","7":"product_cat-talalas","8":"product_cat-vendegvaro","9":"product_tag-gusta","10":"product_tag-talalas","11":"product_tag-vendegvaro","12":"pa_marka-gusta","13":"product_brand-gusta","15":"first","16":"instock","17":"taxable","18":"shipping-taxable","19":"purchasable","20":"product-type-simple"},"acf":[],"_links":{"self":[{"href":"https:\/\/lifee.hu\/teszt\/wp-json\/wp\/v2\/product\/1421","targetHints":{"allow":["GET"]}}],"collection":[{"href":"https:\/\/lifee.hu\/teszt\/wp-json\/wp\/v2\/product"}],"about":[{"href":"https:\/\/lifee.hu\/teszt\/wp-json\/wp\/v2\/types\/product"}],"replies":[{"embeddable":true,"href":"https:\/\/lifee.hu\/teszt\/wp-json\/wp\/v2\/comments?post=1421"}],"wp:featuredmedia":[{"embeddable":true,"href":"https:\/\/lifee.hu\/teszt\/wp-json\/wp\/v2\/media\/1422"}],"wp:attachment":[{"href":"https:\/\/lifee.hu\/teszt\/wp-json\/wp\/v2\/media?parent=1421"}],"wp:term":[{"taxonomy":"product_cat","embeddable":true,"href":"https:\/\/lifee.hu\/teszt\/wp-json\/wp\/v2\/product_cat?post=1421"},{"taxonomy":"product_tag","embeddable":true,"href":"https:\/\/lifee.hu\/teszt\/wp-json\/wp\/v2\/product_tag?post=1421"}],"curies":[{"name":"wp","href":"https:\/\/api.w.org\/{rel}","templated":true}]}}