{"id":1413,"date":"2023-06-01T14:44:42","date_gmt":"2023-06-01T12:44:42","guid":{"rendered":"https:\/\/lifee.hu\/teszt\/?post_type=product&#038;p=1413"},"modified":"2025-05-13T12:07:47","modified_gmt":"2025-05-13T10:07:47","slug":"gusta-bambusz-talalotal-vilagosszurke","status":"publish","type":"product","link":"https:\/\/lifee.hu\/teszt\/termek\/gusta-bambusz-talalotal-vilagosszurke\/","title":{"rendered":"GUSTA bambusz k\u00edn\u00e1l\u00f3t\u00e1l 22 cm, vil\u00e1gossz\u00fcrke"},"content":{"rendered":"","protected":false},"excerpt":{"rendered":"<div>\n<p>Ak\u00e1r magadnak k\u00e9sz\u00edten\u00e9l el\u0151 finom falatokat a d\u00e9lut\u00e1ni olvasgat\u00e1shoz, esti filmn\u00e9z\u00e9shez, ak\u00e1r a bar\u00e1taidat k\u00e9nyeztetn\u00e9d \u00edzl\u00e9sesen t\u00e1lalt, mennyei finoms\u00e1gokkal, a GUSTA egyszerre ig\u00e9nyes \u00e9s praktikus bambuszt\u00e1lja mindig t\u00f6k\u00e9letes v\u00e1laszt\u00e1s a szerv\u00edroz\u00e1shoz. Szerezd be gyorsan a weshopunkb\u00f3l, \u00e9s avasd fel min\u00e9l el\u0151bb!<\/p>\n<\/div>\n<div>\n<p>M\u00e9ret: \u00d8 22 cm x 6 cm<br \/>\nAnyag: bambusz<br \/>\nSz\u00edn: vil\u00e1gossz\u00fcrke, k\u00fcls\u0151 fel\u00fclete matt<br \/>\nTiszt\u00edt\u00e1s: nem szabad mosogat\u00f3g\u00e9pbe, s\u00fct\u0151be vagy mikrohull\u00e1m\u00fa s\u00fct\u0151be tenni<\/p>\n<\/div>\n","protected":false},"featured_media":1425,"comment_status":"open","ping_status":"closed","template":"","meta":{"_acf_changed":false,"inline_featured_image":false},"product_cat":[58,39,132],"product_tag":[118,136,140],"class_list":{"0":"post-1413","1":"product","2":"type-product","3":"status-publish","4":"has-post-thumbnail","6":"product_cat-konyha","7":"product_cat-talalas","8":"product_cat-vendegvaro","9":"product_tag-gusta","10":"product_tag-talalas","11":"product_tag-vendegvaro","12":"pa_marka-gusta","13":"product_brand-gusta","15":"first","16":"instock","17":"taxable","18":"shipping-taxable","19":"purchasable","20":"product-type-simple"},"acf":[],"_links":{"self":[{"href":"https:\/\/lifee.hu\/teszt\/wp-json\/wp\/v2\/product\/1413","targetHints":{"allow":["GET"]}}],"collection":[{"href":"https:\/\/lifee.hu\/teszt\/wp-json\/wp\/v2\/product"}],"about":[{"href":"https:\/\/lifee.hu\/teszt\/wp-json\/wp\/v2\/types\/product"}],"replies":[{"embeddable":true,"href":"https:\/\/lifee.hu\/teszt\/wp-json\/wp\/v2\/comments?post=1413"}],"wp:featuredmedia":[{"embeddable":true,"href":"https:\/\/lifee.hu\/teszt\/wp-json\/wp\/v2\/media\/1425"}],"wp:attachment":[{"href":"https:\/\/lifee.hu\/teszt\/wp-json\/wp\/v2\/media?parent=1413"}],"wp:term":[{"taxonomy":"product_cat","embeddable":true,"href":"https:\/\/lifee.hu\/teszt\/wp-json\/wp\/v2\/product_cat?post=1413"},{"taxonomy":"product_tag","embeddable":true,"href":"https:\/\/lifee.hu\/teszt\/wp-json\/wp\/v2\/product_tag?post=1413"}],"curies":[{"name":"wp","href":"https:\/\/api.w.org\/{rel}","templated":true}]}}