{"id":1391,"date":"2023-06-01T13:30:13","date_gmt":"2023-06-01T11:30:13","guid":{"rendered":"https:\/\/lifee.hu\/teszt\/?post_type=product&#038;p=1391"},"modified":"2025-05-13T12:07:47","modified_gmt":"2025-05-13T10:07:47","slug":"gusta-kinaloallvany-kubus","status":"publish","type":"product","link":"https:\/\/lifee.hu\/teszt\/termek\/gusta-kinaloallvany-kubus\/","title":{"rendered":"GUSTA Kubus kin\u00e1l\u00f3\u00e1llv\u00e1ny"},"content":{"rendered":"<p>&nbsp;<\/p>\n<p>&nbsp;<\/p>\n","protected":false},"excerpt":{"rendered":"<p>Eleg\u00e1ns f\u00e9m k\u00edn\u00e1l\u00f3\u00e1llv\u00e1ny 3 kih\u00fazhat\u00f3 polccal \u00e9s tet\u0151vel, melynek seg\u00edts\u00e9g\u00e9vel k\u00fcl\u00f6nleges m\u00f3don tudod felk\u00edn\u00e1lni a finom falatokat a vend\u00e9geknek. Haszn\u00e1lhat\u00f3 torta\u00e1llv\u00e1nyk\u00e9nt \u00e9s tea\u00e1llv\u00e1nyk\u00e9nt is. A polcok ki- \u00e9s becs\u00fasztathat\u00f3k, \u00edgy k\u00f6nny\u0171 a t\u00e1rol\u00e1sa. Ennek a massz\u00edv \u00e1llv\u00e1nynak a legfels\u0151 r\u00e9sze is haszn\u00e1lhat\u00f3.<\/p>\n<p>M\u00e9ret: 21x21x21 cm<br \/>\nAnyag: fa (bambusz), f\u00e9m<br \/>\nSz\u00edn: fekete, sz\u00fcrke, fa<br \/>\nTiszt\u00edt\u00e1s: k\u00e9zi mosogat\u00e1s aj\u00e1nlott<\/p>\n","protected":false},"featured_media":1399,"comment_status":"open","ping_status":"closed","template":"","meta":{"_acf_changed":false,"inline_featured_image":false},"product_cat":[58,39,132],"product_tag":[118,136,140],"class_list":{"0":"post-1391","1":"product","2":"type-product","3":"status-publish","4":"has-post-thumbnail","6":"product_cat-konyha","7":"product_cat-talalas","8":"product_cat-vendegvaro","9":"product_tag-gusta","10":"product_tag-talalas","11":"product_tag-vendegvaro","12":"pa_marka-gusta","13":"product_brand-gusta","15":"first","16":"instock","17":"taxable","18":"shipping-taxable","19":"purchasable","20":"product-type-simple"},"acf":[],"_links":{"self":[{"href":"https:\/\/lifee.hu\/teszt\/wp-json\/wp\/v2\/product\/1391","targetHints":{"allow":["GET"]}}],"collection":[{"href":"https:\/\/lifee.hu\/teszt\/wp-json\/wp\/v2\/product"}],"about":[{"href":"https:\/\/lifee.hu\/teszt\/wp-json\/wp\/v2\/types\/product"}],"replies":[{"embeddable":true,"href":"https:\/\/lifee.hu\/teszt\/wp-json\/wp\/v2\/comments?post=1391"}],"wp:featuredmedia":[{"embeddable":true,"href":"https:\/\/lifee.hu\/teszt\/wp-json\/wp\/v2\/media\/1399"}],"wp:attachment":[{"href":"https:\/\/lifee.hu\/teszt\/wp-json\/wp\/v2\/media?parent=1391"}],"wp:term":[{"taxonomy":"product_cat","embeddable":true,"href":"https:\/\/lifee.hu\/teszt\/wp-json\/wp\/v2\/product_cat?post=1391"},{"taxonomy":"product_tag","embeddable":true,"href":"https:\/\/lifee.hu\/teszt\/wp-json\/wp\/v2\/product_tag?post=1391"}],"curies":[{"name":"wp","href":"https:\/\/api.w.org\/{rel}","templated":true}]}}